{"id":5302,"date":"2026-04-08T12:08:42","date_gmt":"2026-04-08T10:08:42","guid":{"rendered":"https:\/\/assmgym.saintmedardasso.fr\/?page_id=5302"},"modified":"2026-04-08T12:13:20","modified_gmt":"2026-04-08T10:13:20","slug":"la-chasse-aux-oeufs-avril-2026","status":"publish","type":"page","link":"https:\/\/assmgym.saintmedardasso.fr\/?page_id=5302","title":{"rendered":"La chasse aux oeufs &#8211; Avril 2026"},"content":{"rendered":"\n<div class=\"wp-block-columns\">\n<div class=\"wp-block-column\">\n<figure class=\"wp-block-image size-large\"><a href=\"https:\/\/assmgym.saintmedardasso.fr\/wp-content\/uploads\/2026\/04\/IMG-20260403-WA0004.jpg\"><img loading=\"lazy\" width=\"768\" height=\"1024\" src=\"https:\/\/assmgym.saintmedardasso.fr\/wp-content\/uploads\/2026\/04\/IMG-20260403-WA0004-768x1024.jpg\" alt=\"\" class=\"wp-image-5303\" srcset=\"https:\/\/assmgym.saintmedardasso.fr\/wp-content\/uploads\/2026\/04\/IMG-20260403-WA0004-768x1024.jpg 768w, https:\/\/assmgym.saintmedardasso.fr\/wp-content\/uploads\/2026\/04\/IMG-20260403-WA0004-225x300.jpg 225w, https:\/\/assmgym.saintmedardasso.fr\/wp-content\/uploads\/2026\/04\/IMG-20260403-WA0004-1152x1536.jpg 1152w, https:\/\/assmgym.saintmedardasso.fr\/wp-content\/uploads\/2026\/04\/IMG-20260403-WA0004-900x1200.jpg 900w, https:\/\/assmgym.saintmedardasso.fr\/wp-content\/uploads\/2026\/04\/IMG-20260403-WA0004.jpg 1200w\" sizes=\"(max-width: 768px) 100vw, 768px\" \/><\/a><\/figure>\n<\/div>\n\n\n\n<div class=\"wp-block-column\">\n<figure class=\"wp-block-image size-large\"><a href=\"https:\/\/assmgym.saintmedardasso.fr\/wp-content\/uploads\/2026\/04\/IMG-20260403-WA0008.jpg\"><img loading=\"lazy\" width=\"768\" height=\"1024\" src=\"https:\/\/assmgym.saintmedardasso.fr\/wp-content\/uploads\/2026\/04\/IMG-20260403-WA0008-768x1024.jpg\" alt=\"\" class=\"wp-image-5304\" srcset=\"https:\/\/assmgym.saintmedardasso.fr\/wp-content\/uploads\/2026\/04\/IMG-20260403-WA0008-768x1024.jpg 768w, https:\/\/assmgym.saintmedardasso.fr\/wp-content\/uploads\/2026\/04\/IMG-20260403-WA0008-225x300.jpg 225w, https:\/\/assmgym.saintmedardasso.fr\/wp-content\/uploads\/2026\/04\/IMG-20260403-WA0008-1152x1536.jpg 1152w, https:\/\/assmgym.saintmedardasso.fr\/wp-content\/uploads\/2026\/04\/IMG-20260403-WA0008-900x1200.jpg 900w, https:\/\/assmgym.saintmedardasso.fr\/wp-content\/uploads\/2026\/04\/IMG-20260403-WA0008.jpg 1200w\" sizes=\"(max-width: 768px) 100vw, 768px\" \/><\/a><\/figure>\n<\/div>\n\n\n\n<div class=\"wp-block-column\">\n<figure class=\"wp-block-image size-large\"><a href=\"https:\/\/assmgym.saintmedardasso.fr\/wp-content\/uploads\/2026\/04\/IMG-20260403-WA0006.jpg\"><img loading=\"lazy\" width=\"768\" height=\"1024\" src=\"https:\/\/assmgym.saintmedardasso.fr\/wp-content\/uploads\/2026\/04\/IMG-20260403-WA0006-768x1024.jpg\" alt=\"\" class=\"wp-image-5305\" srcset=\"https:\/\/assmgym.saintmedardasso.fr\/wp-content\/uploads\/2026\/04\/IMG-20260403-WA0006-768x1024.jpg 768w, https:\/\/assmgym.saintmedardasso.fr\/wp-content\/uploads\/2026\/04\/IMG-20260403-WA0006-225x300.jpg 225w, https:\/\/assmgym.saintmedardasso.fr\/wp-content\/uploads\/2026\/04\/IMG-20260403-WA0006-1152x1536.jpg 1152w, https:\/\/assmgym.saintmedardasso.fr\/wp-content\/uploads\/2026\/04\/IMG-20260403-WA0006-900x1200.jpg 900w, https:\/\/assmgym.saintmedardasso.fr\/wp-content\/uploads\/2026\/04\/IMG-20260403-WA0006.jpg 1200w\" sizes=\"(max-width: 768px) 100vw, 768px\" \/><\/a><\/figure>\n<\/div>\n<\/div>\n\n\n\n<div class=\"wp-block-columns\">\n<div class=\"wp-block-column\">\n<figure class=\"wp-block-image size-large\"><a href=\"https:\/\/assmgym.saintmedardasso.fr\/wp-content\/uploads\/2026\/04\/IMG-20260403-WA0005.jpg\"><img loading=\"lazy\" width=\"768\" height=\"1024\" src=\"https:\/\/assmgym.saintmedardasso.fr\/wp-content\/uploads\/2026\/04\/IMG-20260403-WA0005-768x1024.jpg\" alt=\"\" class=\"wp-image-5306\" srcset=\"https:\/\/assmgym.saintmedardasso.fr\/wp-content\/uploads\/2026\/04\/IMG-20260403-WA0005-768x1024.jpg 768w, https:\/\/assmgym.saintmedardasso.fr\/wp-content\/uploads\/2026\/04\/IMG-20260403-WA0005-225x300.jpg 225w, https:\/\/assmgym.saintmedardasso.fr\/wp-content\/uploads\/2026\/04\/IMG-20260403-WA0005-1152x1536.jpg 1152w, https:\/\/assmgym.saintmedardasso.fr\/wp-content\/uploads\/2026\/04\/IMG-20260403-WA0005-900x1200.jpg 900w, https:\/\/assmgym.saintmedardasso.fr\/wp-content\/uploads\/2026\/04\/IMG-20260403-WA0005.jpg 1200w\" sizes=\"(max-width: 768px) 100vw, 768px\" \/><\/a><\/figure>\n<\/div>\n\n\n\n<div class=\"wp-block-column\">\n<figure class=\"wp-block-image size-large\"><a href=\"https:\/\/assmgym.saintmedardasso.fr\/wp-content\/uploads\/2026\/04\/IMG-20260403-WA0003.jpg\"><img loading=\"lazy\" width=\"768\" height=\"1024\" src=\"https:\/\/assmgym.saintmedardasso.fr\/wp-content\/uploads\/2026\/04\/IMG-20260403-WA0003-768x1024.jpg\" alt=\"\" class=\"wp-image-5307\" srcset=\"https:\/\/assmgym.saintmedardasso.fr\/wp-content\/uploads\/2026\/04\/IMG-20260403-WA0003-768x1024.jpg 768w, https:\/\/assmgym.saintmedardasso.fr\/wp-content\/uploads\/2026\/04\/IMG-20260403-WA0003-225x300.jpg 225w, https:\/\/assmgym.saintmedardasso.fr\/wp-content\/uploads\/2026\/04\/IMG-20260403-WA0003-1152x1536.jpg 1152w, https:\/\/assmgym.saintmedardasso.fr\/wp-content\/uploads\/2026\/04\/IMG-20260403-WA0003-900x1200.jpg 900w, https:\/\/assmgym.saintmedardasso.fr\/wp-content\/uploads\/2026\/04\/IMG-20260403-WA0003.jpg 1200w\" sizes=\"(max-width: 768px) 100vw, 768px\" \/><\/a><\/figure>\n<\/div>\n\n\n\n<div class=\"wp-block-column\">\n<figure class=\"wp-block-image size-large\"><a href=\"http:\/\/assmgym.saintmedardasso.fr\/wp-content\/uploads\/2026\/04\/IMG-20260403-WA0007.jpg\"><img loading=\"lazy\" width=\"768\" height=\"1024\" src=\"http:\/\/assmgym.saintmedardasso.fr\/wp-content\/uploads\/2026\/04\/IMG-20260403-WA0007-768x1024.jpg\" alt=\"\" class=\"wp-image-5309\" srcset=\"https:\/\/assmgym.saintmedardasso.fr\/wp-content\/uploads\/2026\/04\/IMG-20260403-WA0007-768x1024.jpg 768w, https:\/\/assmgym.saintmedardasso.fr\/wp-content\/uploads\/2026\/04\/IMG-20260403-WA0007-225x300.jpg 225w, https:\/\/assmgym.saintmedardasso.fr\/wp-content\/uploads\/2026\/04\/IMG-20260403-WA0007-1152x1536.jpg 1152w, https:\/\/assmgym.saintmedardasso.fr\/wp-content\/uploads\/2026\/04\/IMG-20260403-WA0007-900x1200.jpg 900w, https:\/\/assmgym.saintmedardasso.fr\/wp-content\/uploads\/2026\/04\/IMG-20260403-WA0007.jpg 1200w\" sizes=\"(max-width: 768px) 100vw, 768px\" \/><\/a><\/figure>\n<\/div>\n<\/div>\n\n\n\n<div class=\"wp-block-columns\">\n<div class=\"wp-block-column\" style=\"flex-basis:66.66%\">\n<figure class=\"wp-block-image size-large is-style-rounded\"><a href=\"http:\/\/assmgym.saintmedardasso.fr\/wp-content\/uploads\/2026\/04\/IMG-20260403-WA0001.jpg\"><img loading=\"lazy\" width=\"768\" height=\"1024\" src=\"http:\/\/assmgym.saintmedardasso.fr\/wp-content\/uploads\/2026\/04\/IMG-20260403-WA0001-768x1024.jpg\" alt=\"\" class=\"wp-image-5308\" srcset=\"https:\/\/assmgym.saintmedardasso.fr\/wp-content\/uploads\/2026\/04\/IMG-20260403-WA0001-768x1024.jpg 768w, https:\/\/assmgym.saintmedardasso.fr\/wp-content\/uploads\/2026\/04\/IMG-20260403-WA0001-225x300.jpg 225w, https:\/\/assmgym.saintmedardasso.fr\/wp-content\/uploads\/2026\/04\/IMG-20260403-WA0001-1152x1536.jpg 1152w, https:\/\/assmgym.saintmedardasso.fr\/wp-content\/uploads\/2026\/04\/IMG-20260403-WA0001-900x1200.jpg 900w, https:\/\/assmgym.saintmedardasso.fr\/wp-content\/uploads\/2026\/04\/IMG-20260403-WA0001.jpg 1200w\" sizes=\"(max-width: 768px) 100vw, 768px\" \/><\/a><\/figure>\n<\/div>\n\n\n\n<div class=\"wp-block-column\" style=\"flex-basis:33.33%\">\n<figure class=\"wp-block-image size-large\"><a href=\"https:\/\/assmgym.saintmedardasso.fr\/wp-content\/uploads\/2026\/04\/IMG-20260403-WA0002.jpg\"><img loading=\"lazy\" width=\"768\" height=\"1024\" src=\"https:\/\/assmgym.saintmedardasso.fr\/wp-content\/uploads\/2026\/04\/IMG-20260403-WA0002-768x1024.jpg\" alt=\"\" class=\"wp-image-5310\" srcset=\"https:\/\/assmgym.saintmedardasso.fr\/wp-content\/uploads\/2026\/04\/IMG-20260403-WA0002-768x1024.jpg 768w, https:\/\/assmgym.saintmedardasso.fr\/wp-content\/uploads\/2026\/04\/IMG-20260403-WA0002-225x300.jpg 225w, https:\/\/assmgym.saintmedardasso.fr\/wp-content\/uploads\/2026\/04\/IMG-20260403-WA0002-1152x1536.jpg 1152w, https:\/\/assmgym.saintmedardasso.fr\/wp-content\/uploads\/2026\/04\/IMG-20260403-WA0002-900x1200.jpg 900w, https:\/\/assmgym.saintmedardasso.fr\/wp-content\/uploads\/2026\/04\/IMG-20260403-WA0002.jpg 1200w\" sizes=\"(max-width: 768px) 100vw, 768px\" \/><\/a><figcaption><br \/>Pas de chocolat sans effort !<br \/>Nos petits gymnastes ont d\u00fb parcourir la salle de gymnastique et se faufiler entre les modules de mousse pour trouver les oeufs en chocolat.<br \/>Bravo \u00e0 tous nos petits lapins gymnastes.<br \/>Et surtout un grand merci \u00e0 St\u00e9phanie pour l\u2019organisation de cet \u00e9v\u00e8nement qui a laiss\u00e9 \u00e0 nos petits, ainsi qu\u2019\u00e0 leurs parents, des sourires jusqu\u2019aux oreilles et des pr\u00e9cieux souvenirs.<\/figcaption><\/figure>\n<\/div>\n<\/div>\n\n\n\n<p><\/p>\n","protected":false},"excerpt":{"rendered":"","protected":false},"author":2,"featured_media":0,"parent":0,"menu_order":0,"comment_status":"closed","ping_status":"closed","template":"","meta":{"ngg_post_thumbnail":0},"_links":{"self":[{"href":"https:\/\/assmgym.saintmedardasso.fr\/index.php?rest_route=\/wp\/v2\/pages\/5302"}],"collection":[{"href":"https:\/\/assmgym.saintmedardasso.fr\/index.php?rest_route=\/wp\/v2\/pages"}],"about":[{"href":"https:\/\/assmgym.saintmedardasso.fr\/index.php?rest_route=\/wp\/v2\/types\/page"}],"author":[{"embeddable":true,"href":"https:\/\/assmgym.saintmedardasso.fr\/index.php?rest_route=\/wp\/v2\/users\/2"}],"replies":[{"embeddable":true,"href":"https:\/\/assmgym.saintmedardasso.fr\/index.php?rest_route=%2Fwp%2Fv2%2Fcomments&post=5302"}],"version-history":[{"count":1,"href":"https:\/\/assmgym.saintmedardasso.fr\/index.php?rest_route=\/wp\/v2\/pages\/5302\/revisions"}],"predecessor-version":[{"id":5312,"href":"https:\/\/assmgym.saintmedardasso.fr\/index.php?rest_route=\/wp\/v2\/pages\/5302\/revisions\/5312"}],"wp:attachment":[{"href":"https:\/\/assmgym.saintmedardasso.fr\/index.php?rest_route=%2Fwp%2Fv2%2Fmedia&parent=5302"}],"curies":[{"name":"wp","href":"https:\/\/api.w.org\/{rel}","templated":true}]}}