{"id":4842,"date":"2026-03-25T17:47:04","date_gmt":"2026-03-25T16:47:04","guid":{"rendered":"https:\/\/assmgym.saintmedardasso.fr\/?page_id=4842"},"modified":"2026-03-25T17:47:04","modified_gmt":"2026-03-25T16:47:04","slug":"soiree-deguisee-2011","status":"publish","type":"page","link":"https:\/\/assmgym.saintmedardasso.fr\/?page_id=4842","title":{"rendered":"SOIR\u00c9E D\u00c9GUIS\u00c9E 2011"},"content":{"rendered":"\n<p>En mars 2011 a eu lieu une soir\u00e9e d\u00e9guis\u00e9e. <br \/>Merci \u00e0 tous d&rsquo;avoir jou\u00e9 le jeu ! <\/p>\n\n\n\n<figure class=\"wp-block-gallery has-nested-images columns-default is-cropped\">\n<figure class=\"wp-block-image size-large\"><a href=\"https:\/\/assmgym.saintmedardasso.fr\/wp-content\/uploads\/2026\/03\/soiree-deguisee-2011-1.jpg\"><img loading=\"lazy\" width=\"1024\" height=\"768\" data-id=\"4844\"  src=\"https:\/\/assmgym.saintmedardasso.fr\/wp-content\/uploads\/2026\/03\/soiree-deguisee-2011-1-1024x768.jpg\" alt=\"\" class=\"wp-image-4844\" srcset=\"https:\/\/assmgym.saintmedardasso.fr\/wp-content\/uploads\/2026\/03\/soiree-deguisee-2011-1-1024x768.jpg 1024w, https:\/\/assmgym.saintmedardasso.fr\/wp-content\/uploads\/2026\/03\/soiree-deguisee-2011-1-300x225.jpg 300w, https:\/\/assmgym.saintmedardasso.fr\/wp-content\/uploads\/2026\/03\/soiree-deguisee-2011-1-768x576.jpg 768w, https:\/\/assmgym.saintmedardasso.fr\/wp-content\/uploads\/2026\/03\/soiree-deguisee-2011-1-1536x1152.jpg 1536w, https:\/\/assmgym.saintmedardasso.fr\/wp-content\/uploads\/2026\/03\/soiree-deguisee-2011-1-1800x1350.jpg 1800w, https:\/\/assmgym.saintmedardasso.fr\/wp-content\/uploads\/2026\/03\/soiree-deguisee-2011-1.jpg 1920w\" sizes=\"(max-width: 1024px) 100vw, 1024px\" \/><\/a><\/figure>\n\n\n\n<figure class=\"wp-block-image size-large\"><a href=\"https:\/\/assmgym.saintmedardasso.fr\/wp-content\/uploads\/2026\/03\/soiree-deguisee-2011-2.jpg\"><img loading=\"lazy\" width=\"1024\" height=\"768\" data-id=\"4843\"  src=\"https:\/\/assmgym.saintmedardasso.fr\/wp-content\/uploads\/2026\/03\/soiree-deguisee-2011-2-1024x768.jpg\" alt=\"\" class=\"wp-image-4843\" srcset=\"https:\/\/assmgym.saintmedardasso.fr\/wp-content\/uploads\/2026\/03\/soiree-deguisee-2011-2-1024x768.jpg 1024w, https:\/\/assmgym.saintmedardasso.fr\/wp-content\/uploads\/2026\/03\/soiree-deguisee-2011-2-300x225.jpg 300w, https:\/\/assmgym.saintmedardasso.fr\/wp-content\/uploads\/2026\/03\/soiree-deguisee-2011-2-768x576.jpg 768w, https:\/\/assmgym.saintmedardasso.fr\/wp-content\/uploads\/2026\/03\/soiree-deguisee-2011-2-1536x1152.jpg 1536w, https:\/\/assmgym.saintmedardasso.fr\/wp-content\/uploads\/2026\/03\/soiree-deguisee-2011-2-1800x1350.jpg 1800w, https:\/\/assmgym.saintmedardasso.fr\/wp-content\/uploads\/2026\/03\/soiree-deguisee-2011-2.jpg 1920w\" sizes=\"(max-width: 1024px) 100vw, 1024px\" \/><\/a><\/figure>\n\n\n\n<figure class=\"wp-block-image size-large\"><a href=\"https:\/\/assmgym.saintmedardasso.fr\/wp-content\/uploads\/2026\/03\/soiree-deguisee-2011-3.jpg\"><img loading=\"lazy\" width=\"1024\" height=\"768\" data-id=\"4848\"  src=\"https:\/\/assmgym.saintmedardasso.fr\/wp-content\/uploads\/2026\/03\/soiree-deguisee-2011-3-1024x768.jpg\" alt=\"\" class=\"wp-image-4848\" srcset=\"https:\/\/assmgym.saintmedardasso.fr\/wp-content\/uploads\/2026\/03\/soiree-deguisee-2011-3-1024x768.jpg 1024w, https:\/\/assmgym.saintmedardasso.fr\/wp-content\/uploads\/2026\/03\/soiree-deguisee-2011-3-300x225.jpg 300w, https:\/\/assmgym.saintmedardasso.fr\/wp-content\/uploads\/2026\/03\/soiree-deguisee-2011-3-768x576.jpg 768w, https:\/\/assmgym.saintmedardasso.fr\/wp-content\/uploads\/2026\/03\/soiree-deguisee-2011-3-1536x1152.jpg 1536w, https:\/\/assmgym.saintmedardasso.fr\/wp-content\/uploads\/2026\/03\/soiree-deguisee-2011-3-1800x1350.jpg 1800w, https:\/\/assmgym.saintmedardasso.fr\/wp-content\/uploads\/2026\/03\/soiree-deguisee-2011-3.jpg 1920w\" sizes=\"(max-width: 1024px) 100vw, 1024px\" \/><\/a><\/figure>\n\n\n\n<figure class=\"wp-block-image size-large\"><a href=\"https:\/\/assmgym.saintmedardasso.fr\/wp-content\/uploads\/2026\/03\/soiree-deguisee-2011-4.jpg\"><img loading=\"lazy\" width=\"1024\" height=\"768\" data-id=\"4846\"  src=\"https:\/\/assmgym.saintmedardasso.fr\/wp-content\/uploads\/2026\/03\/soiree-deguisee-2011-4-1024x768.jpg\" alt=\"\" class=\"wp-image-4846\" srcset=\"https:\/\/assmgym.saintmedardasso.fr\/wp-content\/uploads\/2026\/03\/soiree-deguisee-2011-4-1024x768.jpg 1024w, https:\/\/assmgym.saintmedardasso.fr\/wp-content\/uploads\/2026\/03\/soiree-deguisee-2011-4-300x225.jpg 300w, https:\/\/assmgym.saintmedardasso.fr\/wp-content\/uploads\/2026\/03\/soiree-deguisee-2011-4-768x576.jpg 768w, https:\/\/assmgym.saintmedardasso.fr\/wp-content\/uploads\/2026\/03\/soiree-deguisee-2011-4-1536x1152.jpg 1536w, https:\/\/assmgym.saintmedardasso.fr\/wp-content\/uploads\/2026\/03\/soiree-deguisee-2011-4-1800x1350.jpg 1800w, https:\/\/assmgym.saintmedardasso.fr\/wp-content\/uploads\/2026\/03\/soiree-deguisee-2011-4.jpg 1920w\" sizes=\"(max-width: 1024px) 100vw, 1024px\" \/><\/a><\/figure>\n\n\n\n<figure class=\"wp-block-image size-large\"><a href=\"https:\/\/assmgym.saintmedardasso.fr\/wp-content\/uploads\/2026\/03\/soiree-deguisee-2011-5.jpg\"><img loading=\"lazy\" width=\"1024\" height=\"768\" data-id=\"4849\"  src=\"https:\/\/assmgym.saintmedardasso.fr\/wp-content\/uploads\/2026\/03\/soiree-deguisee-2011-5-1024x768.jpg\" alt=\"\" class=\"wp-image-4849\" srcset=\"https:\/\/assmgym.saintmedardasso.fr\/wp-content\/uploads\/2026\/03\/soiree-deguisee-2011-5-1024x768.jpg 1024w, https:\/\/assmgym.saintmedardasso.fr\/wp-content\/uploads\/2026\/03\/soiree-deguisee-2011-5-300x225.jpg 300w, https:\/\/assmgym.saintmedardasso.fr\/wp-content\/uploads\/2026\/03\/soiree-deguisee-2011-5-768x576.jpg 768w, https:\/\/assmgym.saintmedardasso.fr\/wp-content\/uploads\/2026\/03\/soiree-deguisee-2011-5-1536x1152.jpg 1536w, https:\/\/assmgym.saintmedardasso.fr\/wp-content\/uploads\/2026\/03\/soiree-deguisee-2011-5-1800x1350.jpg 1800w, https:\/\/assmgym.saintmedardasso.fr\/wp-content\/uploads\/2026\/03\/soiree-deguisee-2011-5.jpg 1920w\" sizes=\"(max-width: 1024px) 100vw, 1024px\" \/><\/a><\/figure>\n\n\n\n<figure class=\"wp-block-image size-large\"><a href=\"https:\/\/assmgym.saintmedardasso.fr\/wp-content\/uploads\/2026\/03\/soiree-deguisee-2011-6.jpg\"><img loading=\"lazy\" width=\"1024\" height=\"768\" data-id=\"4845\"  src=\"https:\/\/assmgym.saintmedardasso.fr\/wp-content\/uploads\/2026\/03\/soiree-deguisee-2011-6-1024x768.jpg\" alt=\"\" class=\"wp-image-4845\" srcset=\"https:\/\/assmgym.saintmedardasso.fr\/wp-content\/uploads\/2026\/03\/soiree-deguisee-2011-6-1024x768.jpg 1024w, https:\/\/assmgym.saintmedardasso.fr\/wp-content\/uploads\/2026\/03\/soiree-deguisee-2011-6-300x225.jpg 300w, https:\/\/assmgym.saintmedardasso.fr\/wp-content\/uploads\/2026\/03\/soiree-deguisee-2011-6-768x576.jpg 768w, https:\/\/assmgym.saintmedardasso.fr\/wp-content\/uploads\/2026\/03\/soiree-deguisee-2011-6-1536x1152.jpg 1536w, https:\/\/assmgym.saintmedardasso.fr\/wp-content\/uploads\/2026\/03\/soiree-deguisee-2011-6-1800x1350.jpg 1800w, https:\/\/assmgym.saintmedardasso.fr\/wp-content\/uploads\/2026\/03\/soiree-deguisee-2011-6.jpg 1920w\" sizes=\"(max-width: 1024px) 100vw, 1024px\" \/><\/a><\/figure>\n\n\n\n<figure class=\"wp-block-image size-large\"><a href=\"https:\/\/assmgym.saintmedardasso.fr\/wp-content\/uploads\/2026\/03\/soiree-deguisee-2011-7.jpg\"><img loading=\"lazy\" width=\"1024\" height=\"768\" data-id=\"4847\"  src=\"https:\/\/assmgym.saintmedardasso.fr\/wp-content\/uploads\/2026\/03\/soiree-deguisee-2011-7-1024x768.jpg\" alt=\"\" class=\"wp-image-4847\" srcset=\"https:\/\/assmgym.saintmedardasso.fr\/wp-content\/uploads\/2026\/03\/soiree-deguisee-2011-7-1024x768.jpg 1024w, https:\/\/assmgym.saintmedardasso.fr\/wp-content\/uploads\/2026\/03\/soiree-deguisee-2011-7-300x225.jpg 300w, https:\/\/assmgym.saintmedardasso.fr\/wp-content\/uploads\/2026\/03\/soiree-deguisee-2011-7-768x576.jpg 768w, https:\/\/assmgym.saintmedardasso.fr\/wp-content\/uploads\/2026\/03\/soiree-deguisee-2011-7-1536x1152.jpg 1536w, https:\/\/assmgym.saintmedardasso.fr\/wp-content\/uploads\/2026\/03\/soiree-deguisee-2011-7-1800x1350.jpg 1800w, https:\/\/assmgym.saintmedardasso.fr\/wp-content\/uploads\/2026\/03\/soiree-deguisee-2011-7.jpg 1920w\" sizes=\"(max-width: 1024px) 100vw, 1024px\" \/><\/a><\/figure>\n\n\n\n<figure class=\"wp-block-image size-large\"><a href=\"https:\/\/assmgym.saintmedardasso.fr\/wp-content\/uploads\/2026\/03\/soiree-deguisee-2011-8.jpg\"><img loading=\"lazy\" width=\"768\" height=\"1024\" data-id=\"4850\"  src=\"https:\/\/assmgym.saintmedardasso.fr\/wp-content\/uploads\/2026\/03\/soiree-deguisee-2011-8-768x1024.jpg\" alt=\"\" class=\"wp-image-4850\" srcset=\"https:\/\/assmgym.saintmedardasso.fr\/wp-content\/uploads\/2026\/03\/soiree-deguisee-2011-8-768x1024.jpg 768w, https:\/\/assmgym.saintmedardasso.fr\/wp-content\/uploads\/2026\/03\/soiree-deguisee-2011-8-225x300.jpg 225w, https:\/\/assmgym.saintmedardasso.fr\/wp-content\/uploads\/2026\/03\/soiree-deguisee-2011-8-1152x1536.jpg 1152w, https:\/\/assmgym.saintmedardasso.fr\/wp-content\/uploads\/2026\/03\/soiree-deguisee-2011-8-900x1200.jpg 900w, https:\/\/assmgym.saintmedardasso.fr\/wp-content\/uploads\/2026\/03\/soiree-deguisee-2011-8.jpg 1440w\" sizes=\"(max-width: 768px) 100vw, 768px\" \/><\/a><\/figure>\n\n\n\n<figure class=\"wp-block-image size-large\"><a href=\"https:\/\/assmgym.saintmedardasso.fr\/wp-content\/uploads\/2026\/03\/soiree-deguisee-2011-9.jpg\"><img loading=\"lazy\" width=\"768\" height=\"1024\" data-id=\"4851\"  src=\"https:\/\/assmgym.saintmedardasso.fr\/wp-content\/uploads\/2026\/03\/soiree-deguisee-2011-9-768x1024.jpg\" alt=\"\" class=\"wp-image-4851\" srcset=\"https:\/\/assmgym.saintmedardasso.fr\/wp-content\/uploads\/2026\/03\/soiree-deguisee-2011-9-768x1024.jpg 768w, https:\/\/assmgym.saintmedardasso.fr\/wp-content\/uploads\/2026\/03\/soiree-deguisee-2011-9-225x300.jpg 225w, https:\/\/assmgym.saintmedardasso.fr\/wp-content\/uploads\/2026\/03\/soiree-deguisee-2011-9-1152x1536.jpg 1152w, https:\/\/assmgym.saintmedardasso.fr\/wp-content\/uploads\/2026\/03\/soiree-deguisee-2011-9-900x1200.jpg 900w, https:\/\/assmgym.saintmedardasso.fr\/wp-content\/uploads\/2026\/03\/soiree-deguisee-2011-9.jpg 1440w\" sizes=\"(max-width: 768px) 100vw, 768px\" \/><\/a><\/figure>\n\n\n\n<figure class=\"wp-block-image size-large\"><a href=\"https:\/\/assmgym.saintmedardasso.fr\/wp-content\/uploads\/2026\/03\/soiree-deguisee-2011-10.jpg\"><img loading=\"lazy\" width=\"1024\" height=\"768\" data-id=\"4852\"  src=\"https:\/\/assmgym.saintmedardasso.fr\/wp-content\/uploads\/2026\/03\/soiree-deguisee-2011-10-1024x768.jpg\" alt=\"\" class=\"wp-image-4852\" srcset=\"https:\/\/assmgym.saintmedardasso.fr\/wp-content\/uploads\/2026\/03\/soiree-deguisee-2011-10-1024x768.jpg 1024w, https:\/\/assmgym.saintmedardasso.fr\/wp-content\/uploads\/2026\/03\/soiree-deguisee-2011-10-300x225.jpg 300w, https:\/\/assmgym.saintmedardasso.fr\/wp-content\/uploads\/2026\/03\/soiree-deguisee-2011-10-768x576.jpg 768w, https:\/\/assmgym.saintmedardasso.fr\/wp-content\/uploads\/2026\/03\/soiree-deguisee-2011-10-1536x1152.jpg 1536w, https:\/\/assmgym.saintmedardasso.fr\/wp-content\/uploads\/2026\/03\/soiree-deguisee-2011-10-1800x1350.jpg 1800w, https:\/\/assmgym.saintmedardasso.fr\/wp-content\/uploads\/2026\/03\/soiree-deguisee-2011-10.jpg 1920w\" sizes=\"(max-width: 1024px) 100vw, 1024px\" \/><\/a><\/figure>\n\n\n\n<figure class=\"wp-block-image size-large\"><a href=\"https:\/\/assmgym.saintmedardasso.fr\/wp-content\/uploads\/2026\/03\/soiree-deguisee-2011-11.jpg\"><img loading=\"lazy\" width=\"1024\" height=\"768\" data-id=\"4853\"  src=\"https:\/\/assmgym.saintmedardasso.fr\/wp-content\/uploads\/2026\/03\/soiree-deguisee-2011-11-1024x768.jpg\" alt=\"\" class=\"wp-image-4853\" srcset=\"https:\/\/assmgym.saintmedardasso.fr\/wp-content\/uploads\/2026\/03\/soiree-deguisee-2011-11-1024x768.jpg 1024w, https:\/\/assmgym.saintmedardasso.fr\/wp-content\/uploads\/2026\/03\/soiree-deguisee-2011-11-300x225.jpg 300w, https:\/\/assmgym.saintmedardasso.fr\/wp-content\/uploads\/2026\/03\/soiree-deguisee-2011-11-768x576.jpg 768w, https:\/\/assmgym.saintmedardasso.fr\/wp-content\/uploads\/2026\/03\/soiree-deguisee-2011-11-1536x1152.jpg 1536w, https:\/\/assmgym.saintmedardasso.fr\/wp-content\/uploads\/2026\/03\/soiree-deguisee-2011-11-1800x1350.jpg 1800w, https:\/\/assmgym.saintmedardasso.fr\/wp-content\/uploads\/2026\/03\/soiree-deguisee-2011-11.jpg 1920w\" sizes=\"(max-width: 1024px) 100vw, 1024px\" \/><\/a><\/figure>\n\n\n\n<figure class=\"wp-block-image size-large\"><a href=\"https:\/\/assmgym.saintmedardasso.fr\/wp-content\/uploads\/2026\/03\/soiree-deguisee-2011-12.jpg\"><img loading=\"lazy\" width=\"1024\" height=\"768\" data-id=\"4854\"  src=\"https:\/\/assmgym.saintmedardasso.fr\/wp-content\/uploads\/2026\/03\/soiree-deguisee-2011-12-1024x768.jpg\" alt=\"\" class=\"wp-image-4854\" srcset=\"https:\/\/assmgym.saintmedardasso.fr\/wp-content\/uploads\/2026\/03\/soiree-deguisee-2011-12-1024x768.jpg 1024w, https:\/\/assmgym.saintmedardasso.fr\/wp-content\/uploads\/2026\/03\/soiree-deguisee-2011-12-300x225.jpg 300w, https:\/\/assmgym.saintmedardasso.fr\/wp-content\/uploads\/2026\/03\/soiree-deguisee-2011-12-768x576.jpg 768w, https:\/\/assmgym.saintmedardasso.fr\/wp-content\/uploads\/2026\/03\/soiree-deguisee-2011-12-1536x1152.jpg 1536w, https:\/\/assmgym.saintmedardasso.fr\/wp-content\/uploads\/2026\/03\/soiree-deguisee-2011-12-1800x1350.jpg 1800w, https:\/\/assmgym.saintmedardasso.fr\/wp-content\/uploads\/2026\/03\/soiree-deguisee-2011-12.jpg 1920w\" sizes=\"(max-width: 1024px) 100vw, 1024px\" \/><\/a><\/figure>\n\n\n\n<figure class=\"wp-block-image size-large\"><a href=\"https:\/\/assmgym.saintmedardasso.fr\/wp-content\/uploads\/2026\/03\/soiree-deguisee-2011-13.jpg\"><img loading=\"lazy\" width=\"1024\" height=\"768\" data-id=\"4856\"  src=\"https:\/\/assmgym.saintmedardasso.fr\/wp-content\/uploads\/2026\/03\/soiree-deguisee-2011-13-1024x768.jpg\" alt=\"\" class=\"wp-image-4856\" srcset=\"https:\/\/assmgym.saintmedardasso.fr\/wp-content\/uploads\/2026\/03\/soiree-deguisee-2011-13-1024x768.jpg 1024w, https:\/\/assmgym.saintmedardasso.fr\/wp-content\/uploads\/2026\/03\/soiree-deguisee-2011-13-300x225.jpg 300w, https:\/\/assmgym.saintmedardasso.fr\/wp-content\/uploads\/2026\/03\/soiree-deguisee-2011-13-768x576.jpg 768w, https:\/\/assmgym.saintmedardasso.fr\/wp-content\/uploads\/2026\/03\/soiree-deguisee-2011-13-1536x1152.jpg 1536w, https:\/\/assmgym.saintmedardasso.fr\/wp-content\/uploads\/2026\/03\/soiree-deguisee-2011-13-1800x1350.jpg 1800w, https:\/\/assmgym.saintmedardasso.fr\/wp-content\/uploads\/2026\/03\/soiree-deguisee-2011-13.jpg 1920w\" sizes=\"(max-width: 1024px) 100vw, 1024px\" \/><\/a><\/figure>\n\n\n\n<figure class=\"wp-block-image size-large\"><a href=\"https:\/\/assmgym.saintmedardasso.fr\/wp-content\/uploads\/2026\/03\/soiree-deguisee-2011-14.jpg\"><img loading=\"lazy\" width=\"1024\" height=\"768\" data-id=\"4857\"  src=\"https:\/\/assmgym.saintmedardasso.fr\/wp-content\/uploads\/2026\/03\/soiree-deguisee-2011-14-1024x768.jpg\" alt=\"\" class=\"wp-image-4857\" srcset=\"https:\/\/assmgym.saintmedardasso.fr\/wp-content\/uploads\/2026\/03\/soiree-deguisee-2011-14-1024x768.jpg 1024w, https:\/\/assmgym.saintmedardasso.fr\/wp-content\/uploads\/2026\/03\/soiree-deguisee-2011-14-300x225.jpg 300w, https:\/\/assmgym.saintmedardasso.fr\/wp-content\/uploads\/2026\/03\/soiree-deguisee-2011-14-768x576.jpg 768w, https:\/\/assmgym.saintmedardasso.fr\/wp-content\/uploads\/2026\/03\/soiree-deguisee-2011-14-1536x1152.jpg 1536w, https:\/\/assmgym.saintmedardasso.fr\/wp-content\/uploads\/2026\/03\/soiree-deguisee-2011-14-1800x1350.jpg 1800w, https:\/\/assmgym.saintmedardasso.fr\/wp-content\/uploads\/2026\/03\/soiree-deguisee-2011-14.jpg 1920w\" sizes=\"(max-width: 1024px) 100vw, 1024px\" \/><\/a><\/figure>\n\n\n\n<figure class=\"wp-block-image size-large\"><a href=\"https:\/\/assmgym.saintmedardasso.fr\/wp-content\/uploads\/2026\/03\/soiree-deguisee-2011-15.jpg\"><img loading=\"lazy\" width=\"1024\" height=\"768\" data-id=\"4861\"  src=\"https:\/\/assmgym.saintmedardasso.fr\/wp-content\/uploads\/2026\/03\/soiree-deguisee-2011-15-1024x768.jpg\" alt=\"\" class=\"wp-image-4861\" srcset=\"https:\/\/assmgym.saintmedardasso.fr\/wp-content\/uploads\/2026\/03\/soiree-deguisee-2011-15-1024x768.jpg 1024w, https:\/\/assmgym.saintmedardasso.fr\/wp-content\/uploads\/2026\/03\/soiree-deguisee-2011-15-300x225.jpg 300w, https:\/\/assmgym.saintmedardasso.fr\/wp-content\/uploads\/2026\/03\/soiree-deguisee-2011-15-768x576.jpg 768w, https:\/\/assmgym.saintmedardasso.fr\/wp-content\/uploads\/2026\/03\/soiree-deguisee-2011-15-1536x1152.jpg 1536w, https:\/\/assmgym.saintmedardasso.fr\/wp-content\/uploads\/2026\/03\/soiree-deguisee-2011-15-1800x1350.jpg 1800w, https:\/\/assmgym.saintmedardasso.fr\/wp-content\/uploads\/2026\/03\/soiree-deguisee-2011-15.jpg 1920w\" sizes=\"(max-width: 1024px) 100vw, 1024px\" \/><\/a><\/figure>\n\n\n\n<figure class=\"wp-block-image size-large\"><a href=\"https:\/\/assmgym.saintmedardasso.fr\/wp-content\/uploads\/2026\/03\/soiree-deguisee-2011-16.jpg\"><img loading=\"lazy\" width=\"1024\" height=\"768\" data-id=\"4855\"  src=\"https:\/\/assmgym.saintmedardasso.fr\/wp-content\/uploads\/2026\/03\/soiree-deguisee-2011-16-1024x768.jpg\" alt=\"\" class=\"wp-image-4855\" srcset=\"https:\/\/assmgym.saintmedardasso.fr\/wp-content\/uploads\/2026\/03\/soiree-deguisee-2011-16-1024x768.jpg 1024w, https:\/\/assmgym.saintmedardasso.fr\/wp-content\/uploads\/2026\/03\/soiree-deguisee-2011-16-300x225.jpg 300w, https:\/\/assmgym.saintmedardasso.fr\/wp-content\/uploads\/2026\/03\/soiree-deguisee-2011-16-768x576.jpg 768w, https:\/\/assmgym.saintmedardasso.fr\/wp-content\/uploads\/2026\/03\/soiree-deguisee-2011-16-1536x1152.jpg 1536w, https:\/\/assmgym.saintmedardasso.fr\/wp-content\/uploads\/2026\/03\/soiree-deguisee-2011-16-1800x1350.jpg 1800w, https:\/\/assmgym.saintmedardasso.fr\/wp-content\/uploads\/2026\/03\/soiree-deguisee-2011-16.jpg 1920w\" sizes=\"(max-width: 1024px) 100vw, 1024px\" \/><\/a><\/figure>\n\n\n\n<figure class=\"wp-block-image size-large\"><a href=\"https:\/\/assmgym.saintmedardasso.fr\/wp-content\/uploads\/2026\/03\/soiree-deguisee-2011-17.jpg\"><img loading=\"lazy\" width=\"1024\" height=\"768\" data-id=\"4858\"  src=\"https:\/\/assmgym.saintmedardasso.fr\/wp-content\/uploads\/2026\/03\/soiree-deguisee-2011-17-1024x768.jpg\" alt=\"\" class=\"wp-image-4858\" srcset=\"https:\/\/assmgym.saintmedardasso.fr\/wp-content\/uploads\/2026\/03\/soiree-deguisee-2011-17-1024x768.jpg 1024w, https:\/\/assmgym.saintmedardasso.fr\/wp-content\/uploads\/2026\/03\/soiree-deguisee-2011-17-300x225.jpg 300w, https:\/\/assmgym.saintmedardasso.fr\/wp-content\/uploads\/2026\/03\/soiree-deguisee-2011-17-768x576.jpg 768w, https:\/\/assmgym.saintmedardasso.fr\/wp-content\/uploads\/2026\/03\/soiree-deguisee-2011-17-1536x1152.jpg 1536w, https:\/\/assmgym.saintmedardasso.fr\/wp-content\/uploads\/2026\/03\/soiree-deguisee-2011-17-1800x1350.jpg 1800w, https:\/\/assmgym.saintmedardasso.fr\/wp-content\/uploads\/2026\/03\/soiree-deguisee-2011-17.jpg 1920w\" sizes=\"(max-width: 1024px) 100vw, 1024px\" \/><\/a><\/figure>\n\n\n\n<figure class=\"wp-block-image size-large\"><a href=\"https:\/\/assmgym.saintmedardasso.fr\/wp-content\/uploads\/2026\/03\/soiree-deguisee-2011-18.jpg\"><img loading=\"lazy\" width=\"1024\" height=\"768\" data-id=\"4860\"  src=\"https:\/\/assmgym.saintmedardasso.fr\/wp-content\/uploads\/2026\/03\/soiree-deguisee-2011-18-1024x768.jpg\" alt=\"\" class=\"wp-image-4860\" srcset=\"https:\/\/assmgym.saintmedardasso.fr\/wp-content\/uploads\/2026\/03\/soiree-deguisee-2011-18-1024x768.jpg 1024w, https:\/\/assmgym.saintmedardasso.fr\/wp-content\/uploads\/2026\/03\/soiree-deguisee-2011-18-300x225.jpg 300w, https:\/\/assmgym.saintmedardasso.fr\/wp-content\/uploads\/2026\/03\/soiree-deguisee-2011-18-768x576.jpg 768w, https:\/\/assmgym.saintmedardasso.fr\/wp-content\/uploads\/2026\/03\/soiree-deguisee-2011-18-1536x1152.jpg 1536w, https:\/\/assmgym.saintmedardasso.fr\/wp-content\/uploads\/2026\/03\/soiree-deguisee-2011-18-1800x1350.jpg 1800w, https:\/\/assmgym.saintmedardasso.fr\/wp-content\/uploads\/2026\/03\/soiree-deguisee-2011-18.jpg 1920w\" sizes=\"(max-width: 1024px) 100vw, 1024px\" \/><\/a><\/figure>\n\n\n\n<figure class=\"wp-block-image size-large\"><a href=\"https:\/\/assmgym.saintmedardasso.fr\/wp-content\/uploads\/2026\/03\/soiree-deguisee-2011-19.jpg\"><img loading=\"lazy\" width=\"1024\" height=\"768\" data-id=\"4859\"  src=\"https:\/\/assmgym.saintmedardasso.fr\/wp-content\/uploads\/2026\/03\/soiree-deguisee-2011-19-1024x768.jpg\" alt=\"\" class=\"wp-image-4859\" srcset=\"https:\/\/assmgym.saintmedardasso.fr\/wp-content\/uploads\/2026\/03\/soiree-deguisee-2011-19-1024x768.jpg 1024w, https:\/\/assmgym.saintmedardasso.fr\/wp-content\/uploads\/2026\/03\/soiree-deguisee-2011-19-300x225.jpg 300w, https:\/\/assmgym.saintmedardasso.fr\/wp-content\/uploads\/2026\/03\/soiree-deguisee-2011-19-768x576.jpg 768w, https:\/\/assmgym.saintmedardasso.fr\/wp-content\/uploads\/2026\/03\/soiree-deguisee-2011-19-1536x1152.jpg 1536w, https:\/\/assmgym.saintmedardasso.fr\/wp-content\/uploads\/2026\/03\/soiree-deguisee-2011-19-1800x1350.jpg 1800w, https:\/\/assmgym.saintmedardasso.fr\/wp-content\/uploads\/2026\/03\/soiree-deguisee-2011-19.jpg 1920w\" sizes=\"(max-width: 1024px) 100vw, 1024px\" \/><\/a><\/figure>\n<\/figure>\n\n\n\n<p><\/p>\n","protected":false},"excerpt":{"rendered":"<p>En mars 2011 a eu lieu une soir\u00e9e d\u00e9guis\u00e9e. Merci \u00e0 tous d&rsquo;avoir jou\u00e9 le jeu !<\/p>\n","protected":false},"author":2,"featured_media":0,"parent":0,"menu_order":0,"comment_status":"closed","ping_status":"closed","template":"","meta":{"ngg_post_thumbnail":0},"_links":{"self":[{"href":"https:\/\/assmgym.saintmedardasso.fr\/index.php?rest_route=\/wp\/v2\/pages\/4842"}],"collection":[{"href":"https:\/\/assmgym.saintmedardasso.fr\/index.php?rest_route=\/wp\/v2\/pages"}],"about":[{"href":"https:\/\/assmgym.saintmedardasso.fr\/index.php?rest_route=\/wp\/v2\/types\/page"}],"author":[{"embeddable":true,"href":"https:\/\/assmgym.saintmedardasso.fr\/index.php?rest_route=\/wp\/v2\/users\/2"}],"replies":[{"embeddable":true,"href":"https:\/\/assmgym.saintmedardasso.fr\/index.php?rest_route=%2Fwp%2Fv2%2Fcomments&post=4842"}],"version-history":[{"count":1,"href":"https:\/\/assmgym.saintmedardasso.fr\/index.php?rest_route=\/wp\/v2\/pages\/4842\/revisions"}],"predecessor-version":[{"id":4863,"href":"https:\/\/assmgym.saintmedardasso.fr\/index.php?rest_route=\/wp\/v2\/pages\/4842\/revisions\/4863"}],"wp:attachment":[{"href":"https:\/\/assmgym.saintmedardasso.fr\/index.php?rest_route=%2Fwp%2Fv2%2Fmedia&parent=4842"}],"curies":[{"name":"wp","href":"https:\/\/api.w.org\/{rel}","templated":true}]}}