{"id":4657,"date":"2026-03-25T16:14:47","date_gmt":"2026-03-25T15:14:47","guid":{"rendered":"https:\/\/assmgym.saintmedardasso.fr\/?page_id=4657"},"modified":"2026-03-25T16:15:50","modified_gmt":"2026-03-25T15:15:50","slug":"stage-vacances-dhiver-2011","status":"publish","type":"page","link":"https:\/\/assmgym.saintmedardasso.fr\/?page_id=4657","title":{"rendered":"VACANCES D&rsquo;HIVER 2011"},"content":{"rendered":"\n<p>Souvenirs des stages d\u00e9di\u00e9s \u00e0 nos comp\u00e9titrices lors des vacances de f\u00e9vrier 2011.<\/p>\n\n\n\n<figure class=\"wp-block-gallery has-nested-images columns-default is-cropped\">\n<figure class=\"wp-block-image size-large\"><a href=\"https:\/\/assmgym.saintmedardasso.fr\/wp-content\/uploads\/2026\/03\/Stage-fevrier-2011-1.jpg\"><img loading=\"lazy\" width=\"1024\" height=\"768\" data-id=\"4660\"  src=\"https:\/\/assmgym.saintmedardasso.fr\/wp-content\/uploads\/2026\/03\/Stage-fevrier-2011-1-1024x768.jpg\" alt=\"\" class=\"wp-image-4660\" srcset=\"https:\/\/assmgym.saintmedardasso.fr\/wp-content\/uploads\/2026\/03\/Stage-fevrier-2011-1-1024x768.jpg 1024w, https:\/\/assmgym.saintmedardasso.fr\/wp-content\/uploads\/2026\/03\/Stage-fevrier-2011-1-300x225.jpg 300w, https:\/\/assmgym.saintmedardasso.fr\/wp-content\/uploads\/2026\/03\/Stage-fevrier-2011-1-768x576.jpg 768w, https:\/\/assmgym.saintmedardasso.fr\/wp-content\/uploads\/2026\/03\/Stage-fevrier-2011-1-1536x1152.jpg 1536w, https:\/\/assmgym.saintmedardasso.fr\/wp-content\/uploads\/2026\/03\/Stage-fevrier-2011-1-1800x1350.jpg 1800w, https:\/\/assmgym.saintmedardasso.fr\/wp-content\/uploads\/2026\/03\/Stage-fevrier-2011-1.jpg 1920w\" sizes=\"(max-width: 1024px) 100vw, 1024px\" \/><\/a><\/figure>\n\n\n\n<figure class=\"wp-block-image size-large\"><a href=\"https:\/\/assmgym.saintmedardasso.fr\/wp-content\/uploads\/2026\/03\/Stage-fevrier-2011-2.jpg\"><img loading=\"lazy\" width=\"1024\" height=\"768\" data-id=\"4663\"  src=\"https:\/\/assmgym.saintmedardasso.fr\/wp-content\/uploads\/2026\/03\/Stage-fevrier-2011-2-1024x768.jpg\" alt=\"\" class=\"wp-image-4663\" srcset=\"https:\/\/assmgym.saintmedardasso.fr\/wp-content\/uploads\/2026\/03\/Stage-fevrier-2011-2-1024x768.jpg 1024w, https:\/\/assmgym.saintmedardasso.fr\/wp-content\/uploads\/2026\/03\/Stage-fevrier-2011-2-300x225.jpg 300w, https:\/\/assmgym.saintmedardasso.fr\/wp-content\/uploads\/2026\/03\/Stage-fevrier-2011-2-768x576.jpg 768w, https:\/\/assmgym.saintmedardasso.fr\/wp-content\/uploads\/2026\/03\/Stage-fevrier-2011-2-1536x1152.jpg 1536w, https:\/\/assmgym.saintmedardasso.fr\/wp-content\/uploads\/2026\/03\/Stage-fevrier-2011-2-1800x1350.jpg 1800w, https:\/\/assmgym.saintmedardasso.fr\/wp-content\/uploads\/2026\/03\/Stage-fevrier-2011-2.jpg 1920w\" sizes=\"(max-width: 1024px) 100vw, 1024px\" \/><\/a><\/figure>\n\n\n\n<figure class=\"wp-block-image size-large\"><a href=\"https:\/\/assmgym.saintmedardasso.fr\/wp-content\/uploads\/2026\/03\/Stage-fevrier-2011-3.jpg\"><img loading=\"lazy\" width=\"1024\" height=\"768\" data-id=\"4667\"  src=\"https:\/\/assmgym.saintmedardasso.fr\/wp-content\/uploads\/2026\/03\/Stage-fevrier-2011-3-1024x768.jpg\" alt=\"\" class=\"wp-image-4667\" srcset=\"https:\/\/assmgym.saintmedardasso.fr\/wp-content\/uploads\/2026\/03\/Stage-fevrier-2011-3-1024x768.jpg 1024w, https:\/\/assmgym.saintmedardasso.fr\/wp-content\/uploads\/2026\/03\/Stage-fevrier-2011-3-300x225.jpg 300w, https:\/\/assmgym.saintmedardasso.fr\/wp-content\/uploads\/2026\/03\/Stage-fevrier-2011-3-768x576.jpg 768w, https:\/\/assmgym.saintmedardasso.fr\/wp-content\/uploads\/2026\/03\/Stage-fevrier-2011-3-1536x1152.jpg 1536w, https:\/\/assmgym.saintmedardasso.fr\/wp-content\/uploads\/2026\/03\/Stage-fevrier-2011-3-1800x1350.jpg 1800w, https:\/\/assmgym.saintmedardasso.fr\/wp-content\/uploads\/2026\/03\/Stage-fevrier-2011-3.jpg 1920w\" sizes=\"(max-width: 1024px) 100vw, 1024px\" \/><\/a><\/figure>\n\n\n\n<figure class=\"wp-block-image size-large\"><a href=\"https:\/\/assmgym.saintmedardasso.fr\/wp-content\/uploads\/2026\/03\/Stage-fevrier-2011-4.jpg\"><img loading=\"lazy\" width=\"1024\" height=\"768\" data-id=\"4666\"  src=\"https:\/\/assmgym.saintmedardasso.fr\/wp-content\/uploads\/2026\/03\/Stage-fevrier-2011-4-1024x768.jpg\" alt=\"\" class=\"wp-image-4666\" srcset=\"https:\/\/assmgym.saintmedardasso.fr\/wp-content\/uploads\/2026\/03\/Stage-fevrier-2011-4-1024x768.jpg 1024w, https:\/\/assmgym.saintmedardasso.fr\/wp-content\/uploads\/2026\/03\/Stage-fevrier-2011-4-300x225.jpg 300w, https:\/\/assmgym.saintmedardasso.fr\/wp-content\/uploads\/2026\/03\/Stage-fevrier-2011-4-768x576.jpg 768w, https:\/\/assmgym.saintmedardasso.fr\/wp-content\/uploads\/2026\/03\/Stage-fevrier-2011-4-1536x1152.jpg 1536w, https:\/\/assmgym.saintmedardasso.fr\/wp-content\/uploads\/2026\/03\/Stage-fevrier-2011-4-1800x1350.jpg 1800w, https:\/\/assmgym.saintmedardasso.fr\/wp-content\/uploads\/2026\/03\/Stage-fevrier-2011-4.jpg 1920w\" sizes=\"(max-width: 1024px) 100vw, 1024px\" \/><\/a><\/figure>\n\n\n\n<figure class=\"wp-block-image size-large\"><a href=\"https:\/\/assmgym.saintmedardasso.fr\/wp-content\/uploads\/2026\/03\/Stage-fevrier-2011-5.jpg\"><img loading=\"lazy\" width=\"1024\" height=\"768\" data-id=\"4664\"  src=\"https:\/\/assmgym.saintmedardasso.fr\/wp-content\/uploads\/2026\/03\/Stage-fevrier-2011-5-1024x768.jpg\" alt=\"\" class=\"wp-image-4664\" srcset=\"https:\/\/assmgym.saintmedardasso.fr\/wp-content\/uploads\/2026\/03\/Stage-fevrier-2011-5-1024x768.jpg 1024w, https:\/\/assmgym.saintmedardasso.fr\/wp-content\/uploads\/2026\/03\/Stage-fevrier-2011-5-300x225.jpg 300w, https:\/\/assmgym.saintmedardasso.fr\/wp-content\/uploads\/2026\/03\/Stage-fevrier-2011-5-768x576.jpg 768w, https:\/\/assmgym.saintmedardasso.fr\/wp-content\/uploads\/2026\/03\/Stage-fevrier-2011-5-1536x1152.jpg 1536w, https:\/\/assmgym.saintmedardasso.fr\/wp-content\/uploads\/2026\/03\/Stage-fevrier-2011-5-1800x1350.jpg 1800w, https:\/\/assmgym.saintmedardasso.fr\/wp-content\/uploads\/2026\/03\/Stage-fevrier-2011-5.jpg 1920w\" sizes=\"(max-width: 1024px) 100vw, 1024px\" \/><\/a><\/figure>\n\n\n\n<figure class=\"wp-block-image size-large\"><a href=\"https:\/\/assmgym.saintmedardasso.fr\/wp-content\/uploads\/2026\/03\/Stage-fevrier-2011-6.jpg\"><img loading=\"lazy\" width=\"768\" height=\"1024\" data-id=\"4662\"  src=\"https:\/\/assmgym.saintmedardasso.fr\/wp-content\/uploads\/2026\/03\/Stage-fevrier-2011-6-768x1024.jpg\" alt=\"\" class=\"wp-image-4662\" srcset=\"https:\/\/assmgym.saintmedardasso.fr\/wp-content\/uploads\/2026\/03\/Stage-fevrier-2011-6-768x1024.jpg 768w, https:\/\/assmgym.saintmedardasso.fr\/wp-content\/uploads\/2026\/03\/Stage-fevrier-2011-6-225x300.jpg 225w, https:\/\/assmgym.saintmedardasso.fr\/wp-content\/uploads\/2026\/03\/Stage-fevrier-2011-6-1152x1536.jpg 1152w, https:\/\/assmgym.saintmedardasso.fr\/wp-content\/uploads\/2026\/03\/Stage-fevrier-2011-6-900x1200.jpg 900w, https:\/\/assmgym.saintmedardasso.fr\/wp-content\/uploads\/2026\/03\/Stage-fevrier-2011-6.jpg 1440w\" sizes=\"(max-width: 768px) 100vw, 768px\" \/><\/a><\/figure>\n\n\n\n<figure class=\"wp-block-image size-large\"><a href=\"https:\/\/assmgym.saintmedardasso.fr\/wp-content\/uploads\/2026\/03\/Stage-fevrier-2011-7.jpg\"><img loading=\"lazy\" width=\"1024\" height=\"768\" data-id=\"4658\"  src=\"https:\/\/assmgym.saintmedardasso.fr\/wp-content\/uploads\/2026\/03\/Stage-fevrier-2011-7-1024x768.jpg\" alt=\"\" class=\"wp-image-4658\" srcset=\"https:\/\/assmgym.saintmedardasso.fr\/wp-content\/uploads\/2026\/03\/Stage-fevrier-2011-7-1024x768.jpg 1024w, https:\/\/assmgym.saintmedardasso.fr\/wp-content\/uploads\/2026\/03\/Stage-fevrier-2011-7-300x225.jpg 300w, https:\/\/assmgym.saintmedardasso.fr\/wp-content\/uploads\/2026\/03\/Stage-fevrier-2011-7-768x576.jpg 768w, https:\/\/assmgym.saintmedardasso.fr\/wp-content\/uploads\/2026\/03\/Stage-fevrier-2011-7-1536x1152.jpg 1536w, https:\/\/assmgym.saintmedardasso.fr\/wp-content\/uploads\/2026\/03\/Stage-fevrier-2011-7-1800x1350.jpg 1800w, https:\/\/assmgym.saintmedardasso.fr\/wp-content\/uploads\/2026\/03\/Stage-fevrier-2011-7.jpg 1920w\" sizes=\"(max-width: 1024px) 100vw, 1024px\" \/><\/a><\/figure>\n\n\n\n<figure class=\"wp-block-image size-large\"><a href=\"https:\/\/assmgym.saintmedardasso.fr\/wp-content\/uploads\/2026\/03\/Stage-fevrier-2011-8.jpg\"><img loading=\"lazy\" width=\"1024\" height=\"768\" data-id=\"4659\"  src=\"https:\/\/assmgym.saintmedardasso.fr\/wp-content\/uploads\/2026\/03\/Stage-fevrier-2011-8-1024x768.jpg\" alt=\"\" class=\"wp-image-4659\" srcset=\"https:\/\/assmgym.saintmedardasso.fr\/wp-content\/uploads\/2026\/03\/Stage-fevrier-2011-8-1024x768.jpg 1024w, https:\/\/assmgym.saintmedardasso.fr\/wp-content\/uploads\/2026\/03\/Stage-fevrier-2011-8-300x225.jpg 300w, https:\/\/assmgym.saintmedardasso.fr\/wp-content\/uploads\/2026\/03\/Stage-fevrier-2011-8-768x576.jpg 768w, https:\/\/assmgym.saintmedardasso.fr\/wp-content\/uploads\/2026\/03\/Stage-fevrier-2011-8-1536x1152.jpg 1536w, https:\/\/assmgym.saintmedardasso.fr\/wp-content\/uploads\/2026\/03\/Stage-fevrier-2011-8-1800x1350.jpg 1800w, https:\/\/assmgym.saintmedardasso.fr\/wp-content\/uploads\/2026\/03\/Stage-fevrier-2011-8.jpg 1920w\" sizes=\"(max-width: 1024px) 100vw, 1024px\" \/><\/a><\/figure>\n\n\n\n<figure class=\"wp-block-image size-large\"><a href=\"https:\/\/assmgym.saintmedardasso.fr\/wp-content\/uploads\/2026\/03\/Stage-fevrier-2011-9.jpg\"><img loading=\"lazy\" width=\"768\" height=\"1024\" data-id=\"4665\"  src=\"https:\/\/assmgym.saintmedardasso.fr\/wp-content\/uploads\/2026\/03\/Stage-fevrier-2011-9-768x1024.jpg\" alt=\"\" class=\"wp-image-4665\" srcset=\"https:\/\/assmgym.saintmedardasso.fr\/wp-content\/uploads\/2026\/03\/Stage-fevrier-2011-9-768x1024.jpg 768w, https:\/\/assmgym.saintmedardasso.fr\/wp-content\/uploads\/2026\/03\/Stage-fevrier-2011-9-225x300.jpg 225w, https:\/\/assmgym.saintmedardasso.fr\/wp-content\/uploads\/2026\/03\/Stage-fevrier-2011-9-1152x1536.jpg 1152w, https:\/\/assmgym.saintmedardasso.fr\/wp-content\/uploads\/2026\/03\/Stage-fevrier-2011-9-900x1200.jpg 900w, https:\/\/assmgym.saintmedardasso.fr\/wp-content\/uploads\/2026\/03\/Stage-fevrier-2011-9.jpg 1440w\" sizes=\"(max-width: 768px) 100vw, 768px\" \/><\/a><\/figure>\n\n\n\n<figure class=\"wp-block-image size-large\"><a href=\"https:\/\/assmgym.saintmedardasso.fr\/wp-content\/uploads\/2026\/03\/Stage-fevrier-2011-10.jpg\"><img loading=\"lazy\" width=\"1024\" height=\"768\" data-id=\"4661\"  src=\"https:\/\/assmgym.saintmedardasso.fr\/wp-content\/uploads\/2026\/03\/Stage-fevrier-2011-10-1024x768.jpg\" alt=\"\" class=\"wp-image-4661\" srcset=\"https:\/\/assmgym.saintmedardasso.fr\/wp-content\/uploads\/2026\/03\/Stage-fevrier-2011-10-1024x768.jpg 1024w, https:\/\/assmgym.saintmedardasso.fr\/wp-content\/uploads\/2026\/03\/Stage-fevrier-2011-10-300x225.jpg 300w, https:\/\/assmgym.saintmedardasso.fr\/wp-content\/uploads\/2026\/03\/Stage-fevrier-2011-10-768x576.jpg 768w, https:\/\/assmgym.saintmedardasso.fr\/wp-content\/uploads\/2026\/03\/Stage-fevrier-2011-10-1536x1152.jpg 1536w, https:\/\/assmgym.saintmedardasso.fr\/wp-content\/uploads\/2026\/03\/Stage-fevrier-2011-10-1800x1350.jpg 1800w, https:\/\/assmgym.saintmedardasso.fr\/wp-content\/uploads\/2026\/03\/Stage-fevrier-2011-10.jpg 1920w\" sizes=\"(max-width: 1024px) 100vw, 1024px\" \/><\/a><\/figure>\n<\/figure>\n","protected":false},"excerpt":{"rendered":"<p>Souvenirs des stages d\u00e9di\u00e9s \u00e0 nos comp\u00e9titrices lors des vacances de f\u00e9vrier 2011.<\/p>\n","protected":false},"author":2,"featured_media":0,"parent":0,"menu_order":0,"comment_status":"closed","ping_status":"closed","template":"","meta":{"ngg_post_thumbnail":0},"_links":{"self":[{"href":"https:\/\/assmgym.saintmedardasso.fr\/index.php?rest_route=\/wp\/v2\/pages\/4657"}],"collection":[{"href":"https:\/\/assmgym.saintmedardasso.fr\/index.php?rest_route=\/wp\/v2\/pages"}],"about":[{"href":"https:\/\/assmgym.saintmedardasso.fr\/index.php?rest_route=\/wp\/v2\/types\/page"}],"author":[{"embeddable":true,"href":"https:\/\/assmgym.saintmedardasso.fr\/index.php?rest_route=\/wp\/v2\/users\/2"}],"replies":[{"embeddable":true,"href":"https:\/\/assmgym.saintmedardasso.fr\/index.php?rest_route=%2Fwp%2Fv2%2Fcomments&post=4657"}],"version-history":[{"count":2,"href":"https:\/\/assmgym.saintmedardasso.fr\/index.php?rest_route=\/wp\/v2\/pages\/4657\/revisions"}],"predecessor-version":[{"id":4670,"href":"https:\/\/assmgym.saintmedardasso.fr\/index.php?rest_route=\/wp\/v2\/pages\/4657\/revisions\/4670"}],"wp:attachment":[{"href":"https:\/\/assmgym.saintmedardasso.fr\/index.php?rest_route=%2Fwp%2Fv2%2Fmedia&parent=4657"}],"curies":[{"name":"wp","href":"https:\/\/api.w.org\/{rel}","templated":true}]}}