{"id":4605,"date":"2026-03-18T14:26:07","date_gmt":"2026-03-18T13:26:07","guid":{"rendered":"https:\/\/assmgym.saintmedardasso.fr\/?page_id=4605"},"modified":"2026-03-18T14:26:07","modified_gmt":"2026-03-18T13:26:07","slug":"fete-du-sport-2016","status":"publish","type":"page","link":"https:\/\/assmgym.saintmedardasso.fr\/?page_id=4605","title":{"rendered":"F\u00caTE DU SPORT 2016"},"content":{"rendered":"\n<p>L\u2019ASSM Gym a particip\u00e9 comme chaque ann\u00e9e, \u00e0 la&nbsp;<strong>F\u00eate du Sport<\/strong>.<\/p>\n\n\n\n<p>Durant cet apr\u00e8s-midi,\u00a0certains de nos gymnastes ont fait une d\u00e9monstration en plein air !<\/p>\n\n\n\n<p>F\u00e9licitations \u00e0 Brian, Charline, Alexandre, Marius et leur coach Mathieu qui ont \u00e9t\u00e9 r\u00e9compens\u00e9s par la municipalit\u00e9.<\/p>\n\n\n\n<figure class=\"wp-block-gallery has-nested-images columns-default is-cropped\">\n<figure class=\"wp-block-image size-large\"><a href=\"https:\/\/assmgym.saintmedardasso.fr\/wp-content\/uploads\/2026\/03\/fete-du-sport-2016-1.jpg\"><img loading=\"lazy\" width=\"1000\" height=\"667\" data-id=\"4606\"  src=\"https:\/\/assmgym.saintmedardasso.fr\/wp-content\/uploads\/2026\/03\/fete-du-sport-2016-1.jpg\" alt=\"\" class=\"wp-image-4606\" srcset=\"https:\/\/assmgym.saintmedardasso.fr\/wp-content\/uploads\/2026\/03\/fete-du-sport-2016-1.jpg 1000w, https:\/\/assmgym.saintmedardasso.fr\/wp-content\/uploads\/2026\/03\/fete-du-sport-2016-1-300x200.jpg 300w, https:\/\/assmgym.saintmedardasso.fr\/wp-content\/uploads\/2026\/03\/fete-du-sport-2016-1-768x512.jpg 768w\" sizes=\"(max-width: 1000px) 100vw, 1000px\" \/><\/a><\/figure>\n\n\n\n<figure class=\"wp-block-image size-large\"><a href=\"https:\/\/assmgym.saintmedardasso.fr\/wp-content\/uploads\/2026\/03\/fete-du-sport-2016-2.jpg\"><img loading=\"lazy\" width=\"1000\" height=\"667\" data-id=\"4607\"  src=\"https:\/\/assmgym.saintmedardasso.fr\/wp-content\/uploads\/2026\/03\/fete-du-sport-2016-2.jpg\" alt=\"\" class=\"wp-image-4607\" srcset=\"https:\/\/assmgym.saintmedardasso.fr\/wp-content\/uploads\/2026\/03\/fete-du-sport-2016-2.jpg 1000w, https:\/\/assmgym.saintmedardasso.fr\/wp-content\/uploads\/2026\/03\/fete-du-sport-2016-2-300x200.jpg 300w, https:\/\/assmgym.saintmedardasso.fr\/wp-content\/uploads\/2026\/03\/fete-du-sport-2016-2-768x512.jpg 768w\" sizes=\"(max-width: 1000px) 100vw, 1000px\" \/><\/a><\/figure>\n\n\n\n<figure class=\"wp-block-image size-large\"><a href=\"https:\/\/assmgym.saintmedardasso.fr\/wp-content\/uploads\/2026\/03\/fete-du-sport-2016-3.jpg\"><img loading=\"lazy\" width=\"1000\" height=\"667\" data-id=\"4612\"  src=\"https:\/\/assmgym.saintmedardasso.fr\/wp-content\/uploads\/2026\/03\/fete-du-sport-2016-3.jpg\" alt=\"\" class=\"wp-image-4612\" srcset=\"https:\/\/assmgym.saintmedardasso.fr\/wp-content\/uploads\/2026\/03\/fete-du-sport-2016-3.jpg 1000w, https:\/\/assmgym.saintmedardasso.fr\/wp-content\/uploads\/2026\/03\/fete-du-sport-2016-3-300x200.jpg 300w, https:\/\/assmgym.saintmedardasso.fr\/wp-content\/uploads\/2026\/03\/fete-du-sport-2016-3-768x512.jpg 768w\" sizes=\"(max-width: 1000px) 100vw, 1000px\" \/><\/a><\/figure>\n\n\n\n<figure class=\"wp-block-image size-large\"><a href=\"https:\/\/assmgym.saintmedardasso.fr\/wp-content\/uploads\/2026\/03\/fete-du-sport-2016-4.jpg\"><img loading=\"lazy\" width=\"1000\" height=\"667\" data-id=\"4609\"  src=\"https:\/\/assmgym.saintmedardasso.fr\/wp-content\/uploads\/2026\/03\/fete-du-sport-2016-4.jpg\" alt=\"\" class=\"wp-image-4609\" srcset=\"https:\/\/assmgym.saintmedardasso.fr\/wp-content\/uploads\/2026\/03\/fete-du-sport-2016-4.jpg 1000w, https:\/\/assmgym.saintmedardasso.fr\/wp-content\/uploads\/2026\/03\/fete-du-sport-2016-4-300x200.jpg 300w, https:\/\/assmgym.saintmedardasso.fr\/wp-content\/uploads\/2026\/03\/fete-du-sport-2016-4-768x512.jpg 768w\" sizes=\"(max-width: 1000px) 100vw, 1000px\" \/><\/a><\/figure>\n\n\n\n<figure class=\"wp-block-image size-large\"><a href=\"https:\/\/assmgym.saintmedardasso.fr\/wp-content\/uploads\/2026\/03\/fete-du-sport-2016-5.jpg\"><img loading=\"lazy\" width=\"1000\" height=\"667\" data-id=\"4613\"  src=\"https:\/\/assmgym.saintmedardasso.fr\/wp-content\/uploads\/2026\/03\/fete-du-sport-2016-5.jpg\" alt=\"\" class=\"wp-image-4613\" srcset=\"https:\/\/assmgym.saintmedardasso.fr\/wp-content\/uploads\/2026\/03\/fete-du-sport-2016-5.jpg 1000w, https:\/\/assmgym.saintmedardasso.fr\/wp-content\/uploads\/2026\/03\/fete-du-sport-2016-5-300x200.jpg 300w, https:\/\/assmgym.saintmedardasso.fr\/wp-content\/uploads\/2026\/03\/fete-du-sport-2016-5-768x512.jpg 768w\" sizes=\"(max-width: 1000px) 100vw, 1000px\" \/><\/a><\/figure>\n\n\n\n<figure class=\"wp-block-image size-large\"><a href=\"https:\/\/assmgym.saintmedardasso.fr\/wp-content\/uploads\/2026\/03\/fete-du-sport-2016-6.jpg\"><img loading=\"lazy\" width=\"1000\" height=\"667\" data-id=\"4608\"  src=\"https:\/\/assmgym.saintmedardasso.fr\/wp-content\/uploads\/2026\/03\/fete-du-sport-2016-6.jpg\" alt=\"\" class=\"wp-image-4608\" srcset=\"https:\/\/assmgym.saintmedardasso.fr\/wp-content\/uploads\/2026\/03\/fete-du-sport-2016-6.jpg 1000w, https:\/\/assmgym.saintmedardasso.fr\/wp-content\/uploads\/2026\/03\/fete-du-sport-2016-6-300x200.jpg 300w, https:\/\/assmgym.saintmedardasso.fr\/wp-content\/uploads\/2026\/03\/fete-du-sport-2016-6-768x512.jpg 768w\" sizes=\"(max-width: 1000px) 100vw, 1000px\" \/><\/a><\/figure>\n\n\n\n<figure class=\"wp-block-image size-large\"><a href=\"https:\/\/assmgym.saintmedardasso.fr\/wp-content\/uploads\/2026\/03\/fete-du-sport-2016-7.jpg\"><img loading=\"lazy\" width=\"1000\" height=\"667\" data-id=\"4610\"  src=\"https:\/\/assmgym.saintmedardasso.fr\/wp-content\/uploads\/2026\/03\/fete-du-sport-2016-7.jpg\" alt=\"\" class=\"wp-image-4610\" srcset=\"https:\/\/assmgym.saintmedardasso.fr\/wp-content\/uploads\/2026\/03\/fete-du-sport-2016-7.jpg 1000w, https:\/\/assmgym.saintmedardasso.fr\/wp-content\/uploads\/2026\/03\/fete-du-sport-2016-7-300x200.jpg 300w, https:\/\/assmgym.saintmedardasso.fr\/wp-content\/uploads\/2026\/03\/fete-du-sport-2016-7-768x512.jpg 768w\" sizes=\"(max-width: 1000px) 100vw, 1000px\" \/><\/a><\/figure>\n\n\n\n<figure class=\"wp-block-image size-large\"><a href=\"https:\/\/assmgym.saintmedardasso.fr\/wp-content\/uploads\/2026\/03\/fete-du-sport-2016-8.jpg\"><img loading=\"lazy\" width=\"1000\" height=\"667\" data-id=\"4611\"  src=\"https:\/\/assmgym.saintmedardasso.fr\/wp-content\/uploads\/2026\/03\/fete-du-sport-2016-8.jpg\" alt=\"\" class=\"wp-image-4611\" srcset=\"https:\/\/assmgym.saintmedardasso.fr\/wp-content\/uploads\/2026\/03\/fete-du-sport-2016-8.jpg 1000w, https:\/\/assmgym.saintmedardasso.fr\/wp-content\/uploads\/2026\/03\/fete-du-sport-2016-8-300x200.jpg 300w, https:\/\/assmgym.saintmedardasso.fr\/wp-content\/uploads\/2026\/03\/fete-du-sport-2016-8-768x512.jpg 768w\" sizes=\"(max-width: 1000px) 100vw, 1000px\" \/><\/a><\/figure>\n\n\n\n<figure class=\"wp-block-image size-large\"><a href=\"https:\/\/assmgym.saintmedardasso.fr\/wp-content\/uploads\/2026\/03\/fete-du-sport-2016-9.jpg\"><img loading=\"lazy\" width=\"1000\" height=\"667\" data-id=\"4614\"  src=\"https:\/\/assmgym.saintmedardasso.fr\/wp-content\/uploads\/2026\/03\/fete-du-sport-2016-9.jpg\" alt=\"\" class=\"wp-image-4614\" srcset=\"https:\/\/assmgym.saintmedardasso.fr\/wp-content\/uploads\/2026\/03\/fete-du-sport-2016-9.jpg 1000w, https:\/\/assmgym.saintmedardasso.fr\/wp-content\/uploads\/2026\/03\/fete-du-sport-2016-9-300x200.jpg 300w, https:\/\/assmgym.saintmedardasso.fr\/wp-content\/uploads\/2026\/03\/fete-du-sport-2016-9-768x512.jpg 768w\" sizes=\"(max-width: 1000px) 100vw, 1000px\" \/><\/a><\/figure>\n\n\n\n<figure class=\"wp-block-image size-large\"><a href=\"https:\/\/assmgym.saintmedardasso.fr\/wp-content\/uploads\/2026\/03\/fete-du-sport-2016-10.jpg\"><img loading=\"lazy\" width=\"1000\" height=\"667\" data-id=\"4615\"  src=\"https:\/\/assmgym.saintmedardasso.fr\/wp-content\/uploads\/2026\/03\/fete-du-sport-2016-10.jpg\" alt=\"\" class=\"wp-image-4615\" srcset=\"https:\/\/assmgym.saintmedardasso.fr\/wp-content\/uploads\/2026\/03\/fete-du-sport-2016-10.jpg 1000w, https:\/\/assmgym.saintmedardasso.fr\/wp-content\/uploads\/2026\/03\/fete-du-sport-2016-10-300x200.jpg 300w, https:\/\/assmgym.saintmedardasso.fr\/wp-content\/uploads\/2026\/03\/fete-du-sport-2016-10-768x512.jpg 768w\" sizes=\"(max-width: 1000px) 100vw, 1000px\" \/><\/a><\/figure>\n\n\n\n<figure class=\"wp-block-image size-large\"><a href=\"https:\/\/assmgym.saintmedardasso.fr\/wp-content\/uploads\/2026\/03\/fete-du-sport-2016-11.jpg\"><img loading=\"lazy\" width=\"1000\" height=\"667\" data-id=\"4617\"  src=\"https:\/\/assmgym.saintmedardasso.fr\/wp-content\/uploads\/2026\/03\/fete-du-sport-2016-11.jpg\" alt=\"\" class=\"wp-image-4617\" srcset=\"https:\/\/assmgym.saintmedardasso.fr\/wp-content\/uploads\/2026\/03\/fete-du-sport-2016-11.jpg 1000w, https:\/\/assmgym.saintmedardasso.fr\/wp-content\/uploads\/2026\/03\/fete-du-sport-2016-11-300x200.jpg 300w, https:\/\/assmgym.saintmedardasso.fr\/wp-content\/uploads\/2026\/03\/fete-du-sport-2016-11-768x512.jpg 768w\" sizes=\"(max-width: 1000px) 100vw, 1000px\" \/><\/a><\/figure>\n\n\n\n<figure class=\"wp-block-image size-large\"><a href=\"https:\/\/assmgym.saintmedardasso.fr\/wp-content\/uploads\/2026\/03\/fete-du-sport-2016-12.jpg\"><img loading=\"lazy\" width=\"1000\" height=\"667\" data-id=\"4620\"  src=\"https:\/\/assmgym.saintmedardasso.fr\/wp-content\/uploads\/2026\/03\/fete-du-sport-2016-12.jpg\" alt=\"\" class=\"wp-image-4620\" srcset=\"https:\/\/assmgym.saintmedardasso.fr\/wp-content\/uploads\/2026\/03\/fete-du-sport-2016-12.jpg 1000w, https:\/\/assmgym.saintmedardasso.fr\/wp-content\/uploads\/2026\/03\/fete-du-sport-2016-12-300x200.jpg 300w, https:\/\/assmgym.saintmedardasso.fr\/wp-content\/uploads\/2026\/03\/fete-du-sport-2016-12-768x512.jpg 768w\" sizes=\"(max-width: 1000px) 100vw, 1000px\" \/><\/a><\/figure>\n\n\n\n<figure class=\"wp-block-image size-large\"><a href=\"https:\/\/assmgym.saintmedardasso.fr\/wp-content\/uploads\/2026\/03\/fete-du-sport-2016-13.jpg\"><img loading=\"lazy\" width=\"1000\" height=\"667\" data-id=\"4616\"  src=\"https:\/\/assmgym.saintmedardasso.fr\/wp-content\/uploads\/2026\/03\/fete-du-sport-2016-13.jpg\" alt=\"\" class=\"wp-image-4616\" srcset=\"https:\/\/assmgym.saintmedardasso.fr\/wp-content\/uploads\/2026\/03\/fete-du-sport-2016-13.jpg 1000w, https:\/\/assmgym.saintmedardasso.fr\/wp-content\/uploads\/2026\/03\/fete-du-sport-2016-13-300x200.jpg 300w, https:\/\/assmgym.saintmedardasso.fr\/wp-content\/uploads\/2026\/03\/fete-du-sport-2016-13-768x512.jpg 768w\" sizes=\"(max-width: 1000px) 100vw, 1000px\" \/><\/a><\/figure>\n\n\n\n<figure class=\"wp-block-image size-large\"><a href=\"https:\/\/assmgym.saintmedardasso.fr\/wp-content\/uploads\/2026\/03\/fete-du-sport-2016-14.jpg\"><img loading=\"lazy\" width=\"1000\" height=\"667\" data-id=\"4619\"  src=\"https:\/\/assmgym.saintmedardasso.fr\/wp-content\/uploads\/2026\/03\/fete-du-sport-2016-14.jpg\" alt=\"\" class=\"wp-image-4619\" srcset=\"https:\/\/assmgym.saintmedardasso.fr\/wp-content\/uploads\/2026\/03\/fete-du-sport-2016-14.jpg 1000w, https:\/\/assmgym.saintmedardasso.fr\/wp-content\/uploads\/2026\/03\/fete-du-sport-2016-14-300x200.jpg 300w, https:\/\/assmgym.saintmedardasso.fr\/wp-content\/uploads\/2026\/03\/fete-du-sport-2016-14-768x512.jpg 768w\" sizes=\"(max-width: 1000px) 100vw, 1000px\" \/><\/a><\/figure>\n\n\n\n<figure class=\"wp-block-image size-large\"><a href=\"https:\/\/assmgym.saintmedardasso.fr\/wp-content\/uploads\/2026\/03\/fete-du-sport-2016-15.jpg\"><img loading=\"lazy\" width=\"667\" height=\"1000\" data-id=\"4618\"  src=\"https:\/\/assmgym.saintmedardasso.fr\/wp-content\/uploads\/2026\/03\/fete-du-sport-2016-15.jpg\" alt=\"\" class=\"wp-image-4618\" srcset=\"https:\/\/assmgym.saintmedardasso.fr\/wp-content\/uploads\/2026\/03\/fete-du-sport-2016-15.jpg 667w, https:\/\/assmgym.saintmedardasso.fr\/wp-content\/uploads\/2026\/03\/fete-du-sport-2016-15-200x300.jpg 200w\" sizes=\"(max-width: 667px) 100vw, 667px\" \/><\/a><\/figure>\n\n\n\n<figure class=\"wp-block-image size-large\"><a href=\"https:\/\/assmgym.saintmedardasso.fr\/wp-content\/uploads\/2026\/03\/fete-du-sport-2016-16.jpg\"><img loading=\"lazy\" width=\"1000\" height=\"667\" data-id=\"4621\"  src=\"https:\/\/assmgym.saintmedardasso.fr\/wp-content\/uploads\/2026\/03\/fete-du-sport-2016-16.jpg\" alt=\"\" class=\"wp-image-4621\" srcset=\"https:\/\/assmgym.saintmedardasso.fr\/wp-content\/uploads\/2026\/03\/fete-du-sport-2016-16.jpg 1000w, https:\/\/assmgym.saintmedardasso.fr\/wp-content\/uploads\/2026\/03\/fete-du-sport-2016-16-300x200.jpg 300w, https:\/\/assmgym.saintmedardasso.fr\/wp-content\/uploads\/2026\/03\/fete-du-sport-2016-16-768x512.jpg 768w\" sizes=\"(max-width: 1000px) 100vw, 1000px\" \/><\/a><\/figure>\n<\/figure>\n","protected":false},"excerpt":{"rendered":"<p>L\u2019ASSM Gym a particip\u00e9 comme chaque ann\u00e9e, \u00e0 la&nbsp;F\u00eate du Sport. Durant cet apr\u00e8s-midi,\u00a0certains de nos gymnastes ont fait une d\u00e9monstration en plein air [&#8230;]<\/p>\n","protected":false},"author":2,"featured_media":0,"parent":0,"menu_order":0,"comment_status":"closed","ping_status":"closed","template":"","meta":{"ngg_post_thumbnail":0},"_links":{"self":[{"href":"https:\/\/assmgym.saintmedardasso.fr\/index.php?rest_route=\/wp\/v2\/pages\/4605"}],"collection":[{"href":"https:\/\/assmgym.saintmedardasso.fr\/index.php?rest_route=\/wp\/v2\/pages"}],"about":[{"href":"https:\/\/assmgym.saintmedardasso.fr\/index.php?rest_route=\/wp\/v2\/types\/page"}],"author":[{"embeddable":true,"href":"https:\/\/assmgym.saintmedardasso.fr\/index.php?rest_route=\/wp\/v2\/users\/2"}],"replies":[{"embeddable":true,"href":"https:\/\/assmgym.saintmedardasso.fr\/index.php?rest_route=%2Fwp%2Fv2%2Fcomments&post=4605"}],"version-history":[{"count":1,"href":"https:\/\/assmgym.saintmedardasso.fr\/index.php?rest_route=\/wp\/v2\/pages\/4605\/revisions"}],"predecessor-version":[{"id":4623,"href":"https:\/\/assmgym.saintmedardasso.fr\/index.php?rest_route=\/wp\/v2\/pages\/4605\/revisions\/4623"}],"wp:attachment":[{"href":"https:\/\/assmgym.saintmedardasso.fr\/index.php?rest_route=%2Fwp%2Fv2%2Fmedia&parent=4605"}],"curies":[{"name":"wp","href":"https:\/\/api.w.org\/{rel}","templated":true}]}}