{"id":4523,"date":"2026-03-17T14:34:30","date_gmt":"2026-03-17T13:34:30","guid":{"rendered":"https:\/\/assmgym.saintmedardasso.fr\/?page_id=4523"},"modified":"2026-03-17T14:34:30","modified_gmt":"2026-03-17T13:34:30","slug":"competition-amicale-assemblee-generale-2022","status":"publish","type":"page","link":"https:\/\/assmgym.saintmedardasso.fr\/?page_id=4523","title":{"rendered":"COMP\u00c9TITION AMICALE &#038; ASSEMBL\u00c9E G\u00c9N\u00c9RALE 2022"},"content":{"rendered":"\n<p>Retour en images sur notre\u00a0<strong>traditionnelle comp\u00e9tition amicale<\/strong>,\u00a0<strong>l\u2019assembl\u00e9e g\u00e9n\u00e9rale<\/strong>\u00a0du club ainsi que des\u00a0<strong>d\u00e9monstrations gymniques<\/strong>\u00a0de nos comp\u00e9titeurs.<br \/><br \/>Merci aux b\u00e9n\u00e9voles pour cette superbe journ\u00e9e et f\u00e9licitations \u00e0 nos gymnastes !<br \/><\/p>\n\n\n\n<figure class=\"wp-block-gallery has-nested-images columns-4 is-cropped\">\n<figure class=\"wp-block-image size-large\"><a href=\"https:\/\/assmgym.saintmedardasso.fr\/wp-content\/uploads\/2026\/03\/compet-amicale-2022-1.jpg\"><img loading=\"lazy\" width=\"1024\" height=\"768\" data-id=\"4526\"  src=\"https:\/\/assmgym.saintmedardasso.fr\/wp-content\/uploads\/2026\/03\/compet-amicale-2022-1-1024x768.jpg\" alt=\"\" class=\"wp-image-4526\" srcset=\"https:\/\/assmgym.saintmedardasso.fr\/wp-content\/uploads\/2026\/03\/compet-amicale-2022-1-1024x768.jpg 1024w, https:\/\/assmgym.saintmedardasso.fr\/wp-content\/uploads\/2026\/03\/compet-amicale-2022-1-300x225.jpg 300w, https:\/\/assmgym.saintmedardasso.fr\/wp-content\/uploads\/2026\/03\/compet-amicale-2022-1-768x576.jpg 768w, https:\/\/assmgym.saintmedardasso.fr\/wp-content\/uploads\/2026\/03\/compet-amicale-2022-1-1536x1152.jpg 1536w, https:\/\/assmgym.saintmedardasso.fr\/wp-content\/uploads\/2026\/03\/compet-amicale-2022-1-1800x1350.jpg 1800w, https:\/\/assmgym.saintmedardasso.fr\/wp-content\/uploads\/2026\/03\/compet-amicale-2022-1.jpg 2048w\" sizes=\"(max-width: 1024px) 100vw, 1024px\" \/><\/a><\/figure>\n\n\n\n<figure class=\"wp-block-image size-large\"><a href=\"https:\/\/assmgym.saintmedardasso.fr\/wp-content\/uploads\/2026\/03\/compet-amicale-2022-2.jpg\"><img loading=\"lazy\" width=\"1024\" height=\"768\" data-id=\"4527\"  src=\"https:\/\/assmgym.saintmedardasso.fr\/wp-content\/uploads\/2026\/03\/compet-amicale-2022-2-1024x768.jpg\" alt=\"\" class=\"wp-image-4527\" srcset=\"https:\/\/assmgym.saintmedardasso.fr\/wp-content\/uploads\/2026\/03\/compet-amicale-2022-2-1024x768.jpg 1024w, https:\/\/assmgym.saintmedardasso.fr\/wp-content\/uploads\/2026\/03\/compet-amicale-2022-2-300x225.jpg 300w, https:\/\/assmgym.saintmedardasso.fr\/wp-content\/uploads\/2026\/03\/compet-amicale-2022-2-768x576.jpg 768w, https:\/\/assmgym.saintmedardasso.fr\/wp-content\/uploads\/2026\/03\/compet-amicale-2022-2-1536x1152.jpg 1536w, https:\/\/assmgym.saintmedardasso.fr\/wp-content\/uploads\/2026\/03\/compet-amicale-2022-2-1800x1350.jpg 1800w, https:\/\/assmgym.saintmedardasso.fr\/wp-content\/uploads\/2026\/03\/compet-amicale-2022-2.jpg 2048w\" sizes=\"(max-width: 1024px) 100vw, 1024px\" \/><\/a><\/figure>\n\n\n\n<figure class=\"wp-block-image size-large\"><a href=\"https:\/\/assmgym.saintmedardasso.fr\/wp-content\/uploads\/2026\/03\/compet-amicale-2022-3.jpg\"><img loading=\"lazy\" width=\"1024\" height=\"768\" data-id=\"4529\"  src=\"https:\/\/assmgym.saintmedardasso.fr\/wp-content\/uploads\/2026\/03\/compet-amicale-2022-3-1024x768.jpg\" alt=\"\" class=\"wp-image-4529\" srcset=\"https:\/\/assmgym.saintmedardasso.fr\/wp-content\/uploads\/2026\/03\/compet-amicale-2022-3-1024x768.jpg 1024w, https:\/\/assmgym.saintmedardasso.fr\/wp-content\/uploads\/2026\/03\/compet-amicale-2022-3-300x225.jpg 300w, https:\/\/assmgym.saintmedardasso.fr\/wp-content\/uploads\/2026\/03\/compet-amicale-2022-3-768x576.jpg 768w, https:\/\/assmgym.saintmedardasso.fr\/wp-content\/uploads\/2026\/03\/compet-amicale-2022-3-1536x1152.jpg 1536w, https:\/\/assmgym.saintmedardasso.fr\/wp-content\/uploads\/2026\/03\/compet-amicale-2022-3-1800x1350.jpg 1800w, https:\/\/assmgym.saintmedardasso.fr\/wp-content\/uploads\/2026\/03\/compet-amicale-2022-3.jpg 2048w\" sizes=\"(max-width: 1024px) 100vw, 1024px\" \/><\/a><\/figure>\n\n\n\n<figure class=\"wp-block-image size-large\"><a href=\"https:\/\/assmgym.saintmedardasso.fr\/wp-content\/uploads\/2026\/03\/compet-amicale-2022-4.jpg\"><img loading=\"lazy\" width=\"1024\" height=\"768\" data-id=\"4533\"  src=\"https:\/\/assmgym.saintmedardasso.fr\/wp-content\/uploads\/2026\/03\/compet-amicale-2022-4-1024x768.jpg\" alt=\"\" class=\"wp-image-4533\" srcset=\"https:\/\/assmgym.saintmedardasso.fr\/wp-content\/uploads\/2026\/03\/compet-amicale-2022-4-1024x768.jpg 1024w, https:\/\/assmgym.saintmedardasso.fr\/wp-content\/uploads\/2026\/03\/compet-amicale-2022-4-300x225.jpg 300w, https:\/\/assmgym.saintmedardasso.fr\/wp-content\/uploads\/2026\/03\/compet-amicale-2022-4-768x576.jpg 768w, https:\/\/assmgym.saintmedardasso.fr\/wp-content\/uploads\/2026\/03\/compet-amicale-2022-4-1536x1152.jpg 1536w, https:\/\/assmgym.saintmedardasso.fr\/wp-content\/uploads\/2026\/03\/compet-amicale-2022-4-1800x1350.jpg 1800w, https:\/\/assmgym.saintmedardasso.fr\/wp-content\/uploads\/2026\/03\/compet-amicale-2022-4.jpg 2048w\" sizes=\"(max-width: 1024px) 100vw, 1024px\" \/><\/a><\/figure>\n\n\n\n<figure class=\"wp-block-image size-large\"><a href=\"https:\/\/assmgym.saintmedardasso.fr\/wp-content\/uploads\/2026\/03\/compet-amicale-2022-5.jpg\"><img loading=\"lazy\" width=\"1024\" height=\"768\" data-id=\"4532\"  src=\"https:\/\/assmgym.saintmedardasso.fr\/wp-content\/uploads\/2026\/03\/compet-amicale-2022-5-1024x768.jpg\" alt=\"\" class=\"wp-image-4532\" srcset=\"https:\/\/assmgym.saintmedardasso.fr\/wp-content\/uploads\/2026\/03\/compet-amicale-2022-5-1024x768.jpg 1024w, https:\/\/assmgym.saintmedardasso.fr\/wp-content\/uploads\/2026\/03\/compet-amicale-2022-5-300x225.jpg 300w, https:\/\/assmgym.saintmedardasso.fr\/wp-content\/uploads\/2026\/03\/compet-amicale-2022-5-768x576.jpg 768w, https:\/\/assmgym.saintmedardasso.fr\/wp-content\/uploads\/2026\/03\/compet-amicale-2022-5-1536x1152.jpg 1536w, https:\/\/assmgym.saintmedardasso.fr\/wp-content\/uploads\/2026\/03\/compet-amicale-2022-5-1800x1350.jpg 1800w, https:\/\/assmgym.saintmedardasso.fr\/wp-content\/uploads\/2026\/03\/compet-amicale-2022-5.jpg 2048w\" sizes=\"(max-width: 1024px) 100vw, 1024px\" \/><\/a><\/figure>\n\n\n\n<figure class=\"wp-block-image size-large\"><a href=\"https:\/\/assmgym.saintmedardasso.fr\/wp-content\/uploads\/2026\/03\/compet-amicale-2022-6.jpg\"><img loading=\"lazy\" width=\"1024\" height=\"768\" data-id=\"4528\"  src=\"https:\/\/assmgym.saintmedardasso.fr\/wp-content\/uploads\/2026\/03\/compet-amicale-2022-6-1024x768.jpg\" alt=\"\" class=\"wp-image-4528\" srcset=\"https:\/\/assmgym.saintmedardasso.fr\/wp-content\/uploads\/2026\/03\/compet-amicale-2022-6-1024x768.jpg 1024w, https:\/\/assmgym.saintmedardasso.fr\/wp-content\/uploads\/2026\/03\/compet-amicale-2022-6-300x225.jpg 300w, https:\/\/assmgym.saintmedardasso.fr\/wp-content\/uploads\/2026\/03\/compet-amicale-2022-6-768x576.jpg 768w, https:\/\/assmgym.saintmedardasso.fr\/wp-content\/uploads\/2026\/03\/compet-amicale-2022-6-1536x1152.jpg 1536w, https:\/\/assmgym.saintmedardasso.fr\/wp-content\/uploads\/2026\/03\/compet-amicale-2022-6-1800x1350.jpg 1800w, https:\/\/assmgym.saintmedardasso.fr\/wp-content\/uploads\/2026\/03\/compet-amicale-2022-6.jpg 2048w\" sizes=\"(max-width: 1024px) 100vw, 1024px\" \/><\/a><\/figure>\n\n\n\n<figure class=\"wp-block-image size-large\"><a href=\"https:\/\/assmgym.saintmedardasso.fr\/wp-content\/uploads\/2026\/03\/compet-amicale-2022-7.jpg\"><img loading=\"lazy\" width=\"1024\" height=\"768\" data-id=\"4525\"  src=\"https:\/\/assmgym.saintmedardasso.fr\/wp-content\/uploads\/2026\/03\/compet-amicale-2022-7.jpg\" alt=\"\" class=\"wp-image-4525\" srcset=\"https:\/\/assmgym.saintmedardasso.fr\/wp-content\/uploads\/2026\/03\/compet-amicale-2022-7.jpg 1024w, https:\/\/assmgym.saintmedardasso.fr\/wp-content\/uploads\/2026\/03\/compet-amicale-2022-7-300x225.jpg 300w, https:\/\/assmgym.saintmedardasso.fr\/wp-content\/uploads\/2026\/03\/compet-amicale-2022-7-768x576.jpg 768w\" sizes=\"(max-width: 1024px) 100vw, 1024px\" \/><\/a><\/figure>\n\n\n\n<figure class=\"wp-block-image size-large\"><a href=\"https:\/\/assmgym.saintmedardasso.fr\/wp-content\/uploads\/2026\/03\/compet-amicale-2022-8.jpg\"><img loading=\"lazy\" width=\"1024\" height=\"768\" data-id=\"4524\"  src=\"https:\/\/assmgym.saintmedardasso.fr\/wp-content\/uploads\/2026\/03\/compet-amicale-2022-8.jpg\" alt=\"\" class=\"wp-image-4524\" srcset=\"https:\/\/assmgym.saintmedardasso.fr\/wp-content\/uploads\/2026\/03\/compet-amicale-2022-8.jpg 1024w, https:\/\/assmgym.saintmedardasso.fr\/wp-content\/uploads\/2026\/03\/compet-amicale-2022-8-300x225.jpg 300w, https:\/\/assmgym.saintmedardasso.fr\/wp-content\/uploads\/2026\/03\/compet-amicale-2022-8-768x576.jpg 768w\" sizes=\"(max-width: 1024px) 100vw, 1024px\" \/><\/a><\/figure>\n\n\n\n<figure class=\"wp-block-image size-large\"><a href=\"https:\/\/assmgym.saintmedardasso.fr\/wp-content\/uploads\/2026\/03\/compet-amicale-2022-9.jpg\"><img loading=\"lazy\" width=\"768\" height=\"1024\" data-id=\"4531\"  src=\"https:\/\/assmgym.saintmedardasso.fr\/wp-content\/uploads\/2026\/03\/compet-amicale-2022-9.jpg\" alt=\"\" class=\"wp-image-4531\" srcset=\"https:\/\/assmgym.saintmedardasso.fr\/wp-content\/uploads\/2026\/03\/compet-amicale-2022-9.jpg 768w, https:\/\/assmgym.saintmedardasso.fr\/wp-content\/uploads\/2026\/03\/compet-amicale-2022-9-225x300.jpg 225w\" sizes=\"(max-width: 768px) 100vw, 768px\" \/><\/a><\/figure>\n\n\n\n<figure class=\"wp-block-image size-large\"><a href=\"https:\/\/assmgym.saintmedardasso.fr\/wp-content\/uploads\/2026\/03\/compet-amicale-2022-10.jpg\"><img loading=\"lazy\" width=\"768\" height=\"1024\" data-id=\"4530\"  src=\"https:\/\/assmgym.saintmedardasso.fr\/wp-content\/uploads\/2026\/03\/compet-amicale-2022-10.jpg\" alt=\"\" class=\"wp-image-4530\" srcset=\"https:\/\/assmgym.saintmedardasso.fr\/wp-content\/uploads\/2026\/03\/compet-amicale-2022-10.jpg 768w, https:\/\/assmgym.saintmedardasso.fr\/wp-content\/uploads\/2026\/03\/compet-amicale-2022-10-225x300.jpg 225w\" sizes=\"(max-width: 768px) 100vw, 768px\" \/><\/a><\/figure>\n\n\n\n<figure class=\"wp-block-image size-large\"><a href=\"https:\/\/assmgym.saintmedardasso.fr\/wp-content\/uploads\/2026\/03\/compet-amicale-2022-11.jpg\"><img loading=\"lazy\" width=\"768\" height=\"1024\" data-id=\"4534\"  src=\"https:\/\/assmgym.saintmedardasso.fr\/wp-content\/uploads\/2026\/03\/compet-amicale-2022-11.jpg\" alt=\"\" class=\"wp-image-4534\" srcset=\"https:\/\/assmgym.saintmedardasso.fr\/wp-content\/uploads\/2026\/03\/compet-amicale-2022-11.jpg 768w, https:\/\/assmgym.saintmedardasso.fr\/wp-content\/uploads\/2026\/03\/compet-amicale-2022-11-225x300.jpg 225w\" sizes=\"(max-width: 768px) 100vw, 768px\" \/><\/a><\/figure>\n\n\n\n<figure class=\"wp-block-image size-large\"><a href=\"https:\/\/assmgym.saintmedardasso.fr\/wp-content\/uploads\/2026\/03\/compet-amicale-2022-12.jpg\"><img loading=\"lazy\" width=\"768\" height=\"1024\" data-id=\"4535\"  src=\"https:\/\/assmgym.saintmedardasso.fr\/wp-content\/uploads\/2026\/03\/compet-amicale-2022-12.jpg\" alt=\"\" class=\"wp-image-4535\" srcset=\"https:\/\/assmgym.saintmedardasso.fr\/wp-content\/uploads\/2026\/03\/compet-amicale-2022-12.jpg 768w, https:\/\/assmgym.saintmedardasso.fr\/wp-content\/uploads\/2026\/03\/compet-amicale-2022-12-225x300.jpg 225w\" sizes=\"(max-width: 768px) 100vw, 768px\" \/><\/a><\/figure>\n\n\n\n<figure class=\"wp-block-image size-large\"><a href=\"https:\/\/assmgym.saintmedardasso.fr\/wp-content\/uploads\/2026\/03\/compet-amicale-2022-13.jpg\"><img loading=\"lazy\" width=\"768\" height=\"1024\" data-id=\"4536\"  src=\"https:\/\/assmgym.saintmedardasso.fr\/wp-content\/uploads\/2026\/03\/compet-amicale-2022-13.jpg\" alt=\"\" class=\"wp-image-4536\" srcset=\"https:\/\/assmgym.saintmedardasso.fr\/wp-content\/uploads\/2026\/03\/compet-amicale-2022-13.jpg 768w, https:\/\/assmgym.saintmedardasso.fr\/wp-content\/uploads\/2026\/03\/compet-amicale-2022-13-225x300.jpg 225w\" sizes=\"(max-width: 768px) 100vw, 768px\" \/><\/a><\/figure>\n\n\n\n<figure class=\"wp-block-image size-large\"><a href=\"https:\/\/assmgym.saintmedardasso.fr\/wp-content\/uploads\/2026\/03\/compet-amicale-2022-14.jpg\"><img loading=\"lazy\" width=\"1024\" height=\"768\" data-id=\"4537\"  src=\"https:\/\/assmgym.saintmedardasso.fr\/wp-content\/uploads\/2026\/03\/compet-amicale-2022-14.jpg\" alt=\"\" class=\"wp-image-4537\" srcset=\"https:\/\/assmgym.saintmedardasso.fr\/wp-content\/uploads\/2026\/03\/compet-amicale-2022-14.jpg 1024w, https:\/\/assmgym.saintmedardasso.fr\/wp-content\/uploads\/2026\/03\/compet-amicale-2022-14-300x225.jpg 300w, https:\/\/assmgym.saintmedardasso.fr\/wp-content\/uploads\/2026\/03\/compet-amicale-2022-14-768x576.jpg 768w\" sizes=\"(max-width: 1024px) 100vw, 1024px\" \/><\/a><\/figure>\n\n\n\n<figure class=\"wp-block-image size-large\"><a href=\"https:\/\/assmgym.saintmedardasso.fr\/wp-content\/uploads\/2026\/03\/compet-amicale-2022-15.jpg\"><img loading=\"lazy\" width=\"1024\" height=\"768\" data-id=\"4538\"  src=\"https:\/\/assmgym.saintmedardasso.fr\/wp-content\/uploads\/2026\/03\/compet-amicale-2022-15.jpg\" alt=\"\" class=\"wp-image-4538\" srcset=\"https:\/\/assmgym.saintmedardasso.fr\/wp-content\/uploads\/2026\/03\/compet-amicale-2022-15.jpg 1024w, https:\/\/assmgym.saintmedardasso.fr\/wp-content\/uploads\/2026\/03\/compet-amicale-2022-15-300x225.jpg 300w, https:\/\/assmgym.saintmedardasso.fr\/wp-content\/uploads\/2026\/03\/compet-amicale-2022-15-768x576.jpg 768w\" sizes=\"(max-width: 1024px) 100vw, 1024px\" \/><\/a><\/figure>\n\n\n\n<figure class=\"wp-block-image size-large\"><a href=\"https:\/\/assmgym.saintmedardasso.fr\/wp-content\/uploads\/2026\/03\/compet-amicale-2022-16.jpg\"><img loading=\"lazy\" width=\"768\" height=\"1024\" data-id=\"4539\"  src=\"https:\/\/assmgym.saintmedardasso.fr\/wp-content\/uploads\/2026\/03\/compet-amicale-2022-16.jpg\" alt=\"\" class=\"wp-image-4539\" srcset=\"https:\/\/assmgym.saintmedardasso.fr\/wp-content\/uploads\/2026\/03\/compet-amicale-2022-16.jpg 768w, https:\/\/assmgym.saintmedardasso.fr\/wp-content\/uploads\/2026\/03\/compet-amicale-2022-16-225x300.jpg 225w\" sizes=\"(max-width: 768px) 100vw, 768px\" \/><\/a><\/figure>\n\n\n\n<figure class=\"wp-block-image size-large\"><a href=\"https:\/\/assmgym.saintmedardasso.fr\/wp-content\/uploads\/2026\/03\/compet-amicale-2022-17.jpg\"><img loading=\"lazy\" width=\"1024\" height=\"768\" data-id=\"4540\"  src=\"https:\/\/assmgym.saintmedardasso.fr\/wp-content\/uploads\/2026\/03\/compet-amicale-2022-17.jpg\" alt=\"\" class=\"wp-image-4540\" srcset=\"https:\/\/assmgym.saintmedardasso.fr\/wp-content\/uploads\/2026\/03\/compet-amicale-2022-17.jpg 1024w, https:\/\/assmgym.saintmedardasso.fr\/wp-content\/uploads\/2026\/03\/compet-amicale-2022-17-300x225.jpg 300w, https:\/\/assmgym.saintmedardasso.fr\/wp-content\/uploads\/2026\/03\/compet-amicale-2022-17-768x576.jpg 768w\" sizes=\"(max-width: 1024px) 100vw, 1024px\" \/><\/a><\/figure>\n\n\n\n<figure class=\"wp-block-image size-large\"><a href=\"https:\/\/assmgym.saintmedardasso.fr\/wp-content\/uploads\/2026\/03\/compet-amicale-2022-18.jpg\"><img loading=\"lazy\" width=\"768\" height=\"1024\" data-id=\"4541\"  src=\"https:\/\/assmgym.saintmedardasso.fr\/wp-content\/uploads\/2026\/03\/compet-amicale-2022-18.jpg\" alt=\"\" class=\"wp-image-4541\" srcset=\"https:\/\/assmgym.saintmedardasso.fr\/wp-content\/uploads\/2026\/03\/compet-amicale-2022-18.jpg 768w, https:\/\/assmgym.saintmedardasso.fr\/wp-content\/uploads\/2026\/03\/compet-amicale-2022-18-225x300.jpg 225w\" sizes=\"(max-width: 768px) 100vw, 768px\" \/><\/a><\/figure>\n\n\n\n<figure class=\"wp-block-image size-large\"><a href=\"https:\/\/assmgym.saintmedardasso.fr\/wp-content\/uploads\/2026\/03\/compet-amicale-2022-19.jpg\"><img loading=\"lazy\" width=\"1024\" height=\"768\" data-id=\"4542\"  src=\"https:\/\/assmgym.saintmedardasso.fr\/wp-content\/uploads\/2026\/03\/compet-amicale-2022-19.jpg\" alt=\"\" class=\"wp-image-4542\" srcset=\"https:\/\/assmgym.saintmedardasso.fr\/wp-content\/uploads\/2026\/03\/compet-amicale-2022-19.jpg 1024w, https:\/\/assmgym.saintmedardasso.fr\/wp-content\/uploads\/2026\/03\/compet-amicale-2022-19-300x225.jpg 300w, https:\/\/assmgym.saintmedardasso.fr\/wp-content\/uploads\/2026\/03\/compet-amicale-2022-19-768x576.jpg 768w\" sizes=\"(max-width: 1024px) 100vw, 1024px\" \/><\/a><\/figure>\n\n\n\n<figure class=\"wp-block-image size-large\"><a href=\"https:\/\/assmgym.saintmedardasso.fr\/wp-content\/uploads\/2026\/03\/compet-amicale-2022-20.jpg\"><img loading=\"lazy\" width=\"693\" height=\"482\" data-id=\"4545\"  src=\"https:\/\/assmgym.saintmedardasso.fr\/wp-content\/uploads\/2026\/03\/compet-amicale-2022-20.jpg\" alt=\"\" class=\"wp-image-4545\" srcset=\"https:\/\/assmgym.saintmedardasso.fr\/wp-content\/uploads\/2026\/03\/compet-amicale-2022-20.jpg 693w, https:\/\/assmgym.saintmedardasso.fr\/wp-content\/uploads\/2026\/03\/compet-amicale-2022-20-300x209.jpg 300w\" sizes=\"(max-width: 693px) 100vw, 693px\" \/><\/a><\/figure>\n\n\n\n<figure class=\"wp-block-image size-large\"><a href=\"https:\/\/assmgym.saintmedardasso.fr\/wp-content\/uploads\/2026\/03\/compet-amicale-2022-21.jpg\"><img loading=\"lazy\" width=\"768\" height=\"1024\" data-id=\"4543\"  src=\"https:\/\/assmgym.saintmedardasso.fr\/wp-content\/uploads\/2026\/03\/compet-amicale-2022-21.jpg\" alt=\"\" class=\"wp-image-4543\" srcset=\"https:\/\/assmgym.saintmedardasso.fr\/wp-content\/uploads\/2026\/03\/compet-amicale-2022-21.jpg 768w, https:\/\/assmgym.saintmedardasso.fr\/wp-content\/uploads\/2026\/03\/compet-amicale-2022-21-225x300.jpg 225w\" sizes=\"(max-width: 768px) 100vw, 768px\" \/><\/a><\/figure>\n\n\n\n<figure class=\"wp-block-image size-large\"><a href=\"https:\/\/assmgym.saintmedardasso.fr\/wp-content\/uploads\/2026\/03\/compet-amicale-2022-22.jpg\"><img loading=\"lazy\" width=\"768\" height=\"1024\" data-id=\"4544\"  src=\"https:\/\/assmgym.saintmedardasso.fr\/wp-content\/uploads\/2026\/03\/compet-amicale-2022-22.jpg\" alt=\"\" class=\"wp-image-4544\" srcset=\"https:\/\/assmgym.saintmedardasso.fr\/wp-content\/uploads\/2026\/03\/compet-amicale-2022-22.jpg 768w, https:\/\/assmgym.saintmedardasso.fr\/wp-content\/uploads\/2026\/03\/compet-amicale-2022-22-225x300.jpg 225w\" sizes=\"(max-width: 768px) 100vw, 768px\" \/><\/a><\/figure>\n\n\n\n<figure class=\"wp-block-image size-large\"><a href=\"https:\/\/assmgym.saintmedardasso.fr\/wp-content\/uploads\/2026\/03\/compet-amicale-2022-23.jpg\"><img loading=\"lazy\" width=\"1024\" height=\"768\" data-id=\"4546\"  src=\"https:\/\/assmgym.saintmedardasso.fr\/wp-content\/uploads\/2026\/03\/compet-amicale-2022-23-1024x768.jpg\" alt=\"\" class=\"wp-image-4546\" srcset=\"https:\/\/assmgym.saintmedardasso.fr\/wp-content\/uploads\/2026\/03\/compet-amicale-2022-23-1024x768.jpg 1024w, https:\/\/assmgym.saintmedardasso.fr\/wp-content\/uploads\/2026\/03\/compet-amicale-2022-23-300x225.jpg 300w, https:\/\/assmgym.saintmedardasso.fr\/wp-content\/uploads\/2026\/03\/compet-amicale-2022-23-768x576.jpg 768w, https:\/\/assmgym.saintmedardasso.fr\/wp-content\/uploads\/2026\/03\/compet-amicale-2022-23-1536x1152.jpg 1536w, https:\/\/assmgym.saintmedardasso.fr\/wp-content\/uploads\/2026\/03\/compet-amicale-2022-23-1800x1350.jpg 1800w, https:\/\/assmgym.saintmedardasso.fr\/wp-content\/uploads\/2026\/03\/compet-amicale-2022-23.jpg 2048w\" sizes=\"(max-width: 1024px) 100vw, 1024px\" \/><\/a><\/figure>\n\n\n\n<figure class=\"wp-block-image size-large\"><a href=\"https:\/\/assmgym.saintmedardasso.fr\/wp-content\/uploads\/2026\/03\/compet-amicale-2022-24.jpg\"><img loading=\"lazy\" width=\"1024\" height=\"768\" data-id=\"4547\"  src=\"https:\/\/assmgym.saintmedardasso.fr\/wp-content\/uploads\/2026\/03\/compet-amicale-2022-24-1024x768.jpg\" alt=\"\" class=\"wp-image-4547\" srcset=\"https:\/\/assmgym.saintmedardasso.fr\/wp-content\/uploads\/2026\/03\/compet-amicale-2022-24-1024x768.jpg 1024w, https:\/\/assmgym.saintmedardasso.fr\/wp-content\/uploads\/2026\/03\/compet-amicale-2022-24-300x225.jpg 300w, https:\/\/assmgym.saintmedardasso.fr\/wp-content\/uploads\/2026\/03\/compet-amicale-2022-24-768x576.jpg 768w, https:\/\/assmgym.saintmedardasso.fr\/wp-content\/uploads\/2026\/03\/compet-amicale-2022-24-1536x1152.jpg 1536w, https:\/\/assmgym.saintmedardasso.fr\/wp-content\/uploads\/2026\/03\/compet-amicale-2022-24-1800x1350.jpg 1800w, https:\/\/assmgym.saintmedardasso.fr\/wp-content\/uploads\/2026\/03\/compet-amicale-2022-24.jpg 2048w\" sizes=\"(max-width: 1024px) 100vw, 1024px\" \/><\/a><\/figure>\n<\/figure>\n","protected":false},"excerpt":{"rendered":"<p>Retour en images sur notre\u00a0traditionnelle comp\u00e9tition amicale,\u00a0l\u2019assembl\u00e9e g\u00e9n\u00e9rale\u00a0du club ainsi que des\u00a0d\u00e9monstrations gymniques\u00a0de nos comp\u00e9titeurs. Merci aux b\u00e9n\u00e9voles pour cette superbe journ\u00e9e et f\u00e9licitations [&#8230;]<\/p>\n","protected":false},"author":2,"featured_media":0,"parent":0,"menu_order":0,"comment_status":"closed","ping_status":"closed","template":"","meta":{"ngg_post_thumbnail":0},"_links":{"self":[{"href":"https:\/\/assmgym.saintmedardasso.fr\/index.php?rest_route=\/wp\/v2\/pages\/4523"}],"collection":[{"href":"https:\/\/assmgym.saintmedardasso.fr\/index.php?rest_route=\/wp\/v2\/pages"}],"about":[{"href":"https:\/\/assmgym.saintmedardasso.fr\/index.php?rest_route=\/wp\/v2\/types\/page"}],"author":[{"embeddable":true,"href":"https:\/\/assmgym.saintmedardasso.fr\/index.php?rest_route=\/wp\/v2\/users\/2"}],"replies":[{"embeddable":true,"href":"https:\/\/assmgym.saintmedardasso.fr\/index.php?rest_route=%2Fwp%2Fv2%2Fcomments&post=4523"}],"version-history":[{"count":1,"href":"https:\/\/assmgym.saintmedardasso.fr\/index.php?rest_route=\/wp\/v2\/pages\/4523\/revisions"}],"predecessor-version":[{"id":4549,"href":"https:\/\/assmgym.saintmedardasso.fr\/index.php?rest_route=\/wp\/v2\/pages\/4523\/revisions\/4549"}],"wp:attachment":[{"href":"https:\/\/assmgym.saintmedardasso.fr\/index.php?rest_route=%2Fwp%2Fv2%2Fmedia&parent=4523"}],"curies":[{"name":"wp","href":"https:\/\/api.w.org\/{rel}","templated":true}]}}