{"id":4226,"date":"2026-03-17T11:53:28","date_gmt":"2026-03-17T10:53:28","guid":{"rendered":"https:\/\/assmgym.saintmedardasso.fr\/?page_id=4226"},"modified":"2026-03-17T11:53:28","modified_gmt":"2026-03-17T10:53:28","slug":"loto-2013","status":"publish","type":"page","link":"https:\/\/assmgym.saintmedardasso.fr\/?page_id=4226","title":{"rendered":"LOTO 2013"},"content":{"rendered":"\n<p>Samedi 30 novembre 2013 a eu lieu le premier loto organis\u00e9 par l&rsquo;ASSM Gymnatique et Trampoline. Ce fut une grande r\u00e9ussite, et nous sommes ravis d&rsquo;avoir partag\u00e9 cette grande soir\u00e9e avec vous. Merci \u00e0 tous pour votre pr\u00e9sence et votre joie de vivre !<br \/><\/p>\n\n\n\n<figure class=\"wp-block-gallery has-nested-images columns-4 is-cropped\">\n<figure class=\"wp-block-image size-large\"><a href=\"https:\/\/assmgym.saintmedardasso.fr\/wp-content\/uploads\/2026\/03\/Loto-2013-1.jpg\"><img loading=\"lazy\" width=\"960\" height=\"541\" data-id=\"4227\"  src=\"https:\/\/assmgym.saintmedardasso.fr\/wp-content\/uploads\/2026\/03\/Loto-2013-1.jpg\" alt=\"\" class=\"wp-image-4227\" srcset=\"https:\/\/assmgym.saintmedardasso.fr\/wp-content\/uploads\/2026\/03\/Loto-2013-1.jpg 960w, https:\/\/assmgym.saintmedardasso.fr\/wp-content\/uploads\/2026\/03\/Loto-2013-1-300x169.jpg 300w, https:\/\/assmgym.saintmedardasso.fr\/wp-content\/uploads\/2026\/03\/Loto-2013-1-768x433.jpg 768w\" sizes=\"(max-width: 960px) 100vw, 960px\" \/><\/a><\/figure>\n\n\n\n<figure class=\"wp-block-image size-large\"><a href=\"https:\/\/assmgym.saintmedardasso.fr\/wp-content\/uploads\/2026\/03\/Loto-2013-2.jpg\"><img loading=\"lazy\" width=\"960\" height=\"541\" data-id=\"4228\"  src=\"https:\/\/assmgym.saintmedardasso.fr\/wp-content\/uploads\/2026\/03\/Loto-2013-2.jpg\" alt=\"\" class=\"wp-image-4228\" srcset=\"https:\/\/assmgym.saintmedardasso.fr\/wp-content\/uploads\/2026\/03\/Loto-2013-2.jpg 960w, https:\/\/assmgym.saintmedardasso.fr\/wp-content\/uploads\/2026\/03\/Loto-2013-2-300x169.jpg 300w, https:\/\/assmgym.saintmedardasso.fr\/wp-content\/uploads\/2026\/03\/Loto-2013-2-768x433.jpg 768w\" sizes=\"(max-width: 960px) 100vw, 960px\" \/><\/a><\/figure>\n\n\n\n<figure class=\"wp-block-image size-large\"><a href=\"https:\/\/assmgym.saintmedardasso.fr\/wp-content\/uploads\/2026\/03\/Loto-2013-3.jpg\"><img loading=\"lazy\" width=\"960\" height=\"541\" data-id=\"4230\"  src=\"https:\/\/assmgym.saintmedardasso.fr\/wp-content\/uploads\/2026\/03\/Loto-2013-3.jpg\" alt=\"\" class=\"wp-image-4230\" srcset=\"https:\/\/assmgym.saintmedardasso.fr\/wp-content\/uploads\/2026\/03\/Loto-2013-3.jpg 960w, https:\/\/assmgym.saintmedardasso.fr\/wp-content\/uploads\/2026\/03\/Loto-2013-3-300x169.jpg 300w, https:\/\/assmgym.saintmedardasso.fr\/wp-content\/uploads\/2026\/03\/Loto-2013-3-768x433.jpg 768w\" sizes=\"(max-width: 960px) 100vw, 960px\" \/><\/a><\/figure>\n\n\n\n<figure class=\"wp-block-image size-large\"><a href=\"https:\/\/assmgym.saintmedardasso.fr\/wp-content\/uploads\/2026\/03\/Loto-2013-4.jpg\"><img loading=\"lazy\" width=\"960\" height=\"541\" data-id=\"4234\"  src=\"https:\/\/assmgym.saintmedardasso.fr\/wp-content\/uploads\/2026\/03\/Loto-2013-4.jpg\" alt=\"\" class=\"wp-image-4234\" srcset=\"https:\/\/assmgym.saintmedardasso.fr\/wp-content\/uploads\/2026\/03\/Loto-2013-4.jpg 960w, https:\/\/assmgym.saintmedardasso.fr\/wp-content\/uploads\/2026\/03\/Loto-2013-4-300x169.jpg 300w, https:\/\/assmgym.saintmedardasso.fr\/wp-content\/uploads\/2026\/03\/Loto-2013-4-768x433.jpg 768w\" sizes=\"(max-width: 960px) 100vw, 960px\" \/><\/a><\/figure>\n\n\n\n<figure class=\"wp-block-image size-large\"><a href=\"https:\/\/assmgym.saintmedardasso.fr\/wp-content\/uploads\/2026\/03\/Loto-2013-5.jpg\"><img loading=\"lazy\" width=\"960\" height=\"541\" data-id=\"4229\"  src=\"https:\/\/assmgym.saintmedardasso.fr\/wp-content\/uploads\/2026\/03\/Loto-2013-5.jpg\" alt=\"\" class=\"wp-image-4229\" srcset=\"https:\/\/assmgym.saintmedardasso.fr\/wp-content\/uploads\/2026\/03\/Loto-2013-5.jpg 960w, https:\/\/assmgym.saintmedardasso.fr\/wp-content\/uploads\/2026\/03\/Loto-2013-5-300x169.jpg 300w, https:\/\/assmgym.saintmedardasso.fr\/wp-content\/uploads\/2026\/03\/Loto-2013-5-768x433.jpg 768w\" sizes=\"(max-width: 960px) 100vw, 960px\" \/><\/a><\/figure>\n\n\n\n<figure class=\"wp-block-image size-large\"><a href=\"https:\/\/assmgym.saintmedardasso.fr\/wp-content\/uploads\/2026\/03\/Loto-2013-6.jpg\"><img loading=\"lazy\" width=\"541\" height=\"960\" data-id=\"4231\"  src=\"https:\/\/assmgym.saintmedardasso.fr\/wp-content\/uploads\/2026\/03\/Loto-2013-6.jpg\" alt=\"\" class=\"wp-image-4231\" srcset=\"https:\/\/assmgym.saintmedardasso.fr\/wp-content\/uploads\/2026\/03\/Loto-2013-6.jpg 541w, https:\/\/assmgym.saintmedardasso.fr\/wp-content\/uploads\/2026\/03\/Loto-2013-6-169x300.jpg 169w\" sizes=\"(max-width: 541px) 100vw, 541px\" \/><\/a><\/figure>\n\n\n\n<figure class=\"wp-block-image size-large\"><a href=\"https:\/\/assmgym.saintmedardasso.fr\/wp-content\/uploads\/2026\/03\/Loto-2013-7.jpg\"><img loading=\"lazy\" width=\"960\" height=\"541\" data-id=\"4233\"  src=\"https:\/\/assmgym.saintmedardasso.fr\/wp-content\/uploads\/2026\/03\/Loto-2013-7.jpg\" alt=\"\" class=\"wp-image-4233\" srcset=\"https:\/\/assmgym.saintmedardasso.fr\/wp-content\/uploads\/2026\/03\/Loto-2013-7.jpg 960w, https:\/\/assmgym.saintmedardasso.fr\/wp-content\/uploads\/2026\/03\/Loto-2013-7-300x169.jpg 300w, https:\/\/assmgym.saintmedardasso.fr\/wp-content\/uploads\/2026\/03\/Loto-2013-7-768x433.jpg 768w\" sizes=\"(max-width: 960px) 100vw, 960px\" \/><\/a><\/figure>\n\n\n\n<figure class=\"wp-block-image size-large\"><a href=\"https:\/\/assmgym.saintmedardasso.fr\/wp-content\/uploads\/2026\/03\/Loto-2013-8.jpg\"><img loading=\"lazy\" width=\"960\" height=\"541\" data-id=\"4232\"  src=\"https:\/\/assmgym.saintmedardasso.fr\/wp-content\/uploads\/2026\/03\/Loto-2013-8.jpg\" alt=\"\" class=\"wp-image-4232\" srcset=\"https:\/\/assmgym.saintmedardasso.fr\/wp-content\/uploads\/2026\/03\/Loto-2013-8.jpg 960w, https:\/\/assmgym.saintmedardasso.fr\/wp-content\/uploads\/2026\/03\/Loto-2013-8-300x169.jpg 300w, https:\/\/assmgym.saintmedardasso.fr\/wp-content\/uploads\/2026\/03\/Loto-2013-8-768x433.jpg 768w\" sizes=\"(max-width: 960px) 100vw, 960px\" \/><\/a><\/figure>\n\n\n\n<figure class=\"wp-block-image size-large\"><a href=\"https:\/\/assmgym.saintmedardasso.fr\/wp-content\/uploads\/2026\/03\/Loto-2013-9.jpg\"><img loading=\"lazy\" width=\"541\" height=\"960\" data-id=\"4235\"  src=\"https:\/\/assmgym.saintmedardasso.fr\/wp-content\/uploads\/2026\/03\/Loto-2013-9.jpg\" alt=\"\" class=\"wp-image-4235\" srcset=\"https:\/\/assmgym.saintmedardasso.fr\/wp-content\/uploads\/2026\/03\/Loto-2013-9.jpg 541w, https:\/\/assmgym.saintmedardasso.fr\/wp-content\/uploads\/2026\/03\/Loto-2013-9-169x300.jpg 169w\" sizes=\"(max-width: 541px) 100vw, 541px\" \/><\/a><\/figure>\n\n\n\n<figure class=\"wp-block-image size-large\"><a href=\"https:\/\/assmgym.saintmedardasso.fr\/wp-content\/uploads\/2026\/03\/Loto-2013-10.jpg\"><img loading=\"lazy\" width=\"960\" height=\"541\" data-id=\"4236\"  src=\"https:\/\/assmgym.saintmedardasso.fr\/wp-content\/uploads\/2026\/03\/Loto-2013-10.jpg\" alt=\"\" class=\"wp-image-4236\" srcset=\"https:\/\/assmgym.saintmedardasso.fr\/wp-content\/uploads\/2026\/03\/Loto-2013-10.jpg 960w, https:\/\/assmgym.saintmedardasso.fr\/wp-content\/uploads\/2026\/03\/Loto-2013-10-300x169.jpg 300w, https:\/\/assmgym.saintmedardasso.fr\/wp-content\/uploads\/2026\/03\/Loto-2013-10-768x433.jpg 768w\" sizes=\"(max-width: 960px) 100vw, 960px\" \/><\/a><\/figure>\n\n\n\n<figure class=\"wp-block-image size-large\"><a href=\"https:\/\/assmgym.saintmedardasso.fr\/wp-content\/uploads\/2026\/03\/Loto-2013-11.jpg\"><img loading=\"lazy\" width=\"960\" height=\"541\" data-id=\"4241\"  src=\"https:\/\/assmgym.saintmedardasso.fr\/wp-content\/uploads\/2026\/03\/Loto-2013-11.jpg\" alt=\"\" class=\"wp-image-4241\" srcset=\"https:\/\/assmgym.saintmedardasso.fr\/wp-content\/uploads\/2026\/03\/Loto-2013-11.jpg 960w, https:\/\/assmgym.saintmedardasso.fr\/wp-content\/uploads\/2026\/03\/Loto-2013-11-300x169.jpg 300w, https:\/\/assmgym.saintmedardasso.fr\/wp-content\/uploads\/2026\/03\/Loto-2013-11-768x433.jpg 768w\" sizes=\"(max-width: 960px) 100vw, 960px\" \/><\/a><\/figure>\n\n\n\n<figure class=\"wp-block-image size-large\"><a href=\"https:\/\/assmgym.saintmedardasso.fr\/wp-content\/uploads\/2026\/03\/Loto-2013-12.jpg\"><img loading=\"lazy\" width=\"960\" height=\"541\" data-id=\"4238\"  src=\"https:\/\/assmgym.saintmedardasso.fr\/wp-content\/uploads\/2026\/03\/Loto-2013-12.jpg\" alt=\"\" class=\"wp-image-4238\" srcset=\"https:\/\/assmgym.saintmedardasso.fr\/wp-content\/uploads\/2026\/03\/Loto-2013-12.jpg 960w, https:\/\/assmgym.saintmedardasso.fr\/wp-content\/uploads\/2026\/03\/Loto-2013-12-300x169.jpg 300w, https:\/\/assmgym.saintmedardasso.fr\/wp-content\/uploads\/2026\/03\/Loto-2013-12-768x433.jpg 768w\" sizes=\"(max-width: 960px) 100vw, 960px\" \/><\/a><\/figure>\n\n\n\n<figure class=\"wp-block-image size-large\"><a href=\"https:\/\/assmgym.saintmedardasso.fr\/wp-content\/uploads\/2026\/03\/Loto-2013-13.jpg\"><img loading=\"lazy\" width=\"960\" height=\"541\" data-id=\"4237\"  src=\"https:\/\/assmgym.saintmedardasso.fr\/wp-content\/uploads\/2026\/03\/Loto-2013-13.jpg\" alt=\"\" class=\"wp-image-4237\" srcset=\"https:\/\/assmgym.saintmedardasso.fr\/wp-content\/uploads\/2026\/03\/Loto-2013-13.jpg 960w, https:\/\/assmgym.saintmedardasso.fr\/wp-content\/uploads\/2026\/03\/Loto-2013-13-300x169.jpg 300w, https:\/\/assmgym.saintmedardasso.fr\/wp-content\/uploads\/2026\/03\/Loto-2013-13-768x433.jpg 768w\" sizes=\"(max-width: 960px) 100vw, 960px\" \/><\/a><\/figure>\n\n\n\n<figure class=\"wp-block-image size-large\"><a href=\"https:\/\/assmgym.saintmedardasso.fr\/wp-content\/uploads\/2026\/03\/Loto-2013-14.jpg\"><img loading=\"lazy\" width=\"960\" height=\"541\" data-id=\"4242\"  src=\"https:\/\/assmgym.saintmedardasso.fr\/wp-content\/uploads\/2026\/03\/Loto-2013-14.jpg\" alt=\"\" class=\"wp-image-4242\" srcset=\"https:\/\/assmgym.saintmedardasso.fr\/wp-content\/uploads\/2026\/03\/Loto-2013-14.jpg 960w, https:\/\/assmgym.saintmedardasso.fr\/wp-content\/uploads\/2026\/03\/Loto-2013-14-300x169.jpg 300w, https:\/\/assmgym.saintmedardasso.fr\/wp-content\/uploads\/2026\/03\/Loto-2013-14-768x433.jpg 768w\" sizes=\"(max-width: 960px) 100vw, 960px\" \/><\/a><\/figure>\n\n\n\n<figure class=\"wp-block-image size-large\"><a href=\"https:\/\/assmgym.saintmedardasso.fr\/wp-content\/uploads\/2026\/03\/Loto-2013-15.jpg\"><img loading=\"lazy\" width=\"960\" height=\"541\" data-id=\"4240\"  src=\"https:\/\/assmgym.saintmedardasso.fr\/wp-content\/uploads\/2026\/03\/Loto-2013-15.jpg\" alt=\"\" class=\"wp-image-4240\" srcset=\"https:\/\/assmgym.saintmedardasso.fr\/wp-content\/uploads\/2026\/03\/Loto-2013-15.jpg 960w, https:\/\/assmgym.saintmedardasso.fr\/wp-content\/uploads\/2026\/03\/Loto-2013-15-300x169.jpg 300w, https:\/\/assmgym.saintmedardasso.fr\/wp-content\/uploads\/2026\/03\/Loto-2013-15-768x433.jpg 768w\" sizes=\"(max-width: 960px) 100vw, 960px\" \/><\/a><\/figure>\n\n\n\n<figure class=\"wp-block-image size-large\"><a href=\"https:\/\/assmgym.saintmedardasso.fr\/wp-content\/uploads\/2026\/03\/Loto-2013-16.jpg\"><img loading=\"lazy\" width=\"960\" height=\"541\" data-id=\"4239\"  src=\"https:\/\/assmgym.saintmedardasso.fr\/wp-content\/uploads\/2026\/03\/Loto-2013-16.jpg\" alt=\"\" class=\"wp-image-4239\" srcset=\"https:\/\/assmgym.saintmedardasso.fr\/wp-content\/uploads\/2026\/03\/Loto-2013-16.jpg 960w, https:\/\/assmgym.saintmedardasso.fr\/wp-content\/uploads\/2026\/03\/Loto-2013-16-300x169.jpg 300w, https:\/\/assmgym.saintmedardasso.fr\/wp-content\/uploads\/2026\/03\/Loto-2013-16-768x433.jpg 768w\" sizes=\"(max-width: 960px) 100vw, 960px\" \/><\/a><\/figure>\n\n\n\n<figure class=\"wp-block-image size-large\"><a href=\"https:\/\/assmgym.saintmedardasso.fr\/wp-content\/uploads\/2026\/03\/Loto-2013-17.jpg\"><img loading=\"lazy\" width=\"960\" height=\"541\" data-id=\"4243\"  src=\"https:\/\/assmgym.saintmedardasso.fr\/wp-content\/uploads\/2026\/03\/Loto-2013-17.jpg\" alt=\"\" class=\"wp-image-4243\" srcset=\"https:\/\/assmgym.saintmedardasso.fr\/wp-content\/uploads\/2026\/03\/Loto-2013-17.jpg 960w, https:\/\/assmgym.saintmedardasso.fr\/wp-content\/uploads\/2026\/03\/Loto-2013-17-300x169.jpg 300w, https:\/\/assmgym.saintmedardasso.fr\/wp-content\/uploads\/2026\/03\/Loto-2013-17-768x433.jpg 768w\" sizes=\"(max-width: 960px) 100vw, 960px\" \/><\/a><\/figure>\n\n\n\n<figure class=\"wp-block-image size-large\"><a href=\"https:\/\/assmgym.saintmedardasso.fr\/wp-content\/uploads\/2026\/03\/Loto-2013-18.jpg\"><img loading=\"lazy\" width=\"960\" height=\"541\" data-id=\"4244\"  src=\"https:\/\/assmgym.saintmedardasso.fr\/wp-content\/uploads\/2026\/03\/Loto-2013-18.jpg\" alt=\"\" class=\"wp-image-4244\" srcset=\"https:\/\/assmgym.saintmedardasso.fr\/wp-content\/uploads\/2026\/03\/Loto-2013-18.jpg 960w, https:\/\/assmgym.saintmedardasso.fr\/wp-content\/uploads\/2026\/03\/Loto-2013-18-300x169.jpg 300w, https:\/\/assmgym.saintmedardasso.fr\/wp-content\/uploads\/2026\/03\/Loto-2013-18-768x433.jpg 768w\" sizes=\"(max-width: 960px) 100vw, 960px\" \/><\/a><\/figure>\n<\/figure>\n","protected":false},"excerpt":{"rendered":"<p>Samedi 30 novembre 2013 a eu lieu le premier loto organis\u00e9 par l&rsquo;ASSM Gymnatique et Trampoline. Ce fut une grande r\u00e9ussite, et nous sommes [&#8230;]<\/p>\n","protected":false},"author":2,"featured_media":0,"parent":0,"menu_order":0,"comment_status":"closed","ping_status":"closed","template":"","meta":{"ngg_post_thumbnail":0},"_links":{"self":[{"href":"https:\/\/assmgym.saintmedardasso.fr\/index.php?rest_route=\/wp\/v2\/pages\/4226"}],"collection":[{"href":"https:\/\/assmgym.saintmedardasso.fr\/index.php?rest_route=\/wp\/v2\/pages"}],"about":[{"href":"https:\/\/assmgym.saintmedardasso.fr\/index.php?rest_route=\/wp\/v2\/types\/page"}],"author":[{"embeddable":true,"href":"https:\/\/assmgym.saintmedardasso.fr\/index.php?rest_route=\/wp\/v2\/users\/2"}],"replies":[{"embeddable":true,"href":"https:\/\/assmgym.saintmedardasso.fr\/index.php?rest_route=%2Fwp%2Fv2%2Fcomments&post=4226"}],"version-history":[{"count":1,"href":"https:\/\/assmgym.saintmedardasso.fr\/index.php?rest_route=\/wp\/v2\/pages\/4226\/revisions"}],"predecessor-version":[{"id":4246,"href":"https:\/\/assmgym.saintmedardasso.fr\/index.php?rest_route=\/wp\/v2\/pages\/4226\/revisions\/4246"}],"wp:attachment":[{"href":"https:\/\/assmgym.saintmedardasso.fr\/index.php?rest_route=%2Fwp%2Fv2%2Fmedia&parent=4226"}],"curies":[{"name":"wp","href":"https:\/\/api.w.org\/{rel}","templated":true}]}}