{"id":4035,"date":"2026-03-13T00:48:54","date_gmt":"2026-03-12T23:48:54","guid":{"rendered":"https:\/\/assmgym.saintmedardasso.fr\/?page_id=4035"},"modified":"2026-03-20T12:54:37","modified_gmt":"2026-03-20T11:54:37","slug":"carnaval-2026","status":"publish","type":"page","link":"https:\/\/assmgym.saintmedardasso.fr\/?page_id=4035","title":{"rendered":"CARNAVAL 2026"},"content":{"rendered":"\n<p>Le grand d\u00e9fil\u00e9 du Carnaval a eu lieu le samedi 7 mars sous les couleurs du Mexique !                                                             Un th\u00e8me festif, haut en couleur et plein d\u2019\u00e9nergie, \u00e0 l\u2019image du sport et des valeurs que nous partageons : dynamisme, convivialit\u00e9 et esprit d\u2019\u00e9quipe autour de notre mini-char. Bravo et merci \u00e0 tous les b\u00e9n\u00e9voles qui ont travaill\u00e9 \u00e0 l&rsquo;\u00e9laboration de ce char et contribu\u00e9 \u00e0 la r\u00e9ussite de cette journ\u00e9e festive.<\/p>\n\n\n\n<p><\/p>\n\n\n\n<div class=\"wp-block-columns\">\n<div class=\"wp-block-column\">\n<figure class=\"wp-block-image size-large\"><a href=\"https:\/\/assmgym.saintmedardasso.fr\/wp-content\/uploads\/2026\/03\/FB_IMG_1773358192783.jpg\"><img loading=\"lazy\" width=\"768\" height=\"1024\" src=\"https:\/\/assmgym.saintmedardasso.fr\/wp-content\/uploads\/2026\/03\/FB_IMG_1773358192783-768x1024.jpg\" alt=\"\" class=\"wp-image-4036\" srcset=\"https:\/\/assmgym.saintmedardasso.fr\/wp-content\/uploads\/2026\/03\/FB_IMG_1773358192783-768x1024.jpg 768w, https:\/\/assmgym.saintmedardasso.fr\/wp-content\/uploads\/2026\/03\/FB_IMG_1773358192783-225x300.jpg 225w, https:\/\/assmgym.saintmedardasso.fr\/wp-content\/uploads\/2026\/03\/FB_IMG_1773358192783-1152x1536.jpg 1152w, https:\/\/assmgym.saintmedardasso.fr\/wp-content\/uploads\/2026\/03\/FB_IMG_1773358192783-900x1200.jpg 900w, https:\/\/assmgym.saintmedardasso.fr\/wp-content\/uploads\/2026\/03\/FB_IMG_1773358192783.jpg 1536w\" sizes=\"(max-width: 768px) 100vw, 768px\" \/><\/a><\/figure>\n<\/div>\n\n\n\n<div class=\"wp-block-column\">\n<figure class=\"wp-block-image size-large\"><a href=\"https:\/\/assmgym.saintmedardasso.fr\/wp-content\/uploads\/2026\/03\/FB_IMG_1773358274855.jpg\"><img loading=\"lazy\" width=\"768\" height=\"1024\" src=\"https:\/\/assmgym.saintmedardasso.fr\/wp-content\/uploads\/2026\/03\/FB_IMG_1773358274855-768x1024.jpg\" alt=\"\" class=\"wp-image-4037\" srcset=\"https:\/\/assmgym.saintmedardasso.fr\/wp-content\/uploads\/2026\/03\/FB_IMG_1773358274855-768x1024.jpg 768w, https:\/\/assmgym.saintmedardasso.fr\/wp-content\/uploads\/2026\/03\/FB_IMG_1773358274855-225x300.jpg 225w, https:\/\/assmgym.saintmedardasso.fr\/wp-content\/uploads\/2026\/03\/FB_IMG_1773358274855-1152x1536.jpg 1152w, https:\/\/assmgym.saintmedardasso.fr\/wp-content\/uploads\/2026\/03\/FB_IMG_1773358274855-900x1200.jpg 900w, https:\/\/assmgym.saintmedardasso.fr\/wp-content\/uploads\/2026\/03\/FB_IMG_1773358274855.jpg 1536w\" sizes=\"(max-width: 768px) 100vw, 768px\" \/><\/a><\/figure>\n<\/div>\n\n\n\n<div class=\"wp-block-column\">\n<figure class=\"wp-block-image size-large\"><a href=\"https:\/\/assmgym.saintmedardasso.fr\/wp-content\/uploads\/2026\/03\/FB_IMG_1773358251318.jpg\"><img loading=\"lazy\" width=\"768\" height=\"1024\" src=\"https:\/\/assmgym.saintmedardasso.fr\/wp-content\/uploads\/2026\/03\/FB_IMG_1773358251318-768x1024.jpg\" alt=\"\" class=\"wp-image-4038\" srcset=\"https:\/\/assmgym.saintmedardasso.fr\/wp-content\/uploads\/2026\/03\/FB_IMG_1773358251318-768x1024.jpg 768w, https:\/\/assmgym.saintmedardasso.fr\/wp-content\/uploads\/2026\/03\/FB_IMG_1773358251318-225x300.jpg 225w, https:\/\/assmgym.saintmedardasso.fr\/wp-content\/uploads\/2026\/03\/FB_IMG_1773358251318-1152x1536.jpg 1152w, https:\/\/assmgym.saintmedardasso.fr\/wp-content\/uploads\/2026\/03\/FB_IMG_1773358251318-900x1200.jpg 900w, https:\/\/assmgym.saintmedardasso.fr\/wp-content\/uploads\/2026\/03\/FB_IMG_1773358251318.jpg 1536w\" sizes=\"(max-width: 768px) 100vw, 768px\" \/><\/a><\/figure>\n<\/div>\n<\/div>\n\n\n\n<div class=\"wp-block-columns\">\n<div class=\"wp-block-column\">\n<figure class=\"wp-block-image size-large\"><a href=\"https:\/\/assmgym.saintmedardasso.fr\/wp-content\/uploads\/2026\/03\/FB_IMG_1773358268099.jpg\"><img loading=\"lazy\" width=\"768\" height=\"1024\" src=\"https:\/\/assmgym.saintmedardasso.fr\/wp-content\/uploads\/2026\/03\/FB_IMG_1773358268099-768x1024.jpg\" alt=\"\" class=\"wp-image-4039\" srcset=\"https:\/\/assmgym.saintmedardasso.fr\/wp-content\/uploads\/2026\/03\/FB_IMG_1773358268099-768x1024.jpg 768w, https:\/\/assmgym.saintmedardasso.fr\/wp-content\/uploads\/2026\/03\/FB_IMG_1773358268099-225x300.jpg 225w, https:\/\/assmgym.saintmedardasso.fr\/wp-content\/uploads\/2026\/03\/FB_IMG_1773358268099-1152x1536.jpg 1152w, https:\/\/assmgym.saintmedardasso.fr\/wp-content\/uploads\/2026\/03\/FB_IMG_1773358268099-900x1200.jpg 900w, https:\/\/assmgym.saintmedardasso.fr\/wp-content\/uploads\/2026\/03\/FB_IMG_1773358268099.jpg 1536w\" sizes=\"(max-width: 768px) 100vw, 768px\" \/><\/a><\/figure>\n<\/div>\n\n\n\n<div class=\"wp-block-column\">\n<figure class=\"wp-block-image size-large\"><a href=\"https:\/\/assmgym.saintmedardasso.fr\/wp-content\/uploads\/2026\/03\/FB_IMG_1773358245334.jpg\"><img loading=\"lazy\" width=\"768\" height=\"1024\" src=\"https:\/\/assmgym.saintmedardasso.fr\/wp-content\/uploads\/2026\/03\/FB_IMG_1773358245334-768x1024.jpg\" alt=\"\" class=\"wp-image-4040\" srcset=\"https:\/\/assmgym.saintmedardasso.fr\/wp-content\/uploads\/2026\/03\/FB_IMG_1773358245334-768x1024.jpg 768w, https:\/\/assmgym.saintmedardasso.fr\/wp-content\/uploads\/2026\/03\/FB_IMG_1773358245334-225x300.jpg 225w, https:\/\/assmgym.saintmedardasso.fr\/wp-content\/uploads\/2026\/03\/FB_IMG_1773358245334-1152x1536.jpg 1152w, https:\/\/assmgym.saintmedardasso.fr\/wp-content\/uploads\/2026\/03\/FB_IMG_1773358245334-900x1200.jpg 900w, https:\/\/assmgym.saintmedardasso.fr\/wp-content\/uploads\/2026\/03\/FB_IMG_1773358245334.jpg 1536w\" sizes=\"(max-width: 768px) 100vw, 768px\" \/><\/a><\/figure>\n<\/div>\n\n\n\n<div class=\"wp-block-column\">\n<figure class=\"wp-block-image size-large\"><a href=\"https:\/\/assmgym.saintmedardasso.fr\/wp-content\/uploads\/2026\/03\/FB_IMG_1773358262005.jpg\"><img loading=\"lazy\" width=\"768\" height=\"1024\" src=\"https:\/\/assmgym.saintmedardasso.fr\/wp-content\/uploads\/2026\/03\/FB_IMG_1773358262005-768x1024.jpg\" alt=\"\" class=\"wp-image-4041\" srcset=\"https:\/\/assmgym.saintmedardasso.fr\/wp-content\/uploads\/2026\/03\/FB_IMG_1773358262005-768x1024.jpg 768w, https:\/\/assmgym.saintmedardasso.fr\/wp-content\/uploads\/2026\/03\/FB_IMG_1773358262005-225x300.jpg 225w, https:\/\/assmgym.saintmedardasso.fr\/wp-content\/uploads\/2026\/03\/FB_IMG_1773358262005-1152x1536.jpg 1152w, https:\/\/assmgym.saintmedardasso.fr\/wp-content\/uploads\/2026\/03\/FB_IMG_1773358262005-900x1200.jpg 900w, https:\/\/assmgym.saintmedardasso.fr\/wp-content\/uploads\/2026\/03\/FB_IMG_1773358262005.jpg 1536w\" sizes=\"(max-width: 768px) 100vw, 768px\" \/><\/a><\/figure>\n<\/div>\n<\/div>\n\n\n\n<div class=\"wp-block-columns\">\n<div class=\"wp-block-column\">\n<figure class=\"wp-block-image size-large\"><a href=\"https:\/\/assmgym.saintmedardasso.fr\/wp-content\/uploads\/2026\/03\/FB_IMG_1773358218681.jpg\"><img loading=\"lazy\" width=\"1024\" height=\"768\" src=\"https:\/\/assmgym.saintmedardasso.fr\/wp-content\/uploads\/2026\/03\/FB_IMG_1773358218681-1024x768.jpg\" alt=\"\" class=\"wp-image-4042\" srcset=\"https:\/\/assmgym.saintmedardasso.fr\/wp-content\/uploads\/2026\/03\/FB_IMG_1773358218681-1024x768.jpg 1024w, https:\/\/assmgym.saintmedardasso.fr\/wp-content\/uploads\/2026\/03\/FB_IMG_1773358218681-300x225.jpg 300w, https:\/\/assmgym.saintmedardasso.fr\/wp-content\/uploads\/2026\/03\/FB_IMG_1773358218681-768x576.jpg 768w, https:\/\/assmgym.saintmedardasso.fr\/wp-content\/uploads\/2026\/03\/FB_IMG_1773358218681-1536x1152.jpg 1536w, https:\/\/assmgym.saintmedardasso.fr\/wp-content\/uploads\/2026\/03\/FB_IMG_1773358218681-1800x1350.jpg 1800w, https:\/\/assmgym.saintmedardasso.fr\/wp-content\/uploads\/2026\/03\/FB_IMG_1773358218681.jpg 2048w\" sizes=\"(max-width: 1024px) 100vw, 1024px\" \/><\/a><\/figure>\n<\/div>\n\n\n\n<div class=\"wp-block-column\">\n<figure class=\"wp-block-image size-large\"><a href=\"https:\/\/assmgym.saintmedardasso.fr\/wp-content\/uploads\/2026\/03\/FB_IMG_1773358287584.jpg\"><img loading=\"lazy\" width=\"768\" height=\"1024\" src=\"https:\/\/assmgym.saintmedardasso.fr\/wp-content\/uploads\/2026\/03\/FB_IMG_1773358287584-768x1024.jpg\" alt=\"\" class=\"wp-image-4043\" srcset=\"https:\/\/assmgym.saintmedardasso.fr\/wp-content\/uploads\/2026\/03\/FB_IMG_1773358287584-768x1024.jpg 768w, https:\/\/assmgym.saintmedardasso.fr\/wp-content\/uploads\/2026\/03\/FB_IMG_1773358287584-225x300.jpg 225w, https:\/\/assmgym.saintmedardasso.fr\/wp-content\/uploads\/2026\/03\/FB_IMG_1773358287584-1152x1536.jpg 1152w, https:\/\/assmgym.saintmedardasso.fr\/wp-content\/uploads\/2026\/03\/FB_IMG_1773358287584-900x1200.jpg 900w, https:\/\/assmgym.saintmedardasso.fr\/wp-content\/uploads\/2026\/03\/FB_IMG_1773358287584.jpg 1536w\" sizes=\"(max-width: 768px) 100vw, 768px\" \/><\/a><\/figure>\n<\/div>\n\n\n\n<div class=\"wp-block-column\">\n<figure class=\"wp-block-image size-large\"><a href=\"https:\/\/assmgym.saintmedardasso.fr\/wp-content\/uploads\/2026\/03\/FB_IMG_1773358238476.jpg\"><img loading=\"lazy\" width=\"768\" height=\"1024\" src=\"https:\/\/assmgym.saintmedardasso.fr\/wp-content\/uploads\/2026\/03\/FB_IMG_1773358238476-768x1024.jpg\" alt=\"\" class=\"wp-image-4044\" srcset=\"https:\/\/assmgym.saintmedardasso.fr\/wp-content\/uploads\/2026\/03\/FB_IMG_1773358238476-768x1024.jpg 768w, https:\/\/assmgym.saintmedardasso.fr\/wp-content\/uploads\/2026\/03\/FB_IMG_1773358238476-225x300.jpg 225w, https:\/\/assmgym.saintmedardasso.fr\/wp-content\/uploads\/2026\/03\/FB_IMG_1773358238476-1152x1536.jpg 1152w, https:\/\/assmgym.saintmedardasso.fr\/wp-content\/uploads\/2026\/03\/FB_IMG_1773358238476-900x1200.jpg 900w, https:\/\/assmgym.saintmedardasso.fr\/wp-content\/uploads\/2026\/03\/FB_IMG_1773358238476.jpg 1536w\" sizes=\"(max-width: 768px) 100vw, 768px\" \/><\/a><\/figure>\n<\/div>\n<\/div>\n\n\n\n<div class=\"wp-block-columns\">\n<div class=\"wp-block-column\">\n<figure class=\"wp-block-image size-large\"><a href=\"https:\/\/assmgym.saintmedardasso.fr\/wp-content\/uploads\/2026\/03\/IMG-20260320-WA0003.jpg\"><img loading=\"lazy\" width=\"576\" height=\"1024\" src=\"https:\/\/assmgym.saintmedardasso.fr\/wp-content\/uploads\/2026\/03\/IMG-20260320-WA0003-576x1024.jpg\" alt=\"\" class=\"wp-image-4647\" srcset=\"https:\/\/assmgym.saintmedardasso.fr\/wp-content\/uploads\/2026\/03\/IMG-20260320-WA0003-576x1024.jpg 576w, https:\/\/assmgym.saintmedardasso.fr\/wp-content\/uploads\/2026\/03\/IMG-20260320-WA0003-169x300.jpg 169w, https:\/\/assmgym.saintmedardasso.fr\/wp-content\/uploads\/2026\/03\/IMG-20260320-WA0003-768x1365.jpg 768w, https:\/\/assmgym.saintmedardasso.fr\/wp-content\/uploads\/2026\/03\/IMG-20260320-WA0003-864x1536.jpg 864w, https:\/\/assmgym.saintmedardasso.fr\/wp-content\/uploads\/2026\/03\/IMG-20260320-WA0003.jpg 1152w\" sizes=\"(max-width: 576px) 100vw, 576px\" \/><\/a><\/figure>\n<\/div>\n\n\n\n<div class=\"wp-block-column\">\n<figure class=\"wp-block-image size-large\"><a href=\"https:\/\/assmgym.saintmedardasso.fr\/wp-content\/uploads\/2026\/03\/IMG-20260320-WA0004.jpg\"><img loading=\"lazy\" width=\"576\" height=\"1024\" src=\"https:\/\/assmgym.saintmedardasso.fr\/wp-content\/uploads\/2026\/03\/IMG-20260320-WA0004-576x1024.jpg\" alt=\"\" class=\"wp-image-4648\" srcset=\"https:\/\/assmgym.saintmedardasso.fr\/wp-content\/uploads\/2026\/03\/IMG-20260320-WA0004-576x1024.jpg 576w, https:\/\/assmgym.saintmedardasso.fr\/wp-content\/uploads\/2026\/03\/IMG-20260320-WA0004-169x300.jpg 169w, https:\/\/assmgym.saintmedardasso.fr\/wp-content\/uploads\/2026\/03\/IMG-20260320-WA0004-768x1365.jpg 768w, https:\/\/assmgym.saintmedardasso.fr\/wp-content\/uploads\/2026\/03\/IMG-20260320-WA0004-864x1536.jpg 864w, https:\/\/assmgym.saintmedardasso.fr\/wp-content\/uploads\/2026\/03\/IMG-20260320-WA0004.jpg 1152w\" sizes=\"(max-width: 576px) 100vw, 576px\" \/><\/a><\/figure>\n<\/div>\n\n\n\n<div class=\"wp-block-column\">\n<figure class=\"wp-block-image size-large\"><a href=\"https:\/\/assmgym.saintmedardasso.fr\/wp-content\/uploads\/2026\/03\/IMG-20260320-WA0006.jpg\"><img loading=\"lazy\" width=\"576\" height=\"1024\" src=\"https:\/\/assmgym.saintmedardasso.fr\/wp-content\/uploads\/2026\/03\/IMG-20260320-WA0006-576x1024.jpg\" alt=\"\" class=\"wp-image-4649\" srcset=\"https:\/\/assmgym.saintmedardasso.fr\/wp-content\/uploads\/2026\/03\/IMG-20260320-WA0006-576x1024.jpg 576w, https:\/\/assmgym.saintmedardasso.fr\/wp-content\/uploads\/2026\/03\/IMG-20260320-WA0006-169x300.jpg 169w, https:\/\/assmgym.saintmedardasso.fr\/wp-content\/uploads\/2026\/03\/IMG-20260320-WA0006-768x1365.jpg 768w, https:\/\/assmgym.saintmedardasso.fr\/wp-content\/uploads\/2026\/03\/IMG-20260320-WA0006-864x1536.jpg 864w, https:\/\/assmgym.saintmedardasso.fr\/wp-content\/uploads\/2026\/03\/IMG-20260320-WA0006.jpg 1152w\" sizes=\"(max-width: 576px) 100vw, 576px\" \/><\/a><\/figure>\n<\/div>\n<\/div>\n\n\n\n<div class=\"wp-block-columns\">\n<div class=\"wp-block-column\">\n<figure class=\"wp-block-image size-large\"><a href=\"https:\/\/assmgym.saintmedardasso.fr\/wp-content\/uploads\/2026\/03\/IMG-20260320-WA0005.jpg\"><img loading=\"lazy\" width=\"576\" height=\"1024\" src=\"https:\/\/assmgym.saintmedardasso.fr\/wp-content\/uploads\/2026\/03\/IMG-20260320-WA0005-576x1024.jpg\" alt=\"\" class=\"wp-image-4651\" srcset=\"https:\/\/assmgym.saintmedardasso.fr\/wp-content\/uploads\/2026\/03\/IMG-20260320-WA0005-576x1024.jpg 576w, https:\/\/assmgym.saintmedardasso.fr\/wp-content\/uploads\/2026\/03\/IMG-20260320-WA0005-169x300.jpg 169w, https:\/\/assmgym.saintmedardasso.fr\/wp-content\/uploads\/2026\/03\/IMG-20260320-WA0005-768x1365.jpg 768w, https:\/\/assmgym.saintmedardasso.fr\/wp-content\/uploads\/2026\/03\/IMG-20260320-WA0005-864x1536.jpg 864w, https:\/\/assmgym.saintmedardasso.fr\/wp-content\/uploads\/2026\/03\/IMG-20260320-WA0005.jpg 1152w\" sizes=\"(max-width: 576px) 100vw, 576px\" \/><\/a><\/figure>\n<\/div>\n\n\n\n<div class=\"wp-block-column\">\n<figure class=\"wp-block-image size-large\"><a href=\"https:\/\/assmgym.saintmedardasso.fr\/wp-content\/uploads\/2026\/03\/IMG-20260320-WA0002.jpg\"><img loading=\"lazy\" width=\"1024\" height=\"576\" src=\"https:\/\/assmgym.saintmedardasso.fr\/wp-content\/uploads\/2026\/03\/IMG-20260320-WA0002-1024x576.jpg\" alt=\"\" class=\"wp-image-4652\" srcset=\"https:\/\/assmgym.saintmedardasso.fr\/wp-content\/uploads\/2026\/03\/IMG-20260320-WA0002-1024x576.jpg 1024w, https:\/\/assmgym.saintmedardasso.fr\/wp-content\/uploads\/2026\/03\/IMG-20260320-WA0002-300x169.jpg 300w, https:\/\/assmgym.saintmedardasso.fr\/wp-content\/uploads\/2026\/03\/IMG-20260320-WA0002-768x432.jpg 768w, https:\/\/assmgym.saintmedardasso.fr\/wp-content\/uploads\/2026\/03\/IMG-20260320-WA0002-1536x864.jpg 1536w, https:\/\/assmgym.saintmedardasso.fr\/wp-content\/uploads\/2026\/03\/IMG-20260320-WA0002-1800x1013.jpg 1800w, https:\/\/assmgym.saintmedardasso.fr\/wp-content\/uploads\/2026\/03\/IMG-20260320-WA0002-1840x1035.jpg 1840w, https:\/\/assmgym.saintmedardasso.fr\/wp-content\/uploads\/2026\/03\/IMG-20260320-WA0002.jpg 2048w\" sizes=\"(max-width: 1024px) 100vw, 1024px\" \/><\/a><\/figure>\n<\/div>\n<\/div>\n","protected":false},"excerpt":{"rendered":"<p>Le grand d\u00e9fil\u00e9 du Carnaval a eu lieu le samedi 7 mars sous les couleurs du Mexique ! Un th\u00e8me festif, haut en couleur [&#8230;]<\/p>\n","protected":false},"author":2,"featured_media":4036,"parent":0,"menu_order":0,"comment_status":"closed","ping_status":"closed","template":"","meta":{"ngg_post_thumbnail":0},"_links":{"self":[{"href":"https:\/\/assmgym.saintmedardasso.fr\/index.php?rest_route=\/wp\/v2\/pages\/4035"}],"collection":[{"href":"https:\/\/assmgym.saintmedardasso.fr\/index.php?rest_route=\/wp\/v2\/pages"}],"about":[{"href":"https:\/\/assmgym.saintmedardasso.fr\/index.php?rest_route=\/wp\/v2\/types\/page"}],"author":[{"embeddable":true,"href":"https:\/\/assmgym.saintmedardasso.fr\/index.php?rest_route=\/wp\/v2\/users\/2"}],"replies":[{"embeddable":true,"href":"https:\/\/assmgym.saintmedardasso.fr\/index.php?rest_route=%2Fwp%2Fv2%2Fcomments&post=4035"}],"version-history":[{"count":4,"href":"https:\/\/assmgym.saintmedardasso.fr\/index.php?rest_route=\/wp\/v2\/pages\/4035\/revisions"}],"predecessor-version":[{"id":4653,"href":"https:\/\/assmgym.saintmedardasso.fr\/index.php?rest_route=\/wp\/v2\/pages\/4035\/revisions\/4653"}],"wp:featuredmedia":[{"embeddable":true,"href":"https:\/\/assmgym.saintmedardasso.fr\/index.php?rest_route=\/wp\/v2\/media\/4036"}],"wp:attachment":[{"href":"https:\/\/assmgym.saintmedardasso.fr\/index.php?rest_route=%2Fwp%2Fv2%2Fmedia&parent=4035"}],"curies":[{"name":"wp","href":"https:\/\/api.w.org\/{rel}","templated":true}]}}