{"id":3785,"date":"2025-12-07T22:30:45","date_gmt":"2025-12-07T21:30:45","guid":{"rendered":"https:\/\/assmgym.saintmedardasso.fr\/?page_id=3785"},"modified":"2026-05-10T20:05:30","modified_gmt":"2026-05-10T18:05:30","slug":"2025-2026","status":"publish","type":"page","link":"https:\/\/assmgym.saintmedardasso.fr\/?page_id=3785","title":{"rendered":"2025\/2026"},"content":{"rendered":"\n<ul><li><a href=\"https:\/\/assmgym.saintmedardasso.fr\/?page_id=3789\">Championnat d\u00e9partemental GAF 6 &amp; 7 d\u00e9cembre 2025<\/a><\/li><li><a href=\"https:\/\/assmgym.saintmedardasso.fr\/?page_id=3795\">Championnat d\u00e9partemental GAF Poussines 13 d\u00e9cembre 2025<\/a><\/li><li><a href=\"https:\/\/assmgym.saintmedardasso.fr\/?page_id=3923\" data-type=\"URL\">Championnat d\u00e9partemental GAF GAM 17 &amp; 18 janvier 2026<\/a><\/li><li><a href=\"https:\/\/assmgym.saintmedardasso.fr\/?page_id=3935\">Championnat d\u00e9partemental GAF 24 janvier 2026<\/a><\/li><li><a href=\"https:\/\/assmgym.saintmedardasso.fr\/?page_id=3966\">Championnat d\u00e9partemental individuel GAF 1 f\u00e9vrier 2026<\/a><\/li><li><a href=\"https:\/\/assmgym.saintmedardasso.fr\/?page_id=3980\">Championnat interdep. sud GAM 28 f\u00e9vrier 2026<\/a><\/li><li><a href=\"https:\/\/assmgym.saintmedardasso.fr\/?page_id=3988\">Championnat interdep. sud GAF 7 mars 2026<\/a><\/li><li><a href=\"https:\/\/assmgym.saintmedardasso.fr\/?page_id=4054\">Championnat interdep. GAF GAM 14 &amp; 15 mars 2026<\/a><\/li><li><a href=\"https:\/\/assmgym.saintmedardasso.fr\/?page_id=5286\">Championnat r\u00e9gional GAF GAM 5 &amp; 6 avril 2026<\/a><\/li><li><a href=\"https:\/\/assmgym.saintmedardasso.fr\/?page_id=5354\">Championnat interdep. GAF 6 mai 2026<\/a><\/li><li><a href=\"https:\/\/assmgym.saintmedardasso.fr\/?page_id=5364\">Championnat interdep. GAF 9 &amp; 10 mai 2026<\/a><\/li><\/ul>\n\n\n\n<p><\/p>\n","protected":false},"excerpt":{"rendered":"<p>Championnat d\u00e9partemental GAF 6 &amp; 7 d\u00e9cembre 2025 Championnat d\u00e9partemental GAF Poussines 13 d\u00e9cembre 2025 Championnat d\u00e9partemental GAF GAM 17 &amp; 18 janvier 2026 [&#8230;]<\/p>\n","protected":false},"author":2,"featured_media":0,"parent":0,"menu_order":0,"comment_status":"closed","ping_status":"closed","template":"","meta":{"ngg_post_thumbnail":0},"_links":{"self":[{"href":"https:\/\/assmgym.saintmedardasso.fr\/index.php?rest_route=\/wp\/v2\/pages\/3785"}],"collection":[{"href":"https:\/\/assmgym.saintmedardasso.fr\/index.php?rest_route=\/wp\/v2\/pages"}],"about":[{"href":"https:\/\/assmgym.saintmedardasso.fr\/index.php?rest_route=\/wp\/v2\/types\/page"}],"author":[{"embeddable":true,"href":"https:\/\/assmgym.saintmedardasso.fr\/index.php?rest_route=\/wp\/v2\/users\/2"}],"replies":[{"embeddable":true,"href":"https:\/\/assmgym.saintmedardasso.fr\/index.php?rest_route=%2Fwp%2Fv2%2Fcomments&post=3785"}],"version-history":[{"count":23,"href":"https:\/\/assmgym.saintmedardasso.fr\/index.php?rest_route=\/wp\/v2\/pages\/3785\/revisions"}],"predecessor-version":[{"id":5372,"href":"https:\/\/assmgym.saintmedardasso.fr\/index.php?rest_route=\/wp\/v2\/pages\/3785\/revisions\/5372"}],"wp:attachment":[{"href":"https:\/\/assmgym.saintmedardasso.fr\/index.php?rest_route=%2Fwp%2Fv2%2Fmedia&parent=3785"}],"curies":[{"name":"wp","href":"https:\/\/api.w.org\/{rel}","templated":true}]}}