{"id":3707,"date":"2025-11-23T21:15:32","date_gmt":"2025-11-23T20:15:32","guid":{"rendered":"https:\/\/assmgym.saintmedardasso.fr\/?page_id=3707"},"modified":"2025-12-14T15:18:01","modified_gmt":"2025-12-14T14:18:01","slug":"soiree-des-recompenses-2025-lassm-fete-ses-120-ans","status":"publish","type":"page","link":"https:\/\/assmgym.saintmedardasso.fr\/?page_id=3707","title":{"rendered":"Soir\u00e9e des r\u00e9compenses 2025 : L&rsquo;ASSM f\u00eate ses 120 ans !"},"content":{"rendered":"\n<p>Le <strong>samedi 22 novembre 2025<\/strong> a eu lieu la traditionnelle <strong>soir\u00e9e des r\u00e9compenses de l&rsquo;ASSM Omnisport<\/strong>.<br \/>Ce fut une tr\u00e8s belle soir\u00e9e o\u00f9 nous avons <strong>mis les valeurs du sport en avant<\/strong> et f\u00eat\u00e9 les <strong>120 ans de l&rsquo;ASSM<\/strong> ! <br \/><br \/>\u00ab\u00a0Cette ann\u00e9e, <strong>nous mettons \u00e0 l&rsquo;honneur Christine Esnault<\/strong>, une superbe b\u00e9n\u00e9vole qui a su, en 2 saisons, mettre en avant ses talents de bricoleuse et de couturi\u00e8re, en r\u00e9parant du mat\u00e9riel et en r\u00e9novant des tapis. Elle nous aide sur de nombreuses manifestations et va m\u00eame jusqu&rsquo;\u00e0 enfiler le costume de Lioni, notre mascotte ! <br \/>Nous saluons ainsi sa totale implication, Christine est toujours pr\u00eate \u00e0 rendre service. <\/p>\n\n\n\n<p>Nous remercions \u00e9galement toutes ces femmes et tous ces hommes de l&rsquo;ombre sans lesquels rien n&rsquo;existerait : les entra\u00eenements, les \u00e9v\u00e8nements, la vie associative. Leur disponibilit\u00e9, leur patience et leur passion m\u00e9rite un immense respect. <br \/><br \/>Continuons \u00e0 faire vivre ensemble un sport exigeant, inclusif, respectueux, qui fait grandir les jeunes, renforce les liens et porte haut les couleurs de notre territoire.\u00a0\u00bb (Extrait du discours de notre pr\u00e9sidente.)<\/p>\n\n\n\n<figure class=\"wp-block-gallery has-nested-images columns-4 is-cropped\">\n<figure class=\"wp-block-image size-large\"><a href=\"https:\/\/assmgym.saintmedardasso.fr\/wp-content\/uploads\/2025\/11\/IMG-20251123-WA0026.jpg\"><img loading=\"lazy\" width=\"1024\" height=\"526\" data-id=\"3732\"  src=\"https:\/\/assmgym.saintmedardasso.fr\/wp-content\/uploads\/2025\/11\/IMG-20251123-WA0026-1024x526.jpg\" alt=\"\" class=\"wp-image-3732\" srcset=\"https:\/\/assmgym.saintmedardasso.fr\/wp-content\/uploads\/2025\/11\/IMG-20251123-WA0026-1024x526.jpg 1024w, https:\/\/assmgym.saintmedardasso.fr\/wp-content\/uploads\/2025\/11\/IMG-20251123-WA0026-300x154.jpg 300w, https:\/\/assmgym.saintmedardasso.fr\/wp-content\/uploads\/2025\/11\/IMG-20251123-WA0026-768x395.jpg 768w, https:\/\/assmgym.saintmedardasso.fr\/wp-content\/uploads\/2025\/11\/IMG-20251123-WA0026-1536x789.jpg 1536w, https:\/\/assmgym.saintmedardasso.fr\/wp-content\/uploads\/2025\/11\/IMG-20251123-WA0026-1800x925.jpg 1800w, https:\/\/assmgym.saintmedardasso.fr\/wp-content\/uploads\/2025\/11\/IMG-20251123-WA0026.jpg 2048w\" sizes=\"(max-width: 1024px) 100vw, 1024px\" \/><\/a><\/figure>\n\n\n\n<figure class=\"wp-block-image size-large\"><a href=\"https:\/\/assmgym.saintmedardasso.fr\/wp-content\/uploads\/2025\/11\/IMG-20251123-WA0027.jpg\"><img loading=\"lazy\" width=\"768\" height=\"1024\" data-id=\"3738\"  src=\"https:\/\/assmgym.saintmedardasso.fr\/wp-content\/uploads\/2025\/11\/IMG-20251123-WA0027-768x1024.jpg\" alt=\"\" class=\"wp-image-3738\" srcset=\"https:\/\/assmgym.saintmedardasso.fr\/wp-content\/uploads\/2025\/11\/IMG-20251123-WA0027-768x1024.jpg 768w, https:\/\/assmgym.saintmedardasso.fr\/wp-content\/uploads\/2025\/11\/IMG-20251123-WA0027-225x300.jpg 225w, https:\/\/assmgym.saintmedardasso.fr\/wp-content\/uploads\/2025\/11\/IMG-20251123-WA0027-1152x1536.jpg 1152w, https:\/\/assmgym.saintmedardasso.fr\/wp-content\/uploads\/2025\/11\/IMG-20251123-WA0027-900x1200.jpg 900w, https:\/\/assmgym.saintmedardasso.fr\/wp-content\/uploads\/2025\/11\/IMG-20251123-WA0027.jpg 1536w\" sizes=\"(max-width: 768px) 100vw, 768px\" \/><\/a><\/figure>\n\n\n\n<figure class=\"wp-block-image size-large\"><a href=\"https:\/\/assmgym.saintmedardasso.fr\/wp-content\/uploads\/2025\/11\/IMG-20251123-WA0028.jpg\"><img loading=\"lazy\" width=\"768\" height=\"1024\" data-id=\"3739\"  src=\"https:\/\/assmgym.saintmedardasso.fr\/wp-content\/uploads\/2025\/11\/IMG-20251123-WA0028-768x1024.jpg\" alt=\"\" class=\"wp-image-3739\" srcset=\"https:\/\/assmgym.saintmedardasso.fr\/wp-content\/uploads\/2025\/11\/IMG-20251123-WA0028-768x1024.jpg 768w, https:\/\/assmgym.saintmedardasso.fr\/wp-content\/uploads\/2025\/11\/IMG-20251123-WA0028-225x300.jpg 225w, https:\/\/assmgym.saintmedardasso.fr\/wp-content\/uploads\/2025\/11\/IMG-20251123-WA0028-1152x1536.jpg 1152w, https:\/\/assmgym.saintmedardasso.fr\/wp-content\/uploads\/2025\/11\/IMG-20251123-WA0028-900x1200.jpg 900w, https:\/\/assmgym.saintmedardasso.fr\/wp-content\/uploads\/2025\/11\/IMG-20251123-WA0028.jpg 1536w\" sizes=\"(max-width: 768px) 100vw, 768px\" \/><\/a><\/figure>\n\n\n\n<figure class=\"wp-block-image size-large\"><a href=\"https:\/\/assmgym.saintmedardasso.fr\/wp-content\/uploads\/2025\/11\/IMG-20251123-WA0024.jpg\"><img loading=\"lazy\" width=\"768\" height=\"1024\" data-id=\"3737\"  src=\"https:\/\/assmgym.saintmedardasso.fr\/wp-content\/uploads\/2025\/11\/IMG-20251123-WA0024-768x1024.jpg\" alt=\"\" class=\"wp-image-3737\" srcset=\"https:\/\/assmgym.saintmedardasso.fr\/wp-content\/uploads\/2025\/11\/IMG-20251123-WA0024-768x1024.jpg 768w, https:\/\/assmgym.saintmedardasso.fr\/wp-content\/uploads\/2025\/11\/IMG-20251123-WA0024-225x300.jpg 225w, https:\/\/assmgym.saintmedardasso.fr\/wp-content\/uploads\/2025\/11\/IMG-20251123-WA0024-1152x1536.jpg 1152w, https:\/\/assmgym.saintmedardasso.fr\/wp-content\/uploads\/2025\/11\/IMG-20251123-WA0024-900x1200.jpg 900w, https:\/\/assmgym.saintmedardasso.fr\/wp-content\/uploads\/2025\/11\/IMG-20251123-WA0024.jpg 1536w\" sizes=\"(max-width: 768px) 100vw, 768px\" \/><\/a><\/figure>\n\n\n\n<figure class=\"wp-block-image size-large\"><a href=\"https:\/\/assmgym.saintmedardasso.fr\/wp-content\/uploads\/2025\/11\/IMG-20251123-WA0029.jpg\"><img loading=\"lazy\" width=\"1024\" height=\"466\" data-id=\"3735\"  src=\"https:\/\/assmgym.saintmedardasso.fr\/wp-content\/uploads\/2025\/11\/IMG-20251123-WA0029-1024x466.jpg\" alt=\"\" class=\"wp-image-3735\" srcset=\"https:\/\/assmgym.saintmedardasso.fr\/wp-content\/uploads\/2025\/11\/IMG-20251123-WA0029-1024x466.jpg 1024w, https:\/\/assmgym.saintmedardasso.fr\/wp-content\/uploads\/2025\/11\/IMG-20251123-WA0029-300x137.jpg 300w, https:\/\/assmgym.saintmedardasso.fr\/wp-content\/uploads\/2025\/11\/IMG-20251123-WA0029-768x350.jpg 768w, https:\/\/assmgym.saintmedardasso.fr\/wp-content\/uploads\/2025\/11\/IMG-20251123-WA0029-1536x699.jpg 1536w, https:\/\/assmgym.saintmedardasso.fr\/wp-content\/uploads\/2025\/11\/IMG-20251123-WA0029-1800x819.jpg 1800w, https:\/\/assmgym.saintmedardasso.fr\/wp-content\/uploads\/2025\/11\/IMG-20251123-WA0029.jpg 2048w\" sizes=\"(max-width: 1024px) 100vw, 1024px\" \/><\/a><\/figure>\n\n\n\n<figure class=\"wp-block-image size-large\"><a href=\"https:\/\/assmgym.saintmedardasso.fr\/wp-content\/uploads\/2025\/11\/IMG-20251123-WA0030.jpg\"><img loading=\"lazy\" width=\"1024\" height=\"432\" data-id=\"3734\"  src=\"https:\/\/assmgym.saintmedardasso.fr\/wp-content\/uploads\/2025\/11\/IMG-20251123-WA0030-1024x432.jpg\" alt=\"\" class=\"wp-image-3734\" srcset=\"https:\/\/assmgym.saintmedardasso.fr\/wp-content\/uploads\/2025\/11\/IMG-20251123-WA0030-1024x432.jpg 1024w, https:\/\/assmgym.saintmedardasso.fr\/wp-content\/uploads\/2025\/11\/IMG-20251123-WA0030-300x127.jpg 300w, https:\/\/assmgym.saintmedardasso.fr\/wp-content\/uploads\/2025\/11\/IMG-20251123-WA0030-768x324.jpg 768w, https:\/\/assmgym.saintmedardasso.fr\/wp-content\/uploads\/2025\/11\/IMG-20251123-WA0030-1536x648.jpg 1536w, https:\/\/assmgym.saintmedardasso.fr\/wp-content\/uploads\/2025\/11\/IMG-20251123-WA0030-1800x759.jpg 1800w, https:\/\/assmgym.saintmedardasso.fr\/wp-content\/uploads\/2025\/11\/IMG-20251123-WA0030.jpg 2048w\" sizes=\"(max-width: 1024px) 100vw, 1024px\" \/><\/a><\/figure>\n\n\n\n<figure class=\"wp-block-image size-large\"><a href=\"https:\/\/assmgym.saintmedardasso.fr\/wp-content\/uploads\/2025\/11\/IMG-20251123-WA0032.jpg\"><img loading=\"lazy\" width=\"1024\" height=\"421\" data-id=\"3736\"  src=\"https:\/\/assmgym.saintmedardasso.fr\/wp-content\/uploads\/2025\/11\/IMG-20251123-WA0032-1024x421.jpg\" alt=\"\" class=\"wp-image-3736\" srcset=\"https:\/\/assmgym.saintmedardasso.fr\/wp-content\/uploads\/2025\/11\/IMG-20251123-WA0032-1024x421.jpg 1024w, https:\/\/assmgym.saintmedardasso.fr\/wp-content\/uploads\/2025\/11\/IMG-20251123-WA0032-300x123.jpg 300w, https:\/\/assmgym.saintmedardasso.fr\/wp-content\/uploads\/2025\/11\/IMG-20251123-WA0032-768x316.jpg 768w, https:\/\/assmgym.saintmedardasso.fr\/wp-content\/uploads\/2025\/11\/IMG-20251123-WA0032-1536x632.jpg 1536w, https:\/\/assmgym.saintmedardasso.fr\/wp-content\/uploads\/2025\/11\/IMG-20251123-WA0032-1800x740.jpg 1800w, https:\/\/assmgym.saintmedardasso.fr\/wp-content\/uploads\/2025\/11\/IMG-20251123-WA0032.jpg 2048w\" sizes=\"(max-width: 1024px) 100vw, 1024px\" \/><\/a><\/figure>\n\n\n\n<figure class=\"wp-block-image size-large\"><a href=\"https:\/\/assmgym.saintmedardasso.fr\/wp-content\/uploads\/2025\/11\/IMG-20251123-WA0033.jpg\"><img loading=\"lazy\" width=\"1024\" height=\"429\" data-id=\"3740\"  src=\"https:\/\/assmgym.saintmedardasso.fr\/wp-content\/uploads\/2025\/11\/IMG-20251123-WA0033-1024x429.jpg\" alt=\"\" class=\"wp-image-3740\" srcset=\"https:\/\/assmgym.saintmedardasso.fr\/wp-content\/uploads\/2025\/11\/IMG-20251123-WA0033-1024x429.jpg 1024w, https:\/\/assmgym.saintmedardasso.fr\/wp-content\/uploads\/2025\/11\/IMG-20251123-WA0033-300x126.jpg 300w, https:\/\/assmgym.saintmedardasso.fr\/wp-content\/uploads\/2025\/11\/IMG-20251123-WA0033-768x322.jpg 768w, https:\/\/assmgym.saintmedardasso.fr\/wp-content\/uploads\/2025\/11\/IMG-20251123-WA0033-1536x644.jpg 1536w, https:\/\/assmgym.saintmedardasso.fr\/wp-content\/uploads\/2025\/11\/IMG-20251123-WA0033-1800x754.jpg 1800w, https:\/\/assmgym.saintmedardasso.fr\/wp-content\/uploads\/2025\/11\/IMG-20251123-WA0033.jpg 2048w\" sizes=\"(max-width: 1024px) 100vw, 1024px\" \/><\/a><\/figure>\n\n\n\n<figure class=\"wp-block-image size-large\"><a href=\"https:\/\/assmgym.saintmedardasso.fr\/wp-content\/uploads\/2025\/11\/IMG-20251123-WA0031.jpg\"><img loading=\"lazy\" width=\"1024\" height=\"431\" data-id=\"3733\"  src=\"https:\/\/assmgym.saintmedardasso.fr\/wp-content\/uploads\/2025\/11\/IMG-20251123-WA0031-1024x431.jpg\" alt=\"\" class=\"wp-image-3733\" srcset=\"https:\/\/assmgym.saintmedardasso.fr\/wp-content\/uploads\/2025\/11\/IMG-20251123-WA0031-1024x431.jpg 1024w, https:\/\/assmgym.saintmedardasso.fr\/wp-content\/uploads\/2025\/11\/IMG-20251123-WA0031-300x126.jpg 300w, https:\/\/assmgym.saintmedardasso.fr\/wp-content\/uploads\/2025\/11\/IMG-20251123-WA0031-768x323.jpg 768w, https:\/\/assmgym.saintmedardasso.fr\/wp-content\/uploads\/2025\/11\/IMG-20251123-WA0031-1536x647.jpg 1536w, https:\/\/assmgym.saintmedardasso.fr\/wp-content\/uploads\/2025\/11\/IMG-20251123-WA0031-1800x758.jpg 1800w, https:\/\/assmgym.saintmedardasso.fr\/wp-content\/uploads\/2025\/11\/IMG-20251123-WA0031.jpg 2048w\" sizes=\"(max-width: 1024px) 100vw, 1024px\" \/><\/a><\/figure>\n<\/figure>\n\n\n\n<figure class=\"wp-block-gallery has-nested-images columns-default is-cropped\">\n<figure class=\"wp-block-image size-large\"><a href=\"https:\/\/assmgym.saintmedardasso.fr\/wp-content\/uploads\/2025\/12\/1765720938702.jpg\"><img loading=\"lazy\" width=\"862\" height=\"500\" data-id=\"3806\"  src=\"http:\/\/assmgym.saintmedardasso.fr\/wp-content\/uploads\/2025\/12\/1765720938702.jpg\" alt=\"\" class=\"wp-image-3806\" srcset=\"https:\/\/assmgym.saintmedardasso.fr\/wp-content\/uploads\/2025\/12\/1765720938702.jpg 862w, https:\/\/assmgym.saintmedardasso.fr\/wp-content\/uploads\/2025\/12\/1765720938702-300x174.jpg 300w, https:\/\/assmgym.saintmedardasso.fr\/wp-content\/uploads\/2025\/12\/1765720938702-768x445.jpg 768w\" sizes=\"(max-width: 862px) 100vw, 862px\" \/><\/a><\/figure>\n\n\n\n<figure class=\"wp-block-image size-large\"><a href=\"https:\/\/assmgym.saintmedardasso.fr\/wp-content\/uploads\/2025\/12\/1765720938710.jpg\"><img loading=\"lazy\" width=\"920\" height=\"496\" data-id=\"3805\"  src=\"http:\/\/assmgym.saintmedardasso.fr\/wp-content\/uploads\/2025\/12\/1765720938710.jpg\" alt=\"\" class=\"wp-image-3805\" srcset=\"https:\/\/assmgym.saintmedardasso.fr\/wp-content\/uploads\/2025\/12\/1765720938710.jpg 920w, https:\/\/assmgym.saintmedardasso.fr\/wp-content\/uploads\/2025\/12\/1765720938710-300x162.jpg 300w, https:\/\/assmgym.saintmedardasso.fr\/wp-content\/uploads\/2025\/12\/1765720938710-768x414.jpg 768w\" sizes=\"(max-width: 920px) 100vw, 920px\" \/><\/a><\/figure>\n<\/figure>\n\n\n\n<figure class=\"wp-block-gallery has-nested-images columns-default is-cropped\">\n<figure class=\"wp-block-image size-large\"><a href=\"https:\/\/assmgym.saintmedardasso.fr\/wp-content\/uploads\/2025\/12\/1765720938696.jpg\"><img loading=\"lazy\" width=\"1164\" height=\"566\" data-id=\"3804\"  src=\"http:\/\/assmgym.saintmedardasso.fr\/wp-content\/uploads\/2025\/12\/1765720938696.jpg\" alt=\"\" class=\"wp-image-3804\" srcset=\"https:\/\/assmgym.saintmedardasso.fr\/wp-content\/uploads\/2025\/12\/1765720938696.jpg 1164w, https:\/\/assmgym.saintmedardasso.fr\/wp-content\/uploads\/2025\/12\/1765720938696-300x146.jpg 300w, https:\/\/assmgym.saintmedardasso.fr\/wp-content\/uploads\/2025\/12\/1765720938696-1024x498.jpg 1024w, https:\/\/assmgym.saintmedardasso.fr\/wp-content\/uploads\/2025\/12\/1765720938696-768x373.jpg 768w\" sizes=\"(max-width: 1164px) 100vw, 1164px\" \/><\/a><\/figure>\n<\/figure>\n\n\n\n<figure class=\"wp-block-gallery has-nested-images columns-default is-cropped\">\n<figure class=\"wp-block-image size-full\"><a href=\"http:\/\/assmgym.saintmedardasso.fr\/wp-content\/uploads\/2025\/12\/1765720938684.jpg\"><img loading=\"lazy\" width=\"734\" height=\"384\" data-id=\"3803\"  src=\"http:\/\/assmgym.saintmedardasso.fr\/wp-content\/uploads\/2025\/12\/1765720938684.jpg\" alt=\"\" class=\"wp-image-3803\" srcset=\"https:\/\/assmgym.saintmedardasso.fr\/wp-content\/uploads\/2025\/12\/1765720938684.jpg 734w, https:\/\/assmgym.saintmedardasso.fr\/wp-content\/uploads\/2025\/12\/1765720938684-300x157.jpg 300w\" sizes=\"(max-width: 734px) 100vw, 734px\" \/><\/a><\/figure>\n<\/figure>\n\n\n\n<figure class=\"wp-block-gallery has-nested-images columns-default is-cropped\">\n<figure class=\"wp-block-image size-large\"><a href=\"https:\/\/assmgym.saintmedardasso.fr\/wp-content\/uploads\/2025\/12\/1765720938676.jpg\"><img loading=\"lazy\" width=\"857\" height=\"620\" data-id=\"3802\"  src=\"http:\/\/assmgym.saintmedardasso.fr\/wp-content\/uploads\/2025\/12\/1765720938676.jpg\" alt=\"\" class=\"wp-image-3802\" srcset=\"https:\/\/assmgym.saintmedardasso.fr\/wp-content\/uploads\/2025\/12\/1765720938676.jpg 857w, https:\/\/assmgym.saintmedardasso.fr\/wp-content\/uploads\/2025\/12\/1765720938676-300x217.jpg 300w, https:\/\/assmgym.saintmedardasso.fr\/wp-content\/uploads\/2025\/12\/1765720938676-768x556.jpg 768w\" sizes=\"(max-width: 857px) 100vw, 857px\" \/><\/a><\/figure>\n<\/figure>\n","protected":false},"excerpt":{"rendered":"<p>Le samedi 22 novembre 2025 a eu lieu la traditionnelle soir\u00e9e des r\u00e9compenses de l&rsquo;ASSM Omnisport.Ce fut une tr\u00e8s belle soir\u00e9e o\u00f9 nous avons [&#8230;]<\/p>\n","protected":false},"author":2,"featured_media":0,"parent":0,"menu_order":0,"comment_status":"closed","ping_status":"closed","template":"","meta":{"ngg_post_thumbnail":0},"_links":{"self":[{"href":"https:\/\/assmgym.saintmedardasso.fr\/index.php?rest_route=\/wp\/v2\/pages\/3707"}],"collection":[{"href":"https:\/\/assmgym.saintmedardasso.fr\/index.php?rest_route=\/wp\/v2\/pages"}],"about":[{"href":"https:\/\/assmgym.saintmedardasso.fr\/index.php?rest_route=\/wp\/v2\/types\/page"}],"author":[{"embeddable":true,"href":"https:\/\/assmgym.saintmedardasso.fr\/index.php?rest_route=\/wp\/v2\/users\/2"}],"replies":[{"embeddable":true,"href":"https:\/\/assmgym.saintmedardasso.fr\/index.php?rest_route=%2Fwp%2Fv2%2Fcomments&post=3707"}],"version-history":[{"count":3,"href":"https:\/\/assmgym.saintmedardasso.fr\/index.php?rest_route=\/wp\/v2\/pages\/3707\/revisions"}],"predecessor-version":[{"id":3808,"href":"https:\/\/assmgym.saintmedardasso.fr\/index.php?rest_route=\/wp\/v2\/pages\/3707\/revisions\/3808"}],"wp:attachment":[{"href":"https:\/\/assmgym.saintmedardasso.fr\/index.php?rest_route=%2Fwp%2Fv2%2Fmedia&parent=3707"}],"curies":[{"name":"wp","href":"https:\/\/api.w.org\/{rel}","templated":true}]}}