{"id":3627,"date":"2025-11-01T14:39:31","date_gmt":"2025-11-01T13:39:31","guid":{"rendered":"https:\/\/assmgym.saintmedardasso.fr\/?page_id=3627"},"modified":"2025-11-01T14:56:10","modified_gmt":"2025-11-01T13:56:10","slug":"syfakas","status":"publish","type":"page","link":"https:\/\/assmgym.saintmedardasso.fr\/?page_id=3627","title":{"rendered":"PANDAS"},"content":{"rendered":"\n<div class=\"wp-block-image\"><figure class=\"aligncenter size-large\"><a href=\"https:\/\/assmgym.saintmedardasso.fr\/wp-content\/uploads\/2025\/11\/IMG-20251101-WA0038.jpg\"><img loading=\"lazy\" width=\"1024\" height=\"766\" src=\"https:\/\/assmgym.saintmedardasso.fr\/wp-content\/uploads\/2025\/11\/IMG-20251101-WA0038-1024x766.jpg\" alt=\"\" class=\"wp-image-3628\" srcset=\"https:\/\/assmgym.saintmedardasso.fr\/wp-content\/uploads\/2025\/11\/IMG-20251101-WA0038-1024x766.jpg 1024w, https:\/\/assmgym.saintmedardasso.fr\/wp-content\/uploads\/2025\/11\/IMG-20251101-WA0038-300x224.jpg 300w, https:\/\/assmgym.saintmedardasso.fr\/wp-content\/uploads\/2025\/11\/IMG-20251101-WA0038-768x575.jpg 768w, https:\/\/assmgym.saintmedardasso.fr\/wp-content\/uploads\/2025\/11\/IMG-20251101-WA0038-1536x1149.jpg 1536w, https:\/\/assmgym.saintmedardasso.fr\/wp-content\/uploads\/2025\/11\/IMG-20251101-WA0038.jpg 1600w\" sizes=\"(max-width: 1024px) 100vw, 1024px\" \/><\/a><figcaption>Entra\u00een\u00e9es par Emmanuelle<\/figcaption><\/figure><\/div>\n\n\n\n<p class=\"has-text-align-center\">Ena\u00e9, L\u00e9na, Roxane, Tessa, Chlo\u00e9, Victoire, Alice L, Kiara, Alice D<\/p>\n","protected":false},"excerpt":{"rendered":"<p>Ena\u00e9, L\u00e9na, Roxane, Tessa, Chlo\u00e9, Victoire, Alice L, Kiara, Alice D<\/p>\n","protected":false},"author":2,"featured_media":0,"parent":0,"menu_order":0,"comment_status":"closed","ping_status":"closed","template":"","meta":{"ngg_post_thumbnail":0},"_links":{"self":[{"href":"https:\/\/assmgym.saintmedardasso.fr\/index.php?rest_route=\/wp\/v2\/pages\/3627"}],"collection":[{"href":"https:\/\/assmgym.saintmedardasso.fr\/index.php?rest_route=\/wp\/v2\/pages"}],"about":[{"href":"https:\/\/assmgym.saintmedardasso.fr\/index.php?rest_route=\/wp\/v2\/types\/page"}],"author":[{"embeddable":true,"href":"https:\/\/assmgym.saintmedardasso.fr\/index.php?rest_route=\/wp\/v2\/users\/2"}],"replies":[{"embeddable":true,"href":"https:\/\/assmgym.saintmedardasso.fr\/index.php?rest_route=%2Fwp%2Fv2%2Fcomments&post=3627"}],"version-history":[{"count":2,"href":"https:\/\/assmgym.saintmedardasso.fr\/index.php?rest_route=\/wp\/v2\/pages\/3627\/revisions"}],"predecessor-version":[{"id":3640,"href":"https:\/\/assmgym.saintmedardasso.fr\/index.php?rest_route=\/wp\/v2\/pages\/3627\/revisions\/3640"}],"wp:attachment":[{"href":"https:\/\/assmgym.saintmedardasso.fr\/index.php?rest_route=%2Fwp%2Fv2%2Fmedia&parent=3627"}],"curies":[{"name":"wp","href":"https:\/\/api.w.org\/{rel}","templated":true}]}}