{"id":3484,"date":"2025-10-21T18:12:54","date_gmt":"2025-10-21T16:12:54","guid":{"rendered":"https:\/\/assmgym.saintmedardasso.fr\/?page_id=3484"},"modified":"2025-10-21T18:12:54","modified_gmt":"2025-10-21T16:12:54","slug":"championnat-de-france-teamgym","status":"publish","type":"page","link":"https:\/\/assmgym.saintmedardasso.fr\/?page_id=3484","title":{"rendered":"CHAMPIONNAT DE FRANCE TEAMGYM"},"content":{"rendered":"\n<p>F\u00e9licitations \u00e0 nos gymnastes ayant particip\u00e9 au Championnat de France de Teamgym mixte avec les gymnastes de Bruges !<br \/>Ils sont <strong>Vice-Champions de France<\/strong> en Nationale A 12 ans et + !<\/p>\n\n\n\n<div class=\"wp-block-image\"><figure class=\"aligncenter size-full\"><a href=\"https:\/\/assmgym.saintmedardasso.fr\/wp-content\/uploads\/2025\/10\/Capture-decran-2025-10-21-181212.png\"><img loading=\"lazy\" width=\"582\" height=\"396\" src=\"https:\/\/assmgym.saintmedardasso.fr\/wp-content\/uploads\/2025\/10\/Capture-decran-2025-10-21-181212.png\" alt=\"\" class=\"wp-image-3486\" srcset=\"https:\/\/assmgym.saintmedardasso.fr\/wp-content\/uploads\/2025\/10\/Capture-decran-2025-10-21-181212.png 582w, https:\/\/assmgym.saintmedardasso.fr\/wp-content\/uploads\/2025\/10\/Capture-decran-2025-10-21-181212-300x204.png 300w\" sizes=\"(max-width: 582px) 100vw, 582px\" \/><\/a><\/figure><\/div>\n","protected":false},"excerpt":{"rendered":"<p>F\u00e9licitations \u00e0 nos gymnastes ayant particip\u00e9 au Championnat de France de Teamgym mixte avec les gymnastes de Bruges !Ils sont Vice-Champions de France en [&#8230;]<\/p>\n","protected":false},"author":2,"featured_media":0,"parent":0,"menu_order":0,"comment_status":"closed","ping_status":"closed","template":"","meta":{"ngg_post_thumbnail":0},"_links":{"self":[{"href":"https:\/\/assmgym.saintmedardasso.fr\/index.php?rest_route=\/wp\/v2\/pages\/3484"}],"collection":[{"href":"https:\/\/assmgym.saintmedardasso.fr\/index.php?rest_route=\/wp\/v2\/pages"}],"about":[{"href":"https:\/\/assmgym.saintmedardasso.fr\/index.php?rest_route=\/wp\/v2\/types\/page"}],"author":[{"embeddable":true,"href":"https:\/\/assmgym.saintmedardasso.fr\/index.php?rest_route=\/wp\/v2\/users\/2"}],"replies":[{"embeddable":true,"href":"https:\/\/assmgym.saintmedardasso.fr\/index.php?rest_route=%2Fwp%2Fv2%2Fcomments&post=3484"}],"version-history":[{"count":1,"href":"https:\/\/assmgym.saintmedardasso.fr\/index.php?rest_route=\/wp\/v2\/pages\/3484\/revisions"}],"predecessor-version":[{"id":3488,"href":"https:\/\/assmgym.saintmedardasso.fr\/index.php?rest_route=\/wp\/v2\/pages\/3484\/revisions\/3488"}],"wp:attachment":[{"href":"https:\/\/assmgym.saintmedardasso.fr\/index.php?rest_route=%2Fwp%2Fv2%2Fmedia&parent=3484"}],"curies":[{"name":"wp","href":"https:\/\/api.w.org\/{rel}","templated":true}]}}