{"id":3470,"date":"2025-10-21T18:03:28","date_gmt":"2025-10-21T16:03:28","guid":{"rendered":"https:\/\/assmgym.saintmedardasso.fr\/?page_id=3470"},"modified":"2025-10-21T18:03:28","modified_gmt":"2025-10-21T16:03:28","slug":"championnat-de-france-universitaire-de-teamgym","status":"publish","type":"page","link":"https:\/\/assmgym.saintmedardasso.fr\/?page_id=3470","title":{"rendered":"CHAMPIONNAT DE FRANCE UNIVERSITAIRE DE TEAMGYM"},"content":{"rendered":"\n<p>F\u00e9licitations \u00e0 certains de nos GAM ayant particip\u00e9 au Championnat de France Universitaire de Teamgym !<\/p>\n\n\n\n<p>L&rsquo;\u00e9quipe est <strong>Vice-Championne de France<\/strong> !<\/p>\n\n\n\n<div class=\"wp-block-image\"><figure class=\"aligncenter size-large\"><a href=\"https:\/\/assmgym.saintmedardasso.fr\/wp-content\/uploads\/2025\/10\/Capture-decran-2025-10-21-180232.png\"><img loading=\"lazy\" width=\"1024\" height=\"477\" src=\"https:\/\/assmgym.saintmedardasso.fr\/wp-content\/uploads\/2025\/10\/Capture-decran-2025-10-21-180232-1024x477.png\" alt=\"\" class=\"wp-image-3471\" srcset=\"https:\/\/assmgym.saintmedardasso.fr\/wp-content\/uploads\/2025\/10\/Capture-decran-2025-10-21-180232-1024x477.png 1024w, https:\/\/assmgym.saintmedardasso.fr\/wp-content\/uploads\/2025\/10\/Capture-decran-2025-10-21-180232-300x140.png 300w, https:\/\/assmgym.saintmedardasso.fr\/wp-content\/uploads\/2025\/10\/Capture-decran-2025-10-21-180232-768x358.png 768w, https:\/\/assmgym.saintmedardasso.fr\/wp-content\/uploads\/2025\/10\/Capture-decran-2025-10-21-180232.png 1431w\" sizes=\"(max-width: 1024px) 100vw, 1024px\" \/><\/a><figcaption>14 mai 2025 \u00e0 Pessac<\/figcaption><\/figure><\/div>\n","protected":false},"excerpt":{"rendered":"<p>F\u00e9licitations \u00e0 certains de nos GAM ayant particip\u00e9 au Championnat de France Universitaire de Teamgym ! L&rsquo;\u00e9quipe est Vice-Championne de France !<\/p>\n","protected":false},"author":2,"featured_media":0,"parent":0,"menu_order":0,"comment_status":"closed","ping_status":"closed","template":"","meta":{"ngg_post_thumbnail":0},"_links":{"self":[{"href":"https:\/\/assmgym.saintmedardasso.fr\/index.php?rest_route=\/wp\/v2\/pages\/3470"}],"collection":[{"href":"https:\/\/assmgym.saintmedardasso.fr\/index.php?rest_route=\/wp\/v2\/pages"}],"about":[{"href":"https:\/\/assmgym.saintmedardasso.fr\/index.php?rest_route=\/wp\/v2\/types\/page"}],"author":[{"embeddable":true,"href":"https:\/\/assmgym.saintmedardasso.fr\/index.php?rest_route=\/wp\/v2\/users\/2"}],"replies":[{"embeddable":true,"href":"https:\/\/assmgym.saintmedardasso.fr\/index.php?rest_route=%2Fwp%2Fv2%2Fcomments&post=3470"}],"version-history":[{"count":1,"href":"https:\/\/assmgym.saintmedardasso.fr\/index.php?rest_route=\/wp\/v2\/pages\/3470\/revisions"}],"predecessor-version":[{"id":3473,"href":"https:\/\/assmgym.saintmedardasso.fr\/index.php?rest_route=\/wp\/v2\/pages\/3470\/revisions\/3473"}],"wp:attachment":[{"href":"https:\/\/assmgym.saintmedardasso.fr\/index.php?rest_route=%2Fwp%2Fv2%2Fmedia&parent=3470"}],"curies":[{"name":"wp","href":"https:\/\/api.w.org\/{rel}","templated":true}]}}