{"id":3462,"date":"2025-10-21T17:59:19","date_gmt":"2025-10-21T15:59:19","guid":{"rendered":"https:\/\/assmgym.saintmedardasso.fr\/?page_id=3462"},"modified":"2025-10-21T17:59:19","modified_gmt":"2025-10-21T15:59:19","slug":"championnat-de-france-gaf-2","status":"publish","type":"page","link":"https:\/\/assmgym.saintmedardasso.fr\/?page_id=3462","title":{"rendered":"CHAMPIONNAT DE FRANCE GAF"},"content":{"rendered":"\n<p>F\u00e9licitations \u00e0 nos GAF ayant particip\u00e9 au Championnat de France en finale A1 Fed A 12\/15 ans ! Elles terminent 11\u1d49\/16 de leur poule et 12\u1d49\/48 sur les 3 poules !<\/p>\n\n\n\n<p>Bravo \u00e0 tous et merci \u00e0 notre juge Emma, ainsi qu&rsquo;aux coachs et supporters !<\/p>\n\n\n\n<div class=\"wp-block-image\"><figure class=\"aligncenter size-full\"><a href=\"https:\/\/assmgym.saintmedardasso.fr\/wp-content\/uploads\/2025\/10\/Capture-decran-2025-10-21-175842.png\"><img loading=\"lazy\" width=\"489\" height=\"820\" src=\"https:\/\/assmgym.saintmedardasso.fr\/wp-content\/uploads\/2025\/10\/Capture-decran-2025-10-21-175842.png\" alt=\"\" class=\"wp-image-3463\" srcset=\"https:\/\/assmgym.saintmedardasso.fr\/wp-content\/uploads\/2025\/10\/Capture-decran-2025-10-21-175842.png 489w, https:\/\/assmgym.saintmedardasso.fr\/wp-content\/uploads\/2025\/10\/Capture-decran-2025-10-21-175842-179x300.png 179w\" sizes=\"(max-width: 489px) 100vw, 489px\" \/><\/a><figcaption>9 mai 2025 \u00e0 Ch\u00e2lons-en-Champagne<\/figcaption><\/figure><\/div>\n","protected":false},"excerpt":{"rendered":"<p>F\u00e9licitations \u00e0 nos GAF ayant particip\u00e9 au Championnat de France en finale A1 Fed A 12\/15 ans ! Elles terminent 11\u1d49\/16 de leur poule [&#8230;]<\/p>\n","protected":false},"author":2,"featured_media":0,"parent":0,"menu_order":0,"comment_status":"closed","ping_status":"closed","template":"","meta":{"ngg_post_thumbnail":0},"_links":{"self":[{"href":"https:\/\/assmgym.saintmedardasso.fr\/index.php?rest_route=\/wp\/v2\/pages\/3462"}],"collection":[{"href":"https:\/\/assmgym.saintmedardasso.fr\/index.php?rest_route=\/wp\/v2\/pages"}],"about":[{"href":"https:\/\/assmgym.saintmedardasso.fr\/index.php?rest_route=\/wp\/v2\/types\/page"}],"author":[{"embeddable":true,"href":"https:\/\/assmgym.saintmedardasso.fr\/index.php?rest_route=\/wp\/v2\/users\/2"}],"replies":[{"embeddable":true,"href":"https:\/\/assmgym.saintmedardasso.fr\/index.php?rest_route=%2Fwp%2Fv2%2Fcomments&post=3462"}],"version-history":[{"count":1,"href":"https:\/\/assmgym.saintmedardasso.fr\/index.php?rest_route=\/wp\/v2\/pages\/3462\/revisions"}],"predecessor-version":[{"id":3465,"href":"https:\/\/assmgym.saintmedardasso.fr\/index.php?rest_route=\/wp\/v2\/pages\/3462\/revisions\/3465"}],"wp:attachment":[{"href":"https:\/\/assmgym.saintmedardasso.fr\/index.php?rest_route=%2Fwp%2Fv2%2Fmedia&parent=3462"}],"curies":[{"name":"wp","href":"https:\/\/api.w.org\/{rel}","templated":true}]}}