{"id":3457,"date":"2025-10-21T17:57:25","date_gmt":"2025-10-21T15:57:25","guid":{"rendered":"https:\/\/assmgym.saintmedardasso.fr\/?page_id=3457"},"modified":"2025-10-21T18:11:26","modified_gmt":"2025-10-21T16:11:26","slug":"championnat-de-france-gam-2","status":"publish","type":"page","link":"https:\/\/assmgym.saintmedardasso.fr\/?page_id=3457","title":{"rendered":"CHAMPIONNAT DE FRANCE GAM"},"content":{"rendered":"\n<p>F\u00e9licitations \u00e0 nos GAM ayant particip\u00e9 au Championnat de France !<\/p>\n\n\n\n<p>Nos Fed A 10\/15 ans ont rejou\u00e9 et gagn\u00e9 pour la <strong>2e saison cons\u00e9cutive<\/strong> le titre de <strong>CHAMPIONS DE FRANCE<\/strong> !!<br \/>Un grand bravo \u00e0 vous Lenny, Loucas, Loun\u00e8s et Noam ! Le club est extr\u00eamement fier de vous !<\/p>\n\n\n\n<p><strong>FED A 12 ans et + &#8211; finale A2 <\/strong>: 7\u1d49\/20<br \/><strong>NAT B 12 ans et + &#8211; finale B2 <\/strong>: Vice-Champions de France<br \/><strong>NAT B 12 ans et + &#8211; finale B4<\/strong> : 5\u1d49\/12<\/p>\n\n\n\n<p>Bravo \u00e0 tous et merci \u00e0 notre juge Adam, ainsi qu&rsquo;aux coachs et supporters !<\/p>\n\n\n\n<div class=\"wp-block-image\"><figure class=\"aligncenter size-full\"><a href=\"https:\/\/assmgym.saintmedardasso.fr\/wp-content\/uploads\/2025\/10\/Capture-decran-2025-10-21-175659.png\"><img loading=\"lazy\" width=\"936\" height=\"863\" src=\"https:\/\/assmgym.saintmedardasso.fr\/wp-content\/uploads\/2025\/10\/Capture-decran-2025-10-21-175659.png\" alt=\"\" class=\"wp-image-3458\" srcset=\"https:\/\/assmgym.saintmedardasso.fr\/wp-content\/uploads\/2025\/10\/Capture-decran-2025-10-21-175659.png 936w, https:\/\/assmgym.saintmedardasso.fr\/wp-content\/uploads\/2025\/10\/Capture-decran-2025-10-21-175659-300x277.png 300w, https:\/\/assmgym.saintmedardasso.fr\/wp-content\/uploads\/2025\/10\/Capture-decran-2025-10-21-175659-768x708.png 768w\" sizes=\"(max-width: 936px) 100vw, 936px\" \/><\/a><figcaption>8 mai 2025 \u00e0 Mulhouse<\/figcaption><\/figure><\/div>\n\n\n\n<div class=\"wp-block-image\"><figure class=\"aligncenter size-full\"><a href=\"https:\/\/assmgym.saintmedardasso.fr\/wp-content\/uploads\/2025\/10\/Capture-decran-2025-10-21-180151.png\"><img loading=\"lazy\" width=\"672\" height=\"804\" src=\"https:\/\/assmgym.saintmedardasso.fr\/wp-content\/uploads\/2025\/10\/Capture-decran-2025-10-21-180151.png\" alt=\"\" class=\"wp-image-3467\" srcset=\"https:\/\/assmgym.saintmedardasso.fr\/wp-content\/uploads\/2025\/10\/Capture-decran-2025-10-21-180151.png 672w, https:\/\/assmgym.saintmedardasso.fr\/wp-content\/uploads\/2025\/10\/Capture-decran-2025-10-21-180151-251x300.png 251w\" sizes=\"(max-width: 672px) 100vw, 672px\" \/><\/a><figcaption>9 mai 2025 \u00e0 Mulhouse<\/figcaption><\/figure><\/div>\n\n\n\n<figure class=\"wp-block-image size-large\"><a href=\"https:\/\/assmgym.saintmedardasso.fr\/wp-content\/uploads\/2025\/10\/Capture-decran-2025-10-21-180820.png\"><img loading=\"lazy\" width=\"1024\" height=\"510\" src=\"https:\/\/assmgym.saintmedardasso.fr\/wp-content\/uploads\/2025\/10\/Capture-decran-2025-10-21-180820-1024x510.png\" alt=\"\" class=\"wp-image-3482\" srcset=\"https:\/\/assmgym.saintmedardasso.fr\/wp-content\/uploads\/2025\/10\/Capture-decran-2025-10-21-180820-1024x510.png 1024w, https:\/\/assmgym.saintmedardasso.fr\/wp-content\/uploads\/2025\/10\/Capture-decran-2025-10-21-180820-300x149.png 300w, https:\/\/assmgym.saintmedardasso.fr\/wp-content\/uploads\/2025\/10\/Capture-decran-2025-10-21-180820-768x382.png 768w, https:\/\/assmgym.saintmedardasso.fr\/wp-content\/uploads\/2025\/10\/Capture-decran-2025-10-21-180820.png 1426w\" sizes=\"(max-width: 1024px) 100vw, 1024px\" \/><\/a><figcaption>23 mai 2025 \u00e0 Saint-Quentin-en-Yvelines<\/figcaption><\/figure>\n","protected":false},"excerpt":{"rendered":"<p>F\u00e9licitations \u00e0 nos GAM ayant particip\u00e9 au Championnat de France ! Nos Fed A 10\/15 ans ont rejou\u00e9 et gagn\u00e9 pour la 2e saison [&#8230;]<\/p>\n","protected":false},"author":2,"featured_media":0,"parent":0,"menu_order":0,"comment_status":"closed","ping_status":"closed","template":"","meta":{"ngg_post_thumbnail":0},"_links":{"self":[{"href":"https:\/\/assmgym.saintmedardasso.fr\/index.php?rest_route=\/wp\/v2\/pages\/3457"}],"collection":[{"href":"https:\/\/assmgym.saintmedardasso.fr\/index.php?rest_route=\/wp\/v2\/pages"}],"about":[{"href":"https:\/\/assmgym.saintmedardasso.fr\/index.php?rest_route=\/wp\/v2\/types\/page"}],"author":[{"embeddable":true,"href":"https:\/\/assmgym.saintmedardasso.fr\/index.php?rest_route=\/wp\/v2\/users\/2"}],"replies":[{"embeddable":true,"href":"https:\/\/assmgym.saintmedardasso.fr\/index.php?rest_route=%2Fwp%2Fv2%2Fcomments&post=3457"}],"version-history":[{"count":4,"href":"https:\/\/assmgym.saintmedardasso.fr\/index.php?rest_route=\/wp\/v2\/pages\/3457\/revisions"}],"predecessor-version":[{"id":3483,"href":"https:\/\/assmgym.saintmedardasso.fr\/index.php?rest_route=\/wp\/v2\/pages\/3457\/revisions\/3483"}],"wp:attachment":[{"href":"https:\/\/assmgym.saintmedardasso.fr\/index.php?rest_route=%2Fwp%2Fv2%2Fmedia&parent=3457"}],"curies":[{"name":"wp","href":"https:\/\/api.w.org\/{rel}","templated":true}]}}