{"id":3442,"date":"2025-10-21T17:50:57","date_gmt":"2025-10-21T15:50:57","guid":{"rendered":"https:\/\/assmgym.saintmedardasso.fr\/?page_id=3442"},"modified":"2025-10-21T17:50:57","modified_gmt":"2025-10-21T15:50:57","slug":"championnat-regional-gam-2","status":"publish","type":"page","link":"https:\/\/assmgym.saintmedardasso.fr\/?page_id=3442","title":{"rendered":"CHAMPIONNAT R\u00c9GIONAL GAM"},"content":{"rendered":"\n<p>F\u00e9licitations \u00e0 nos gymnastes ayant particip\u00e9 au Championnat R\u00e9gional<\/p>\n\n\n\n<p><strong>F\u00c9D\u00c9RAL A 10-15 ans<\/strong> : 1er\/7<br \/><strong>F\u00c9D\u00c9RAL A 12 ans et +<\/strong> : 1er\/17<br \/>Ils sont donc <strong>Champions de la R\u00e9gion Nouvelle Aquitaine<\/strong> et qualifi\u00e9s d&rsquo;office aux Championnats de France qui se d\u00e9rouleront \u00e0 Mulhouse.<\/p>\n\n\n\n<p>Bravo \u00e0 tous et merci \u00e0 nos juges, coachs et supporters !<\/p>\n\n\n\n<div class=\"wp-block-image\"><figure class=\"aligncenter size-full\"><a href=\"https:\/\/assmgym.saintmedardasso.fr\/wp-content\/uploads\/2025\/10\/Capture-decran-2025-10-21-175024.png\"><img loading=\"lazy\" width=\"483\" height=\"866\" src=\"https:\/\/assmgym.saintmedardasso.fr\/wp-content\/uploads\/2025\/10\/Capture-decran-2025-10-21-175024.png\" alt=\"\" class=\"wp-image-3443\" srcset=\"https:\/\/assmgym.saintmedardasso.fr\/wp-content\/uploads\/2025\/10\/Capture-decran-2025-10-21-175024.png 483w, https:\/\/assmgym.saintmedardasso.fr\/wp-content\/uploads\/2025\/10\/Capture-decran-2025-10-21-175024-167x300.png 167w\" sizes=\"(max-width: 483px) 100vw, 483px\" \/><\/a><figcaption>13 avril 2025 \u00e0 Thouars<\/figcaption><\/figure><\/div>\n","protected":false},"excerpt":{"rendered":"<p>F\u00e9licitations \u00e0 nos gymnastes ayant particip\u00e9 au Championnat R\u00e9gional F\u00c9D\u00c9RAL A 10-15 ans : 1er\/7F\u00c9D\u00c9RAL A 12 ans et + : 1er\/17Ils sont donc [&#8230;]<\/p>\n","protected":false},"author":2,"featured_media":0,"parent":0,"menu_order":0,"comment_status":"closed","ping_status":"closed","template":"","meta":{"ngg_post_thumbnail":0},"_links":{"self":[{"href":"https:\/\/assmgym.saintmedardasso.fr\/index.php?rest_route=\/wp\/v2\/pages\/3442"}],"collection":[{"href":"https:\/\/assmgym.saintmedardasso.fr\/index.php?rest_route=\/wp\/v2\/pages"}],"about":[{"href":"https:\/\/assmgym.saintmedardasso.fr\/index.php?rest_route=\/wp\/v2\/types\/page"}],"author":[{"embeddable":true,"href":"https:\/\/assmgym.saintmedardasso.fr\/index.php?rest_route=\/wp\/v2\/users\/2"}],"replies":[{"embeddable":true,"href":"https:\/\/assmgym.saintmedardasso.fr\/index.php?rest_route=%2Fwp%2Fv2%2Fcomments&post=3442"}],"version-history":[{"count":1,"href":"https:\/\/assmgym.saintmedardasso.fr\/index.php?rest_route=\/wp\/v2\/pages\/3442\/revisions"}],"predecessor-version":[{"id":3445,"href":"https:\/\/assmgym.saintmedardasso.fr\/index.php?rest_route=\/wp\/v2\/pages\/3442\/revisions\/3445"}],"wp:attachment":[{"href":"https:\/\/assmgym.saintmedardasso.fr\/index.php?rest_route=%2Fwp%2Fv2%2Fmedia&parent=3442"}],"curies":[{"name":"wp","href":"https:\/\/api.w.org\/{rel}","templated":true}]}}