{"id":3437,"date":"2025-10-21T17:48:39","date_gmt":"2025-10-21T15:48:39","guid":{"rendered":"https:\/\/assmgym.saintmedardasso.fr\/?page_id=3437"},"modified":"2025-10-21T17:48:39","modified_gmt":"2025-10-21T15:48:39","slug":"championnat-regional-gaf-2","status":"publish","type":"page","link":"https:\/\/assmgym.saintmedardasso.fr\/?page_id=3437","title":{"rendered":"CHAMPIONNAT R\u00c9GIONAL GAF"},"content":{"rendered":"\n<p>F\u00e9licitations \u00e0 nos gymnastes ayant particip\u00e9 au Championnat R\u00e9gional<\/p>\n\n\n\n<p><strong>F\u00c9D\u00c9RAL A 12-15 ans<\/strong> : 4\u1d49\/19 qualifi\u00e9es pour les Championnats de France \u00e0 Ch\u00e2lons-en-Champagne<br \/><strong>F\u00c9D\u00c9RAL A 10-13 ans<\/strong> : 13\u1d49\/24<br \/><strong>F\u00c9D\u00c9RAL A 14 ans et +<\/strong> : 16\u1d49\/23<\/p>\n\n\n\n<p>Bravo \u00e0 toutes et merci \u00e0 nos juges, coachs et supporters !<\/p>\n\n\n\n<div class=\"wp-block-image\"><figure class=\"aligncenter size-full\"><a href=\"https:\/\/assmgym.saintmedardasso.fr\/wp-content\/uploads\/2025\/10\/Capture-decran-2025-10-21-174739.png\"><img loading=\"lazy\" width=\"482\" height=\"859\" src=\"https:\/\/assmgym.saintmedardasso.fr\/wp-content\/uploads\/2025\/10\/Capture-decran-2025-10-21-174739.png\" alt=\"\" class=\"wp-image-3438\" srcset=\"https:\/\/assmgym.saintmedardasso.fr\/wp-content\/uploads\/2025\/10\/Capture-decran-2025-10-21-174739.png 482w, https:\/\/assmgym.saintmedardasso.fr\/wp-content\/uploads\/2025\/10\/Capture-decran-2025-10-21-174739-168x300.png 168w\" sizes=\"(max-width: 482px) 100vw, 482px\" \/><\/a><figcaption>12 et 13 avril 2025 \u00e0 Thouars<\/figcaption><\/figure><\/div>\n","protected":false},"excerpt":{"rendered":"<p>F\u00e9licitations \u00e0 nos gymnastes ayant particip\u00e9 au Championnat R\u00e9gional F\u00c9D\u00c9RAL A 12-15 ans : 4\u1d49\/19 qualifi\u00e9es pour les Championnats de France \u00e0 Ch\u00e2lons-en-ChampagneF\u00c9D\u00c9RAL A [&#8230;]<\/p>\n","protected":false},"author":2,"featured_media":0,"parent":0,"menu_order":0,"comment_status":"closed","ping_status":"closed","template":"","meta":{"ngg_post_thumbnail":0},"_links":{"self":[{"href":"https:\/\/assmgym.saintmedardasso.fr\/index.php?rest_route=\/wp\/v2\/pages\/3437"}],"collection":[{"href":"https:\/\/assmgym.saintmedardasso.fr\/index.php?rest_route=\/wp\/v2\/pages"}],"about":[{"href":"https:\/\/assmgym.saintmedardasso.fr\/index.php?rest_route=\/wp\/v2\/types\/page"}],"author":[{"embeddable":true,"href":"https:\/\/assmgym.saintmedardasso.fr\/index.php?rest_route=\/wp\/v2\/users\/2"}],"replies":[{"embeddable":true,"href":"https:\/\/assmgym.saintmedardasso.fr\/index.php?rest_route=%2Fwp%2Fv2%2Fcomments&post=3437"}],"version-history":[{"count":1,"href":"https:\/\/assmgym.saintmedardasso.fr\/index.php?rest_route=\/wp\/v2\/pages\/3437\/revisions"}],"predecessor-version":[{"id":3440,"href":"https:\/\/assmgym.saintmedardasso.fr\/index.php?rest_route=\/wp\/v2\/pages\/3437\/revisions\/3440"}],"wp:attachment":[{"href":"https:\/\/assmgym.saintmedardasso.fr\/index.php?rest_route=%2Fwp%2Fv2%2Fmedia&parent=3437"}],"curies":[{"name":"wp","href":"https:\/\/api.w.org\/{rel}","templated":true}]}}