{"id":3411,"date":"2025-10-21T17:28:08","date_gmt":"2025-10-21T15:28:08","guid":{"rendered":"https:\/\/assmgym.saintmedardasso.fr\/?page_id=3411"},"modified":"2025-10-21T17:28:08","modified_gmt":"2025-10-21T15:28:08","slug":"championnat-departemental-indiv-gam","status":"publish","type":"page","link":"https:\/\/assmgym.saintmedardasso.fr\/?page_id=3411","title":{"rendered":"CHAMPIONNAT D\u00c9PARTEMENTAL INDIV GAM"},"content":{"rendered":"\n<p>F\u00e9licitations \u00e0 nos gymnastes ayant particip\u00e9 au Championnat D\u00e9partemental Individuel<\/p>\n\n\n\n<p><strong>NAT A 15 ans<\/strong><br \/>Loun\u00e8s : 2\u1d49\/2<\/p>\n\n\n\n<p><strong>NAT A 19-21 ans<\/strong><br \/>Kim : 2\u1d49\/2<\/p>\n\n\n\n<p><strong>NAT B 18 ans et +<\/strong><br \/>Ethan : 1\u1d49\u02b3\/4<br \/>Cl\u00e9ment : 2\u1d49\/4<br \/>Adam : 3\u1d49\/4<\/p>\n\n\n\n<p><strong>F\u00c9D\u00c9RAL A 14-15 ans<\/strong><br \/>Loucas : 1\u1d49\u02b3\/2<\/p>\n\n\n\n<p><strong>COMP\u00c9TITION PROXIMIT\u00c9 9-10 ans<\/strong><br \/>Paul : 1er<br \/>Gabriel : 3\u00e8me<\/p>\n\n\n\n<p><strong>COMP\u00c9TITION PROXIMIT\u00c9 11-12 ans<\/strong><br \/>Arthur : 1er<br \/>Cl\u00e9ment : 2\u1d49<\/p>\n\n\n\n<p>Bravo \u00e0 tous et merci \u00e0 nos juges, coachs et supporters !<\/p>\n\n\n\n<div class=\"wp-block-image\"><figure class=\"aligncenter size-full\"><a href=\"https:\/\/assmgym.saintmedardasso.fr\/wp-content\/uploads\/2025\/10\/Capture-decran-2025-10-21-172620.png\"><img loading=\"lazy\" width=\"483\" height=\"860\" src=\"https:\/\/assmgym.saintmedardasso.fr\/wp-content\/uploads\/2025\/10\/Capture-decran-2025-10-21-172620.png\" alt=\"\" class=\"wp-image-3412\" srcset=\"https:\/\/assmgym.saintmedardasso.fr\/wp-content\/uploads\/2025\/10\/Capture-decran-2025-10-21-172620.png 483w, https:\/\/assmgym.saintmedardasso.fr\/wp-content\/uploads\/2025\/10\/Capture-decran-2025-10-21-172620-168x300.png 168w\" sizes=\"(max-width: 483px) 100vw, 483px\" \/><\/a><figcaption>25 janvier 2025 \u00e0 La Teste de Buch<\/figcaption><\/figure><\/div>\n","protected":false},"excerpt":{"rendered":"<p>F\u00e9licitations \u00e0 nos gymnastes ayant particip\u00e9 au Championnat D\u00e9partemental Individuel NAT A 15 ansLoun\u00e8s : 2\u1d49\/2 NAT A 19-21 ansKim : 2\u1d49\/2 NAT B [&#8230;]<\/p>\n","protected":false},"author":2,"featured_media":0,"parent":0,"menu_order":0,"comment_status":"closed","ping_status":"closed","template":"","meta":{"ngg_post_thumbnail":0},"_links":{"self":[{"href":"https:\/\/assmgym.saintmedardasso.fr\/index.php?rest_route=\/wp\/v2\/pages\/3411"}],"collection":[{"href":"https:\/\/assmgym.saintmedardasso.fr\/index.php?rest_route=\/wp\/v2\/pages"}],"about":[{"href":"https:\/\/assmgym.saintmedardasso.fr\/index.php?rest_route=\/wp\/v2\/types\/page"}],"author":[{"embeddable":true,"href":"https:\/\/assmgym.saintmedardasso.fr\/index.php?rest_route=\/wp\/v2\/users\/2"}],"replies":[{"embeddable":true,"href":"https:\/\/assmgym.saintmedardasso.fr\/index.php?rest_route=%2Fwp%2Fv2%2Fcomments&post=3411"}],"version-history":[{"count":1,"href":"https:\/\/assmgym.saintmedardasso.fr\/index.php?rest_route=\/wp\/v2\/pages\/3411\/revisions"}],"predecessor-version":[{"id":3414,"href":"https:\/\/assmgym.saintmedardasso.fr\/index.php?rest_route=\/wp\/v2\/pages\/3411\/revisions\/3414"}],"wp:attachment":[{"href":"https:\/\/assmgym.saintmedardasso.fr\/index.php?rest_route=%2Fwp%2Fv2%2Fmedia&parent=3411"}],"curies":[{"name":"wp","href":"https:\/\/api.w.org\/{rel}","templated":true}]}}