{"id":3369,"date":"2025-10-21T16:08:07","date_gmt":"2025-10-21T14:08:07","guid":{"rendered":"https:\/\/assmgym.saintmedardasso.fr\/?page_id=3369"},"modified":"2025-11-11T10:19:40","modified_gmt":"2025-11-11T09:19:40","slug":"octobre-rose-2025","status":"publish","type":"page","link":"https:\/\/assmgym.saintmedardasso.fr\/?page_id=3369","title":{"rendered":"OCTOBRE ROSE 2025"},"content":{"rendered":"\n<p>Notre club a particip\u00e9 \u00e0 l&rsquo;animation <strong>Octobre Rose <\/strong>organis\u00e9e par l&rsquo;ASMM OMNISPORT, nous avons pr\u00eat\u00e9 notre salle \u00e0 l&rsquo;ASSM MUAY THA\u00cf. <br \/><br \/>Merci \u00e0 nos b\u00e9n\u00e9voles et entra\u00eeneurs pr\u00e9sents et \u00e0 ceux qui sont pass\u00e9s nous voir ! <br \/><\/p>\n\n\n\n<figure class=\"wp-block-gallery has-nested-images columns-5 is-cropped\">\n<figure class=\"wp-block-image size-large\"><a href=\"https:\/\/assmgym.saintmedardasso.fr\/wp-content\/uploads\/2025\/10\/IMG-20251021-WA0009-1.jpg\"><img loading=\"lazy\" width=\"905\" height=\"1024\" data-id=\"3380\"  src=\"https:\/\/assmgym.saintmedardasso.fr\/wp-content\/uploads\/2025\/10\/IMG-20251021-WA0009-1-905x1024.jpg\" alt=\"\" class=\"wp-image-3380\" srcset=\"https:\/\/assmgym.saintmedardasso.fr\/wp-content\/uploads\/2025\/10\/IMG-20251021-WA0009-1-905x1024.jpg 905w, https:\/\/assmgym.saintmedardasso.fr\/wp-content\/uploads\/2025\/10\/IMG-20251021-WA0009-1-265x300.jpg 265w, https:\/\/assmgym.saintmedardasso.fr\/wp-content\/uploads\/2025\/10\/IMG-20251021-WA0009-1-768x869.jpg 768w, https:\/\/assmgym.saintmedardasso.fr\/wp-content\/uploads\/2025\/10\/IMG-20251021-WA0009-1.jpg 1179w\" sizes=\"(max-width: 905px) 100vw, 905px\" \/><\/a><\/figure>\n\n\n\n<figure class=\"wp-block-image size-large\"><a href=\"https:\/\/assmgym.saintmedardasso.fr\/wp-content\/uploads\/2025\/10\/IMG-20251021-WA0010-1.jpg\"><img loading=\"lazy\" width=\"1024\" height=\"768\" data-id=\"3384\"  src=\"https:\/\/assmgym.saintmedardasso.fr\/wp-content\/uploads\/2025\/10\/IMG-20251021-WA0010-1-1024x768.jpg\" alt=\"\" class=\"wp-image-3384\" srcset=\"https:\/\/assmgym.saintmedardasso.fr\/wp-content\/uploads\/2025\/10\/IMG-20251021-WA0010-1-1024x768.jpg 1024w, https:\/\/assmgym.saintmedardasso.fr\/wp-content\/uploads\/2025\/10\/IMG-20251021-WA0010-1-300x225.jpg 300w, https:\/\/assmgym.saintmedardasso.fr\/wp-content\/uploads\/2025\/10\/IMG-20251021-WA0010-1-768x576.jpg 768w, https:\/\/assmgym.saintmedardasso.fr\/wp-content\/uploads\/2025\/10\/IMG-20251021-WA0010-1-1536x1152.jpg 1536w, https:\/\/assmgym.saintmedardasso.fr\/wp-content\/uploads\/2025\/10\/IMG-20251021-WA0010-1.jpg 1600w\" sizes=\"(max-width: 1024px) 100vw, 1024px\" \/><\/a><\/figure>\n\n\n\n<figure class=\"wp-block-image size-large\"><a href=\"https:\/\/assmgym.saintmedardasso.fr\/wp-content\/uploads\/2025\/10\/IMG-20251021-WA0011-1.jpg\"><img loading=\"lazy\" width=\"768\" height=\"1024\" data-id=\"3383\"  src=\"https:\/\/assmgym.saintmedardasso.fr\/wp-content\/uploads\/2025\/10\/IMG-20251021-WA0011-1-768x1024.jpg\" alt=\"\" class=\"wp-image-3383\" srcset=\"https:\/\/assmgym.saintmedardasso.fr\/wp-content\/uploads\/2025\/10\/IMG-20251021-WA0011-1-768x1024.jpg 768w, https:\/\/assmgym.saintmedardasso.fr\/wp-content\/uploads\/2025\/10\/IMG-20251021-WA0011-1-225x300.jpg 225w, https:\/\/assmgym.saintmedardasso.fr\/wp-content\/uploads\/2025\/10\/IMG-20251021-WA0011-1-1152x1536.jpg 1152w, https:\/\/assmgym.saintmedardasso.fr\/wp-content\/uploads\/2025\/10\/IMG-20251021-WA0011-1-900x1200.jpg 900w, https:\/\/assmgym.saintmedardasso.fr\/wp-content\/uploads\/2025\/10\/IMG-20251021-WA0011-1.jpg 1200w\" sizes=\"(max-width: 768px) 100vw, 768px\" \/><\/a><\/figure>\n\n\n\n<figure class=\"wp-block-image size-large\"><a href=\"https:\/\/assmgym.saintmedardasso.fr\/wp-content\/uploads\/2025\/10\/IMG-20251021-WA0012-1.jpg\"><img loading=\"lazy\" width=\"768\" height=\"1024\" data-id=\"3386\"  src=\"https:\/\/assmgym.saintmedardasso.fr\/wp-content\/uploads\/2025\/10\/IMG-20251021-WA0012-1-768x1024.jpg\" alt=\"\" class=\"wp-image-3386\" srcset=\"https:\/\/assmgym.saintmedardasso.fr\/wp-content\/uploads\/2025\/10\/IMG-20251021-WA0012-1-768x1024.jpg 768w, https:\/\/assmgym.saintmedardasso.fr\/wp-content\/uploads\/2025\/10\/IMG-20251021-WA0012-1-225x300.jpg 225w, https:\/\/assmgym.saintmedardasso.fr\/wp-content\/uploads\/2025\/10\/IMG-20251021-WA0012-1-1152x1536.jpg 1152w, https:\/\/assmgym.saintmedardasso.fr\/wp-content\/uploads\/2025\/10\/IMG-20251021-WA0012-1-900x1200.jpg 900w, https:\/\/assmgym.saintmedardasso.fr\/wp-content\/uploads\/2025\/10\/IMG-20251021-WA0012-1.jpg 1200w\" sizes=\"(max-width: 768px) 100vw, 768px\" \/><\/a><\/figure>\n\n\n\n<figure class=\"wp-block-image size-large\"><a href=\"https:\/\/assmgym.saintmedardasso.fr\/wp-content\/uploads\/2025\/10\/IMG-20251021-WA0013-1.jpg\"><img loading=\"lazy\" width=\"768\" height=\"1024\" data-id=\"3381\"  src=\"https:\/\/assmgym.saintmedardasso.fr\/wp-content\/uploads\/2025\/10\/IMG-20251021-WA0013-1-768x1024.jpg\" alt=\"\" class=\"wp-image-3381\" srcset=\"https:\/\/assmgym.saintmedardasso.fr\/wp-content\/uploads\/2025\/10\/IMG-20251021-WA0013-1-768x1024.jpg 768w, https:\/\/assmgym.saintmedardasso.fr\/wp-content\/uploads\/2025\/10\/IMG-20251021-WA0013-1-225x300.jpg 225w, https:\/\/assmgym.saintmedardasso.fr\/wp-content\/uploads\/2025\/10\/IMG-20251021-WA0013-1-1152x1536.jpg 1152w, https:\/\/assmgym.saintmedardasso.fr\/wp-content\/uploads\/2025\/10\/IMG-20251021-WA0013-1-900x1200.jpg 900w, https:\/\/assmgym.saintmedardasso.fr\/wp-content\/uploads\/2025\/10\/IMG-20251021-WA0013-1.jpg 1200w\" sizes=\"(max-width: 768px) 100vw, 768px\" \/><\/a><\/figure>\n\n\n\n<figure class=\"wp-block-image size-large\"><a href=\"https:\/\/assmgym.saintmedardasso.fr\/wp-content\/uploads\/2025\/10\/IMG-20251021-WA0014-1.jpg\"><img loading=\"lazy\" width=\"768\" height=\"1024\" data-id=\"3387\"  src=\"https:\/\/assmgym.saintmedardasso.fr\/wp-content\/uploads\/2025\/10\/IMG-20251021-WA0014-1-768x1024.jpg\" alt=\"\" class=\"wp-image-3387\" srcset=\"https:\/\/assmgym.saintmedardasso.fr\/wp-content\/uploads\/2025\/10\/IMG-20251021-WA0014-1-768x1024.jpg 768w, https:\/\/assmgym.saintmedardasso.fr\/wp-content\/uploads\/2025\/10\/IMG-20251021-WA0014-1-225x300.jpg 225w, https:\/\/assmgym.saintmedardasso.fr\/wp-content\/uploads\/2025\/10\/IMG-20251021-WA0014-1-1152x1536.jpg 1152w, https:\/\/assmgym.saintmedardasso.fr\/wp-content\/uploads\/2025\/10\/IMG-20251021-WA0014-1-900x1200.jpg 900w, https:\/\/assmgym.saintmedardasso.fr\/wp-content\/uploads\/2025\/10\/IMG-20251021-WA0014-1.jpg 1200w\" sizes=\"(max-width: 768px) 100vw, 768px\" \/><\/a><\/figure>\n\n\n\n<figure class=\"wp-block-image size-large\"><a href=\"https:\/\/assmgym.saintmedardasso.fr\/wp-content\/uploads\/2025\/10\/IMG-20251021-WA0015-1.jpg\"><img loading=\"lazy\" width=\"768\" height=\"1024\" data-id=\"3385\"  src=\"https:\/\/assmgym.saintmedardasso.fr\/wp-content\/uploads\/2025\/10\/IMG-20251021-WA0015-1-768x1024.jpg\" alt=\"\" class=\"wp-image-3385\" srcset=\"https:\/\/assmgym.saintmedardasso.fr\/wp-content\/uploads\/2025\/10\/IMG-20251021-WA0015-1-768x1024.jpg 768w, https:\/\/assmgym.saintmedardasso.fr\/wp-content\/uploads\/2025\/10\/IMG-20251021-WA0015-1-225x300.jpg 225w, https:\/\/assmgym.saintmedardasso.fr\/wp-content\/uploads\/2025\/10\/IMG-20251021-WA0015-1-1152x1536.jpg 1152w, https:\/\/assmgym.saintmedardasso.fr\/wp-content\/uploads\/2025\/10\/IMG-20251021-WA0015-1-900x1200.jpg 900w, https:\/\/assmgym.saintmedardasso.fr\/wp-content\/uploads\/2025\/10\/IMG-20251021-WA0015-1.jpg 1200w\" sizes=\"(max-width: 768px) 100vw, 768px\" \/><\/a><\/figure>\n\n\n\n<figure class=\"wp-block-image size-large\"><a href=\"https:\/\/assmgym.saintmedardasso.fr\/wp-content\/uploads\/2025\/10\/IMG-20251021-WA0016-1.jpg\"><img loading=\"lazy\" width=\"768\" height=\"1024\" data-id=\"3382\"  src=\"https:\/\/assmgym.saintmedardasso.fr\/wp-content\/uploads\/2025\/10\/IMG-20251021-WA0016-1-768x1024.jpg\" alt=\"\" class=\"wp-image-3382\" srcset=\"https:\/\/assmgym.saintmedardasso.fr\/wp-content\/uploads\/2025\/10\/IMG-20251021-WA0016-1-768x1024.jpg 768w, https:\/\/assmgym.saintmedardasso.fr\/wp-content\/uploads\/2025\/10\/IMG-20251021-WA0016-1-225x300.jpg 225w, https:\/\/assmgym.saintmedardasso.fr\/wp-content\/uploads\/2025\/10\/IMG-20251021-WA0016-1-1152x1536.jpg 1152w, https:\/\/assmgym.saintmedardasso.fr\/wp-content\/uploads\/2025\/10\/IMG-20251021-WA0016-1-900x1200.jpg 900w, https:\/\/assmgym.saintmedardasso.fr\/wp-content\/uploads\/2025\/10\/IMG-20251021-WA0016-1.jpg 1200w\" sizes=\"(max-width: 768px) 100vw, 768px\" \/><\/a><\/figure>\n\n\n\n<figure class=\"wp-block-image size-large\"><a href=\"https:\/\/assmgym.saintmedardasso.fr\/wp-content\/uploads\/2025\/10\/IMG-20251021-WA0017-1.jpg\"><img loading=\"lazy\" width=\"768\" height=\"1024\" data-id=\"3388\"  src=\"https:\/\/assmgym.saintmedardasso.fr\/wp-content\/uploads\/2025\/10\/IMG-20251021-WA0017-1-768x1024.jpg\" alt=\"\" class=\"wp-image-3388\" srcset=\"https:\/\/assmgym.saintmedardasso.fr\/wp-content\/uploads\/2025\/10\/IMG-20251021-WA0017-1-768x1024.jpg 768w, https:\/\/assmgym.saintmedardasso.fr\/wp-content\/uploads\/2025\/10\/IMG-20251021-WA0017-1-225x300.jpg 225w, https:\/\/assmgym.saintmedardasso.fr\/wp-content\/uploads\/2025\/10\/IMG-20251021-WA0017-1-1152x1536.jpg 1152w, https:\/\/assmgym.saintmedardasso.fr\/wp-content\/uploads\/2025\/10\/IMG-20251021-WA0017-1-900x1200.jpg 900w, https:\/\/assmgym.saintmedardasso.fr\/wp-content\/uploads\/2025\/10\/IMG-20251021-WA0017-1.jpg 1200w\" sizes=\"(max-width: 768px) 100vw, 768px\" \/><\/a><\/figure>\n\n\n\n<figure class=\"wp-block-image size-large\"><a href=\"https:\/\/assmgym.saintmedardasso.fr\/wp-content\/uploads\/2025\/10\/IMG-20251021-WA0018-1.jpg\"><img loading=\"lazy\" width=\"472\" height=\"1024\" data-id=\"3389\"  src=\"https:\/\/assmgym.saintmedardasso.fr\/wp-content\/uploads\/2025\/10\/IMG-20251021-WA0018-1-472x1024.jpg\" alt=\"\" class=\"wp-image-3389\" srcset=\"https:\/\/assmgym.saintmedardasso.fr\/wp-content\/uploads\/2025\/10\/IMG-20251021-WA0018-1-472x1024.jpg 472w, https:\/\/assmgym.saintmedardasso.fr\/wp-content\/uploads\/2025\/10\/IMG-20251021-WA0018-1-138x300.jpg 138w, https:\/\/assmgym.saintmedardasso.fr\/wp-content\/uploads\/2025\/10\/IMG-20251021-WA0018-1-708x1536.jpg 708w, https:\/\/assmgym.saintmedardasso.fr\/wp-content\/uploads\/2025\/10\/IMG-20251021-WA0018-1.jpg 737w\" sizes=\"(max-width: 472px) 100vw, 472px\" \/><\/a><\/figure>\n<\/figure>\n","protected":false},"excerpt":{"rendered":"<p>Notre club a particip\u00e9 \u00e0 l&rsquo;animation Octobre Rose organis\u00e9e par l&rsquo;ASMM OMNISPORT, nous avons pr\u00eat\u00e9 notre salle \u00e0 l&rsquo;ASSM MUAY THA\u00cf. Merci \u00e0 nos [&#8230;]<\/p>\n","protected":false},"author":2,"featured_media":0,"parent":0,"menu_order":0,"comment_status":"closed","ping_status":"closed","template":"","meta":{"ngg_post_thumbnail":0},"_links":{"self":[{"href":"https:\/\/assmgym.saintmedardasso.fr\/index.php?rest_route=\/wp\/v2\/pages\/3369"}],"collection":[{"href":"https:\/\/assmgym.saintmedardasso.fr\/index.php?rest_route=\/wp\/v2\/pages"}],"about":[{"href":"https:\/\/assmgym.saintmedardasso.fr\/index.php?rest_route=\/wp\/v2\/types\/page"}],"author":[{"embeddable":true,"href":"https:\/\/assmgym.saintmedardasso.fr\/index.php?rest_route=\/wp\/v2\/users\/2"}],"replies":[{"embeddable":true,"href":"https:\/\/assmgym.saintmedardasso.fr\/index.php?rest_route=%2Fwp%2Fv2%2Fcomments&post=3369"}],"version-history":[{"count":2,"href":"https:\/\/assmgym.saintmedardasso.fr\/index.php?rest_route=\/wp\/v2\/pages\/3369\/revisions"}],"predecessor-version":[{"id":3671,"href":"https:\/\/assmgym.saintmedardasso.fr\/index.php?rest_route=\/wp\/v2\/pages\/3369\/revisions\/3671"}],"wp:attachment":[{"href":"https:\/\/assmgym.saintmedardasso.fr\/index.php?rest_route=%2Fwp%2Fv2%2Fmedia&parent=3369"}],"curies":[{"name":"wp","href":"https:\/\/api.w.org\/{rel}","templated":true}]}}