{"id":3348,"date":"2025-10-21T14:38:48","date_gmt":"2025-10-21T12:38:48","guid":{"rendered":"https:\/\/assmgym.saintmedardasso.fr\/?page_id=3348"},"modified":"2025-10-21T14:38:48","modified_gmt":"2025-10-21T12:38:48","slug":"championnat-de-france-indiv-gam","status":"publish","type":"page","link":"https:\/\/assmgym.saintmedardasso.fr\/?page_id=3348","title":{"rendered":"CHAMPIONNAT DE FRANCE INDIV GAM"},"content":{"rendered":"\n<p>F\u00e9licitations aux GAM ayant particip\u00e9 au Championnat National indiv \u00e0 Oyonnax !<\/p>\n\n\n\n<p><strong>NAT B 16\/17 ans<\/strong><br \/>Ethan Bernicot : 9\u1d49\/55<br \/>Adam Delpech : 36\u1d49\/55<\/p>\n\n\n\n<p><strong>NAT A 18 ans<\/strong><br \/>Kim Herbiet : 13\u1d49\/20<\/p>\n\n\n\n<p><strong>NAT B 18 ans et +<\/strong><br \/>Cl\u00e9ment Darriet : 24\u1d49\/103<\/p>\n\n\n\n<p>Bravo \u00e0 tous et merci aux juges, coachs et supporters !<\/p>\n\n\n\n<div class=\"wp-block-image\"><figure class=\"aligncenter size-full\"><a href=\"https:\/\/assmgym.saintmedardasso.fr\/wp-content\/uploads\/2025\/10\/Capture-decran-2025-10-21-143806.png\"><img loading=\"lazy\" width=\"1021\" height=\"864\" src=\"https:\/\/assmgym.saintmedardasso.fr\/wp-content\/uploads\/2025\/10\/Capture-decran-2025-10-21-143806.png\" alt=\"\" class=\"wp-image-3349\" srcset=\"https:\/\/assmgym.saintmedardasso.fr\/wp-content\/uploads\/2025\/10\/Capture-decran-2025-10-21-143806.png 1021w, https:\/\/assmgym.saintmedardasso.fr\/wp-content\/uploads\/2025\/10\/Capture-decran-2025-10-21-143806-300x254.png 300w, https:\/\/assmgym.saintmedardasso.fr\/wp-content\/uploads\/2025\/10\/Capture-decran-2025-10-21-143806-768x650.png 768w\" sizes=\"(max-width: 1021px) 100vw, 1021px\" \/><\/a><figcaption>2 juin 2024 \u00e0 Oyonnax<\/figcaption><\/figure><\/div>\n","protected":false},"excerpt":{"rendered":"<p>F\u00e9licitations aux GAM ayant particip\u00e9 au Championnat National indiv \u00e0 Oyonnax ! NAT B 16\/17 ansEthan Bernicot : 9\u1d49\/55Adam Delpech : 36\u1d49\/55 NAT A [&#8230;]<\/p>\n","protected":false},"author":2,"featured_media":0,"parent":0,"menu_order":0,"comment_status":"closed","ping_status":"closed","template":"","meta":{"ngg_post_thumbnail":0},"_links":{"self":[{"href":"https:\/\/assmgym.saintmedardasso.fr\/index.php?rest_route=\/wp\/v2\/pages\/3348"}],"collection":[{"href":"https:\/\/assmgym.saintmedardasso.fr\/index.php?rest_route=\/wp\/v2\/pages"}],"about":[{"href":"https:\/\/assmgym.saintmedardasso.fr\/index.php?rest_route=\/wp\/v2\/types\/page"}],"author":[{"embeddable":true,"href":"https:\/\/assmgym.saintmedardasso.fr\/index.php?rest_route=\/wp\/v2\/users\/2"}],"replies":[{"embeddable":true,"href":"https:\/\/assmgym.saintmedardasso.fr\/index.php?rest_route=%2Fwp%2Fv2%2Fcomments&post=3348"}],"version-history":[{"count":1,"href":"https:\/\/assmgym.saintmedardasso.fr\/index.php?rest_route=\/wp\/v2\/pages\/3348\/revisions"}],"predecessor-version":[{"id":3351,"href":"https:\/\/assmgym.saintmedardasso.fr\/index.php?rest_route=\/wp\/v2\/pages\/3348\/revisions\/3351"}],"wp:attachment":[{"href":"https:\/\/assmgym.saintmedardasso.fr\/index.php?rest_route=%2Fwp%2Fv2%2Fmedia&parent=3348"}],"curies":[{"name":"wp","href":"https:\/\/api.w.org\/{rel}","templated":true}]}}