{"id":3343,"date":"2025-10-21T14:36:08","date_gmt":"2025-10-21T12:36:08","guid":{"rendered":"https:\/\/assmgym.saintmedardasso.fr\/?page_id=3343"},"modified":"2025-10-21T14:36:08","modified_gmt":"2025-10-21T12:36:08","slug":"championnat-de-france-gam","status":"publish","type":"page","link":"https:\/\/assmgym.saintmedardasso.fr\/?page_id=3343","title":{"rendered":"CHAMPIONNAT DE FRANCE GAM"},"content":{"rendered":"\n<p>F\u00e9licitations \u00e0 nos \u00e9quipes GAM ayant particip\u00e9 au Championnat de France !<\/p>\n\n\n\n<p><strong>FED A 10\/15 ans <\/strong>: 1\u1d49\u02b3 Champions de France<br \/><strong>FED A 12 ans et + <\/strong>: 4\u1d49<\/p>\n\n\n\n<p>Bravo \u00e0 toutes et merci \u00e0 nos juges, coachs et supporters !<\/p>\n\n\n\n<div class=\"wp-block-image\"><figure class=\"aligncenter size-full\"><a href=\"https:\/\/assmgym.saintmedardasso.fr\/wp-content\/uploads\/2025\/10\/Capture-decran-2025-10-21-143343.png\"><img loading=\"lazy\" width=\"485\" height=\"793\" src=\"https:\/\/assmgym.saintmedardasso.fr\/wp-content\/uploads\/2025\/10\/Capture-decran-2025-10-21-143343.png\" alt=\"\" class=\"wp-image-3344\" srcset=\"https:\/\/assmgym.saintmedardasso.fr\/wp-content\/uploads\/2025\/10\/Capture-decran-2025-10-21-143343.png 485w, https:\/\/assmgym.saintmedardasso.fr\/wp-content\/uploads\/2025\/10\/Capture-decran-2025-10-21-143343-183x300.png 183w\" sizes=\"(max-width: 485px) 100vw, 485px\" \/><\/a><figcaption>11 mai 2024 \u00e0 Belfort<\/figcaption><\/figure><\/div>\n","protected":false},"excerpt":{"rendered":"<p>F\u00e9licitations \u00e0 nos \u00e9quipes GAM ayant particip\u00e9 au Championnat de France ! FED A 10\/15 ans : 1\u1d49\u02b3 Champions de FranceFED A 12 ans [&#8230;]<\/p>\n","protected":false},"author":2,"featured_media":0,"parent":0,"menu_order":0,"comment_status":"closed","ping_status":"closed","template":"","meta":{"ngg_post_thumbnail":0},"_links":{"self":[{"href":"https:\/\/assmgym.saintmedardasso.fr\/index.php?rest_route=\/wp\/v2\/pages\/3343"}],"collection":[{"href":"https:\/\/assmgym.saintmedardasso.fr\/index.php?rest_route=\/wp\/v2\/pages"}],"about":[{"href":"https:\/\/assmgym.saintmedardasso.fr\/index.php?rest_route=\/wp\/v2\/types\/page"}],"author":[{"embeddable":true,"href":"https:\/\/assmgym.saintmedardasso.fr\/index.php?rest_route=\/wp\/v2\/users\/2"}],"replies":[{"embeddable":true,"href":"https:\/\/assmgym.saintmedardasso.fr\/index.php?rest_route=%2Fwp%2Fv2%2Fcomments&post=3343"}],"version-history":[{"count":1,"href":"https:\/\/assmgym.saintmedardasso.fr\/index.php?rest_route=\/wp\/v2\/pages\/3343\/revisions"}],"predecessor-version":[{"id":3346,"href":"https:\/\/assmgym.saintmedardasso.fr\/index.php?rest_route=\/wp\/v2\/pages\/3343\/revisions\/3346"}],"wp:attachment":[{"href":"https:\/\/assmgym.saintmedardasso.fr\/index.php?rest_route=%2Fwp%2Fv2%2Fmedia&parent=3343"}],"curies":[{"name":"wp","href":"https:\/\/api.w.org\/{rel}","templated":true}]}}