{"id":3338,"date":"2025-10-21T14:31:21","date_gmt":"2025-10-21T12:31:21","guid":{"rendered":"https:\/\/assmgym.saintmedardasso.fr\/?page_id=3338"},"modified":"2025-10-21T14:31:21","modified_gmt":"2025-10-21T12:31:21","slug":"championnat-de-france-gaf","status":"publish","type":"page","link":"https:\/\/assmgym.saintmedardasso.fr\/?page_id=3338","title":{"rendered":"CHAMPIONNAT DE FRANCE GAF"},"content":{"rendered":"\n<p>F\u00e9licitations \u00e0 notre \u00e9quipe GAF FED A 10 ans et + pour leur participation au Championnat de France !<\/p>\n\n\n\n<p><strong>FED A 10 ans et +<\/strong> : 8\u1d49\/16<\/p>\n\n\n\n<p>Bravo \u00e0 toutes et merci \u00e0 notre juge Charlotte, nos coachs et supporters !<\/p>\n\n\n\n<div class=\"wp-block-image\"><figure class=\"aligncenter size-large\"><a href=\"https:\/\/assmgym.saintmedardasso.fr\/wp-content\/uploads\/2025\/10\/amiens.png\"><img loading=\"lazy\" width=\"1024\" height=\"646\" src=\"https:\/\/assmgym.saintmedardasso.fr\/wp-content\/uploads\/2025\/10\/amiens-1024x646.png\" alt=\"\" class=\"wp-image-3339\" srcset=\"https:\/\/assmgym.saintmedardasso.fr\/wp-content\/uploads\/2025\/10\/amiens-1024x646.png 1024w, https:\/\/assmgym.saintmedardasso.fr\/wp-content\/uploads\/2025\/10\/amiens-300x189.png 300w, https:\/\/assmgym.saintmedardasso.fr\/wp-content\/uploads\/2025\/10\/amiens-768x484.png 768w, https:\/\/assmgym.saintmedardasso.fr\/wp-content\/uploads\/2025\/10\/amiens.png 1372w\" sizes=\"(max-width: 1024px) 100vw, 1024px\" \/><\/a><figcaption>11 mai 2024 \u00e0 Amiens<\/figcaption><\/figure><\/div>\n","protected":false},"excerpt":{"rendered":"<p>F\u00e9licitations \u00e0 notre \u00e9quipe GAF FED A 10 ans et + pour leur participation au Championnat de France ! FED A 10 ans et [&#8230;]<\/p>\n","protected":false},"author":2,"featured_media":0,"parent":0,"menu_order":0,"comment_status":"closed","ping_status":"closed","template":"","meta":{"ngg_post_thumbnail":0},"_links":{"self":[{"href":"https:\/\/assmgym.saintmedardasso.fr\/index.php?rest_route=\/wp\/v2\/pages\/3338"}],"collection":[{"href":"https:\/\/assmgym.saintmedardasso.fr\/index.php?rest_route=\/wp\/v2\/pages"}],"about":[{"href":"https:\/\/assmgym.saintmedardasso.fr\/index.php?rest_route=\/wp\/v2\/types\/page"}],"author":[{"embeddable":true,"href":"https:\/\/assmgym.saintmedardasso.fr\/index.php?rest_route=\/wp\/v2\/users\/2"}],"replies":[{"embeddable":true,"href":"https:\/\/assmgym.saintmedardasso.fr\/index.php?rest_route=%2Fwp%2Fv2%2Fcomments&post=3338"}],"version-history":[{"count":1,"href":"https:\/\/assmgym.saintmedardasso.fr\/index.php?rest_route=\/wp\/v2\/pages\/3338\/revisions"}],"predecessor-version":[{"id":3341,"href":"https:\/\/assmgym.saintmedardasso.fr\/index.php?rest_route=\/wp\/v2\/pages\/3338\/revisions\/3341"}],"wp:attachment":[{"href":"https:\/\/assmgym.saintmedardasso.fr\/index.php?rest_route=%2Fwp%2Fv2%2Fmedia&parent=3338"}],"curies":[{"name":"wp","href":"https:\/\/api.w.org\/{rel}","templated":true}]}}