{"id":3326,"date":"2025-10-21T14:24:52","date_gmt":"2025-10-21T12:24:52","guid":{"rendered":"https:\/\/assmgym.saintmedardasso.fr\/?page_id=3326"},"modified":"2025-10-21T14:24:52","modified_gmt":"2025-10-21T12:24:52","slug":"championnat-regional-gam","status":"publish","type":"page","link":"https:\/\/assmgym.saintmedardasso.fr\/?page_id=3326","title":{"rendered":"CHAMPIONNAT R\u00c9GIONAL GAM"},"content":{"rendered":"\n<p>F\u00e9licitations \u00e0 nos \u00e9quipes GAM ayant particip\u00e9 au Championnat R\u00e9gional !<\/p>\n\n\n\n<p><strong>FED A 12 ans et + <\/strong>: 2\u1d49\/15 : ils se qualifient pour les championnats de France qui se d\u00e9rouleront \u00e0 Belfort le week-end du 10 mai 2024 !<br \/><strong>FED A 10\/15 ans <\/strong>: Champions de Nouvelle Aquitaine : ils se qualifient aussi pour les championnats de France !<br \/><strong>NAT B 12 ans et + <\/strong>: 3\u1d49 : ils se qualifient aussi pour les championnats de France !<br \/><strong>NAT A 12 ans et + <\/strong>: 2\u1d49<\/p>\n\n\n\n<p>Bravo \u00e0 toutes et merci \u00e0 nos juges, coachs et supporters !<\/p>\n\n\n\n<div class=\"wp-block-image\"><figure class=\"aligncenter size-full\"><a href=\"https:\/\/assmgym.saintmedardasso.fr\/wp-content\/uploads\/2025\/10\/Capture-decran-2025-10-21-141809.png\"><img loading=\"lazy\" width=\"980\" height=\"614\" src=\"https:\/\/assmgym.saintmedardasso.fr\/wp-content\/uploads\/2025\/10\/Capture-decran-2025-10-21-141809.png\" alt=\"\" class=\"wp-image-3327\" srcset=\"https:\/\/assmgym.saintmedardasso.fr\/wp-content\/uploads\/2025\/10\/Capture-decran-2025-10-21-141809.png 980w, https:\/\/assmgym.saintmedardasso.fr\/wp-content\/uploads\/2025\/10\/Capture-decran-2025-10-21-141809-300x188.png 300w, https:\/\/assmgym.saintmedardasso.fr\/wp-content\/uploads\/2025\/10\/Capture-decran-2025-10-21-141809-768x481.png 768w\" sizes=\"(max-width: 980px) 100vw, 980px\" \/><\/a><figcaption>13 avril 2024 \u00e0 Agen<\/figcaption><\/figure><\/div>\n\n\n\n<div class=\"wp-block-image\"><figure class=\"aligncenter size-full\"><a href=\"https:\/\/assmgym.saintmedardasso.fr\/wp-content\/uploads\/2025\/10\/Capture-decran-2025-10-21-141825.png\"><img loading=\"lazy\" width=\"535\" height=\"863\" src=\"https:\/\/assmgym.saintmedardasso.fr\/wp-content\/uploads\/2025\/10\/Capture-decran-2025-10-21-141825.png\" alt=\"\" class=\"wp-image-3328\" srcset=\"https:\/\/assmgym.saintmedardasso.fr\/wp-content\/uploads\/2025\/10\/Capture-decran-2025-10-21-141825.png 535w, https:\/\/assmgym.saintmedardasso.fr\/wp-content\/uploads\/2025\/10\/Capture-decran-2025-10-21-141825-186x300.png 186w\" sizes=\"(max-width: 535px) 100vw, 535px\" \/><\/a><figcaption>14 avril 2024 \u00e0 Agen<\/figcaption><\/figure><\/div>\n\n\n\n<div class=\"wp-block-image\"><figure class=\"aligncenter size-full\"><a href=\"https:\/\/assmgym.saintmedardasso.fr\/wp-content\/uploads\/2025\/10\/Capture-decran-2025-10-21-141837.png\"><img loading=\"lazy\" width=\"954\" height=\"865\" src=\"https:\/\/assmgym.saintmedardasso.fr\/wp-content\/uploads\/2025\/10\/Capture-decran-2025-10-21-141837.png\" alt=\"\" class=\"wp-image-3329\" srcset=\"https:\/\/assmgym.saintmedardasso.fr\/wp-content\/uploads\/2025\/10\/Capture-decran-2025-10-21-141837.png 954w, https:\/\/assmgym.saintmedardasso.fr\/wp-content\/uploads\/2025\/10\/Capture-decran-2025-10-21-141837-300x272.png 300w, https:\/\/assmgym.saintmedardasso.fr\/wp-content\/uploads\/2025\/10\/Capture-decran-2025-10-21-141837-768x696.png 768w\" sizes=\"(max-width: 954px) 100vw, 954px\" \/><\/a><figcaption>20 avril 2024 \u00e0 Boulazac<\/figcaption><\/figure><\/div>\n","protected":false},"excerpt":{"rendered":"<p>F\u00e9licitations \u00e0 nos \u00e9quipes GAM ayant particip\u00e9 au Championnat R\u00e9gional ! FED A 12 ans et + : 2\u1d49\/15 : ils se qualifient pour [&#8230;]<\/p>\n","protected":false},"author":2,"featured_media":0,"parent":0,"menu_order":0,"comment_status":"closed","ping_status":"closed","template":"","meta":{"ngg_post_thumbnail":0},"_links":{"self":[{"href":"https:\/\/assmgym.saintmedardasso.fr\/index.php?rest_route=\/wp\/v2\/pages\/3326"}],"collection":[{"href":"https:\/\/assmgym.saintmedardasso.fr\/index.php?rest_route=\/wp\/v2\/pages"}],"about":[{"href":"https:\/\/assmgym.saintmedardasso.fr\/index.php?rest_route=\/wp\/v2\/types\/page"}],"author":[{"embeddable":true,"href":"https:\/\/assmgym.saintmedardasso.fr\/index.php?rest_route=\/wp\/v2\/users\/2"}],"replies":[{"embeddable":true,"href":"https:\/\/assmgym.saintmedardasso.fr\/index.php?rest_route=%2Fwp%2Fv2%2Fcomments&post=3326"}],"version-history":[{"count":1,"href":"https:\/\/assmgym.saintmedardasso.fr\/index.php?rest_route=\/wp\/v2\/pages\/3326\/revisions"}],"predecessor-version":[{"id":3331,"href":"https:\/\/assmgym.saintmedardasso.fr\/index.php?rest_route=\/wp\/v2\/pages\/3326\/revisions\/3331"}],"wp:attachment":[{"href":"https:\/\/assmgym.saintmedardasso.fr\/index.php?rest_route=%2Fwp%2Fv2%2Fmedia&parent=3326"}],"curies":[{"name":"wp","href":"https:\/\/api.w.org\/{rel}","templated":true}]}}