{"id":3319,"date":"2025-10-21T14:15:48","date_gmt":"2025-10-21T12:15:48","guid":{"rendered":"https:\/\/assmgym.saintmedardasso.fr\/?page_id=3319"},"modified":"2025-10-21T14:15:48","modified_gmt":"2025-10-21T12:15:48","slug":"championnat-regional-gaf","status":"publish","type":"page","link":"https:\/\/assmgym.saintmedardasso.fr\/?page_id=3319","title":{"rendered":"CHAMPIONNAT R\u00c9GIONAL GAF"},"content":{"rendered":"\n<p>F\u00e9licitations \u00e0 nos \u00e9quipes GAF ayant particip\u00e9 au Championnat R\u00e9gional !<\/p>\n\n\n\n<p><strong>FED A 10\/13 ans <\/strong>: 13\u1d49\/18<br \/><strong>FED A 10 ans et + <\/strong>: 8\u1d49\/26 : elles se qualifient pour les championnats de France qui se d\u00e9rouleront \u00e0 Amiens le week-end du 10 mai 2024 !<br \/><strong>PERF REG 10 ans et +<\/strong> : 16\u1d49\/19<br \/><br \/>Bravo \u00e0 toutes et merci \u00e0 nos juges, coachs et supporters !<\/p>\n\n\n\n<div class=\"wp-block-image\"><figure class=\"aligncenter size-full\"><a href=\"https:\/\/assmgym.saintmedardasso.fr\/wp-content\/uploads\/2025\/10\/Capture-decran-2025-10-21-141144.png\"><img loading=\"lazy\" width=\"575\" height=\"457\" src=\"https:\/\/assmgym.saintmedardasso.fr\/wp-content\/uploads\/2025\/10\/Capture-decran-2025-10-21-141144.png\" alt=\"\" class=\"wp-image-3320\" srcset=\"https:\/\/assmgym.saintmedardasso.fr\/wp-content\/uploads\/2025\/10\/Capture-decran-2025-10-21-141144.png 575w, https:\/\/assmgym.saintmedardasso.fr\/wp-content\/uploads\/2025\/10\/Capture-decran-2025-10-21-141144-300x238.png 300w\" sizes=\"(max-width: 575px) 100vw, 575px\" \/><\/a><figcaption>13 avril 2024 \u00e0 Agen<\/figcaption><\/figure><\/div>\n\n\n\n<div class=\"wp-block-image\"><figure class=\"aligncenter size-full\"><a href=\"https:\/\/assmgym.saintmedardasso.fr\/wp-content\/uploads\/2025\/10\/Capture-decran-2025-10-21-141243.png\"><img loading=\"lazy\" width=\"947\" height=\"759\" src=\"https:\/\/assmgym.saintmedardasso.fr\/wp-content\/uploads\/2025\/10\/Capture-decran-2025-10-21-141243.png\" alt=\"\" class=\"wp-image-3321\" srcset=\"https:\/\/assmgym.saintmedardasso.fr\/wp-content\/uploads\/2025\/10\/Capture-decran-2025-10-21-141243.png 947w, https:\/\/assmgym.saintmedardasso.fr\/wp-content\/uploads\/2025\/10\/Capture-decran-2025-10-21-141243-300x240.png 300w, https:\/\/assmgym.saintmedardasso.fr\/wp-content\/uploads\/2025\/10\/Capture-decran-2025-10-21-141243-768x616.png 768w\" sizes=\"(max-width: 947px) 100vw, 947px\" \/><\/a><figcaption>14 avril 2024 \u00e0 Agen<\/figcaption><\/figure><\/div>\n\n\n\n<div class=\"wp-block-image\"><figure class=\"aligncenter size-full\"><a href=\"https:\/\/assmgym.saintmedardasso.fr\/wp-content\/uploads\/2025\/10\/Capture-decran-2025-10-21-141332.png\"><img loading=\"lazy\" width=\"380\" height=\"477\" src=\"https:\/\/assmgym.saintmedardasso.fr\/wp-content\/uploads\/2025\/10\/Capture-decran-2025-10-21-141332.png\" alt=\"\" class=\"wp-image-3322\" srcset=\"https:\/\/assmgym.saintmedardasso.fr\/wp-content\/uploads\/2025\/10\/Capture-decran-2025-10-21-141332.png 380w, https:\/\/assmgym.saintmedardasso.fr\/wp-content\/uploads\/2025\/10\/Capture-decran-2025-10-21-141332-239x300.png 239w\" sizes=\"(max-width: 380px) 100vw, 380px\" \/><\/a><figcaption>21 avril 2024 \u00e0 Boulazac<\/figcaption><\/figure><\/div>\n","protected":false},"excerpt":{"rendered":"<p>F\u00e9licitations \u00e0 nos \u00e9quipes GAF ayant particip\u00e9 au Championnat R\u00e9gional ! FED A 10\/13 ans : 13\u1d49\/18FED A 10 ans et + : 8\u1d49\/26 [&#8230;]<\/p>\n","protected":false},"author":2,"featured_media":0,"parent":0,"menu_order":0,"comment_status":"closed","ping_status":"closed","template":"","meta":{"ngg_post_thumbnail":0},"_links":{"self":[{"href":"https:\/\/assmgym.saintmedardasso.fr\/index.php?rest_route=\/wp\/v2\/pages\/3319"}],"collection":[{"href":"https:\/\/assmgym.saintmedardasso.fr\/index.php?rest_route=\/wp\/v2\/pages"}],"about":[{"href":"https:\/\/assmgym.saintmedardasso.fr\/index.php?rest_route=\/wp\/v2\/types\/page"}],"author":[{"embeddable":true,"href":"https:\/\/assmgym.saintmedardasso.fr\/index.php?rest_route=\/wp\/v2\/users\/2"}],"replies":[{"embeddable":true,"href":"https:\/\/assmgym.saintmedardasso.fr\/index.php?rest_route=%2Fwp%2Fv2%2Fcomments&post=3319"}],"version-history":[{"count":1,"href":"https:\/\/assmgym.saintmedardasso.fr\/index.php?rest_route=\/wp\/v2\/pages\/3319\/revisions"}],"predecessor-version":[{"id":3324,"href":"https:\/\/assmgym.saintmedardasso.fr\/index.php?rest_route=\/wp\/v2\/pages\/3319\/revisions\/3324"}],"wp:attachment":[{"href":"https:\/\/assmgym.saintmedardasso.fr\/index.php?rest_route=%2Fwp%2Fv2%2Fmedia&parent=3319"}],"curies":[{"name":"wp","href":"https:\/\/api.w.org\/{rel}","templated":true}]}}