{"id":3312,"date":"2025-10-21T14:10:08","date_gmt":"2025-10-21T12:10:08","guid":{"rendered":"https:\/\/assmgym.saintmedardasso.fr\/?page_id=3312"},"modified":"2025-10-21T14:10:08","modified_gmt":"2025-10-21T12:10:08","slug":"championnat-regional-indiv-gam","status":"publish","type":"page","link":"https:\/\/assmgym.saintmedardasso.fr\/?page_id=3312","title":{"rendered":"CHAMPIONNAT R\u00c9GIONAL INDIV GAM"},"content":{"rendered":"\n<p>F\u00e9licitations aux GAM ayant particip\u00e9 au Championnat R\u00e9gional !<\/p>\n\n\n\n<p><strong>FED A 14\/15 ans<\/strong><br \/>Loun\u00e8s Thuillier : 1\u1d49\u02b3\/22<br \/>Loucas Bouyer : 2\u1d49\/22<br \/>Noam Chassagne : 3\u1d49\/22<\/p>\n\n\n\n<p><strong>NAT B 16\/17 ans<\/strong><br \/>Ethan Bernicot : 1er<br \/>Adam Delpech : 2\u1d49<\/p>\n\n\n\n<p><strong>NAT A 18 ans<\/strong><br \/>Kim Herbiet : 2\u1d49<\/p>\n\n\n\n<p><strong>NAT B 18 ans et +<\/strong><br \/>Cl\u00e9ment Darriet : 4\u1d49<\/p>\n\n\n\n<p>Bravo les gar\u00e7ons et merci \u00e0 nos juges ainsi qu&rsquo;aux coachs et supporters !<\/p>\n\n\n\n<div class=\"wp-block-image\"><figure class=\"aligncenter size-full\"><a href=\"https:\/\/assmgym.saintmedardasso.fr\/wp-content\/uploads\/2025\/10\/Capture-decran-2025-10-21-140803.png\"><img loading=\"lazy\" width=\"512\" height=\"860\" src=\"https:\/\/assmgym.saintmedardasso.fr\/wp-content\/uploads\/2025\/10\/Capture-decran-2025-10-21-140803.png\" alt=\"\" class=\"wp-image-3313\" srcset=\"https:\/\/assmgym.saintmedardasso.fr\/wp-content\/uploads\/2025\/10\/Capture-decran-2025-10-21-140803.png 512w, https:\/\/assmgym.saintmedardasso.fr\/wp-content\/uploads\/2025\/10\/Capture-decran-2025-10-21-140803-179x300.png 179w\" sizes=\"(max-width: 512px) 100vw, 512px\" \/><\/a><figcaption>6 avril 2024 \u00e0 Bruxerolles<\/figcaption><\/figure><\/div>\n\n\n\n<div class=\"wp-block-image\"><figure class=\"aligncenter size-full\"><a href=\"https:\/\/assmgym.saintmedardasso.fr\/wp-content\/uploads\/2025\/10\/Capture-decran-2025-10-21-140813-1.png\"><img loading=\"lazy\" width=\"485\" height=\"859\" src=\"https:\/\/assmgym.saintmedardasso.fr\/wp-content\/uploads\/2025\/10\/Capture-decran-2025-10-21-140813-1.png\" alt=\"\" class=\"wp-image-3315\" srcset=\"https:\/\/assmgym.saintmedardasso.fr\/wp-content\/uploads\/2025\/10\/Capture-decran-2025-10-21-140813-1.png 485w, https:\/\/assmgym.saintmedardasso.fr\/wp-content\/uploads\/2025\/10\/Capture-decran-2025-10-21-140813-1-169x300.png 169w\" sizes=\"(max-width: 485px) 100vw, 485px\" \/><\/a><figcaption>6 avril 2024 \u00e0 Bruxerolles<\/figcaption><\/figure><\/div>\n\n\n\n<p><\/p>\n","protected":false},"excerpt":{"rendered":"<p>F\u00e9licitations aux GAM ayant particip\u00e9 au Championnat R\u00e9gional ! FED A 14\/15 ansLoun\u00e8s Thuillier : 1\u1d49\u02b3\/22Loucas Bouyer : 2\u1d49\/22Noam Chassagne : 3\u1d49\/22 NAT B [&#8230;]<\/p>\n","protected":false},"author":2,"featured_media":0,"parent":0,"menu_order":0,"comment_status":"closed","ping_status":"closed","template":"","meta":{"ngg_post_thumbnail":0},"_links":{"self":[{"href":"https:\/\/assmgym.saintmedardasso.fr\/index.php?rest_route=\/wp\/v2\/pages\/3312"}],"collection":[{"href":"https:\/\/assmgym.saintmedardasso.fr\/index.php?rest_route=\/wp\/v2\/pages"}],"about":[{"href":"https:\/\/assmgym.saintmedardasso.fr\/index.php?rest_route=\/wp\/v2\/types\/page"}],"author":[{"embeddable":true,"href":"https:\/\/assmgym.saintmedardasso.fr\/index.php?rest_route=\/wp\/v2\/users\/2"}],"replies":[{"embeddable":true,"href":"https:\/\/assmgym.saintmedardasso.fr\/index.php?rest_route=%2Fwp%2Fv2%2Fcomments&post=3312"}],"version-history":[{"count":1,"href":"https:\/\/assmgym.saintmedardasso.fr\/index.php?rest_route=\/wp\/v2\/pages\/3312\/revisions"}],"predecessor-version":[{"id":3317,"href":"https:\/\/assmgym.saintmedardasso.fr\/index.php?rest_route=\/wp\/v2\/pages\/3312\/revisions\/3317"}],"wp:attachment":[{"href":"https:\/\/assmgym.saintmedardasso.fr\/index.php?rest_route=%2Fwp%2Fv2%2Fmedia&parent=3312"}],"curies":[{"name":"wp","href":"https:\/\/api.w.org\/{rel}","templated":true}]}}