{"id":3305,"date":"2025-10-21T14:05:33","date_gmt":"2025-10-21T12:05:33","guid":{"rendered":"https:\/\/assmgym.saintmedardasso.fr\/?page_id=3305"},"modified":"2025-10-21T14:05:33","modified_gmt":"2025-10-21T12:05:33","slug":"championnat-interdepartemental-sud-gaf","status":"publish","type":"page","link":"https:\/\/assmgym.saintmedardasso.fr\/?page_id=3305","title":{"rendered":"CHAMPIONNAT INTERD\u00c9PARTEMENTAL SUD GAF"},"content":{"rendered":"\n<p>F\u00e9licitations \u00e0 nos \u00e9quipes GAF ayant particip\u00e9 au Championnat Interd\u00e9partemental Sud !<\/p>\n\n\n\n<p><strong>FED A 10\/13 ans <\/strong>: 7\u1d49 qualifi\u00e9es pour la R\u00e9gion<br \/><strong>FED A 12\/15 ans <\/strong>: 7\u1d49<br \/><strong>FED A 14 ans et + <\/strong>: 10\u1d49 et 14\u1d49<br \/><strong>FED A 10 ans et +<\/strong> : 6\u1d49\/26 qualifi\u00e9es pour la R\u00e9gion<br \/><strong>PERF REG 10 ans et + <\/strong>: 6\u1d49\/23 qualifi\u00e9es pour la R\u00e9gion<\/p>\n\n\n\n<p>Bravo \u00e0 toutes et merci \u00e0 nos juges, nos coachs et supporters !<\/p>\n\n\n\n<div class=\"wp-block-image\"><figure class=\"aligncenter size-full\"><a href=\"https:\/\/assmgym.saintmedardasso.fr\/wp-content\/uploads\/2025\/10\/Capture-decran-2025-10-21-140127.png\"><img loading=\"lazy\" width=\"485\" height=\"861\" src=\"https:\/\/assmgym.saintmedardasso.fr\/wp-content\/uploads\/2025\/10\/Capture-decran-2025-10-21-140127.png\" alt=\"\" class=\"wp-image-3306\" srcset=\"https:\/\/assmgym.saintmedardasso.fr\/wp-content\/uploads\/2025\/10\/Capture-decran-2025-10-21-140127.png 485w, https:\/\/assmgym.saintmedardasso.fr\/wp-content\/uploads\/2025\/10\/Capture-decran-2025-10-21-140127-169x300.png 169w\" sizes=\"(max-width: 485px) 100vw, 485px\" \/><\/a><figcaption>16 mars 2024 \u00e0 La Teste<\/figcaption><\/figure><\/div>\n\n\n\n<div class=\"wp-block-image\"><figure class=\"aligncenter size-full\"><a href=\"https:\/\/assmgym.saintmedardasso.fr\/wp-content\/uploads\/2025\/10\/Capture-decran-2025-10-21-140138.png\"><img loading=\"lazy\" width=\"941\" height=\"867\" src=\"https:\/\/assmgym.saintmedardasso.fr\/wp-content\/uploads\/2025\/10\/Capture-decran-2025-10-21-140138.png\" alt=\"\" class=\"wp-image-3307\" srcset=\"https:\/\/assmgym.saintmedardasso.fr\/wp-content\/uploads\/2025\/10\/Capture-decran-2025-10-21-140138.png 941w, https:\/\/assmgym.saintmedardasso.fr\/wp-content\/uploads\/2025\/10\/Capture-decran-2025-10-21-140138-300x276.png 300w, https:\/\/assmgym.saintmedardasso.fr\/wp-content\/uploads\/2025\/10\/Capture-decran-2025-10-21-140138-768x708.png 768w\" sizes=\"(max-width: 941px) 100vw, 941px\" \/><\/a><figcaption>17 mars 2024 \u00e0 La Teste<\/figcaption><\/figure><\/div>\n\n\n\n<figure class=\"wp-block-image size-large\"><a href=\"https:\/\/assmgym.saintmedardasso.fr\/wp-content\/uploads\/2025\/10\/Capture-decran-2025-10-21-140150.png\"><img loading=\"lazy\" width=\"1024\" height=\"690\" src=\"https:\/\/assmgym.saintmedardasso.fr\/wp-content\/uploads\/2025\/10\/Capture-decran-2025-10-21-140150-1024x690.png\" alt=\"\" class=\"wp-image-3308\" srcset=\"https:\/\/assmgym.saintmedardasso.fr\/wp-content\/uploads\/2025\/10\/Capture-decran-2025-10-21-140150-1024x690.png 1024w, https:\/\/assmgym.saintmedardasso.fr\/wp-content\/uploads\/2025\/10\/Capture-decran-2025-10-21-140150-300x202.png 300w, https:\/\/assmgym.saintmedardasso.fr\/wp-content\/uploads\/2025\/10\/Capture-decran-2025-10-21-140150-768x517.png 768w, https:\/\/assmgym.saintmedardasso.fr\/wp-content\/uploads\/2025\/10\/Capture-decran-2025-10-21-140150.png 1274w\" sizes=\"(max-width: 1024px) 100vw, 1024px\" \/><\/a><figcaption>23 mars 2024 \u00e0 Villeneuve-sur-Lot<\/figcaption><\/figure>\n","protected":false},"excerpt":{"rendered":"<p>F\u00e9licitations \u00e0 nos \u00e9quipes GAF ayant particip\u00e9 au Championnat Interd\u00e9partemental Sud ! FED A 10\/13 ans : 7\u1d49 qualifi\u00e9es pour la R\u00e9gionFED A 12\/15 [&#8230;]<\/p>\n","protected":false},"author":2,"featured_media":0,"parent":0,"menu_order":0,"comment_status":"closed","ping_status":"closed","template":"","meta":{"ngg_post_thumbnail":0},"_links":{"self":[{"href":"https:\/\/assmgym.saintmedardasso.fr\/index.php?rest_route=\/wp\/v2\/pages\/3305"}],"collection":[{"href":"https:\/\/assmgym.saintmedardasso.fr\/index.php?rest_route=\/wp\/v2\/pages"}],"about":[{"href":"https:\/\/assmgym.saintmedardasso.fr\/index.php?rest_route=\/wp\/v2\/types\/page"}],"author":[{"embeddable":true,"href":"https:\/\/assmgym.saintmedardasso.fr\/index.php?rest_route=\/wp\/v2\/users\/2"}],"replies":[{"embeddable":true,"href":"https:\/\/assmgym.saintmedardasso.fr\/index.php?rest_route=%2Fwp%2Fv2%2Fcomments&post=3305"}],"version-history":[{"count":1,"href":"https:\/\/assmgym.saintmedardasso.fr\/index.php?rest_route=\/wp\/v2\/pages\/3305\/revisions"}],"predecessor-version":[{"id":3310,"href":"https:\/\/assmgym.saintmedardasso.fr\/index.php?rest_route=\/wp\/v2\/pages\/3305\/revisions\/3310"}],"wp:attachment":[{"href":"https:\/\/assmgym.saintmedardasso.fr\/index.php?rest_route=%2Fwp%2Fv2%2Fmedia&parent=3305"}],"curies":[{"name":"wp","href":"https:\/\/api.w.org\/{rel}","templated":true}]}}