{"id":3287,"date":"2025-10-21T12:06:23","date_gmt":"2025-10-21T10:06:23","guid":{"rendered":"https:\/\/assmgym.saintmedardasso.fr\/?page_id=3287"},"modified":"2025-10-21T12:06:23","modified_gmt":"2025-10-21T10:06:23","slug":"championnat-departemental-gam-gaf","status":"publish","type":"page","link":"https:\/\/assmgym.saintmedardasso.fr\/?page_id=3287","title":{"rendered":"CHAMPIONNAT D\u00c9PARTEMENTAL GAM &#038; GAF"},"content":{"rendered":"\n<p><strong>F\u00e9licitations <\/strong>aux \u00e9quipes GAF et GAM ayant particip\u00e9 au <strong>Championnat de Gironde<\/strong> !<\/p>\n\n\n\n<p><strong>GAF<\/strong><br \/><strong>PERF <\/strong>: 4\u00e8\/15<\/p>\n\n\n\n<p><strong>GAM<\/strong><br \/><strong>FED B 7\/9 ans <\/strong>: 2\u00e8\/4<br \/><strong>FED B 10\/12 ans <\/strong>: 2\u00e8\/3<br \/><strong>FED A 10\/15 ans <\/strong>: 1er\/5<br \/><strong>FED A 12 ans et + <\/strong>: 1er\/4<br \/><strong>NAT B 12 ans et + <\/strong>: 3\u00e8\/3<\/p>\n\n\n\n<p><strong>Bravo <\/strong>\u00e0 tous et <strong>merci <\/strong>\u00e0 nos juges Ethan, Adam et B\u00e9lina ainsi qu&rsquo;aux coachs et supporters !<\/p>\n\n\n\n<div class=\"wp-block-image\"><figure class=\"aligncenter size-full\"><a href=\"https:\/\/assmgym.saintmedardasso.fr\/wp-content\/uploads\/2025\/10\/gam-et-gaf-departemental-2023-2024.png\"><img loading=\"lazy\" width=\"487\" height=\"863\" src=\"https:\/\/assmgym.saintmedardasso.fr\/wp-content\/uploads\/2025\/10\/gam-et-gaf-departemental-2023-2024.png\" alt=\"\" class=\"wp-image-3288\" srcset=\"https:\/\/assmgym.saintmedardasso.fr\/wp-content\/uploads\/2025\/10\/gam-et-gaf-departemental-2023-2024.png 487w, https:\/\/assmgym.saintmedardasso.fr\/wp-content\/uploads\/2025\/10\/gam-et-gaf-departemental-2023-2024-169x300.png 169w\" sizes=\"(max-width: 487px) 100vw, 487px\" \/><\/a><figcaption>17 f\u00e9vrier 2024 \u00e0 La Teste<\/figcaption><\/figure><\/div>\n","protected":false},"excerpt":{"rendered":"<p>F\u00e9licitations aux \u00e9quipes GAF et GAM ayant particip\u00e9 au Championnat de Gironde ! GAFPERF : 4\u00e8\/15 GAMFED B 7\/9 ans : 2\u00e8\/4FED B 10\/12 [&#8230;]<\/p>\n","protected":false},"author":2,"featured_media":0,"parent":0,"menu_order":0,"comment_status":"closed","ping_status":"closed","template":"","meta":{"ngg_post_thumbnail":0},"_links":{"self":[{"href":"https:\/\/assmgym.saintmedardasso.fr\/index.php?rest_route=\/wp\/v2\/pages\/3287"}],"collection":[{"href":"https:\/\/assmgym.saintmedardasso.fr\/index.php?rest_route=\/wp\/v2\/pages"}],"about":[{"href":"https:\/\/assmgym.saintmedardasso.fr\/index.php?rest_route=\/wp\/v2\/types\/page"}],"author":[{"embeddable":true,"href":"https:\/\/assmgym.saintmedardasso.fr\/index.php?rest_route=\/wp\/v2\/users\/2"}],"replies":[{"embeddable":true,"href":"https:\/\/assmgym.saintmedardasso.fr\/index.php?rest_route=%2Fwp%2Fv2%2Fcomments&post=3287"}],"version-history":[{"count":1,"href":"https:\/\/assmgym.saintmedardasso.fr\/index.php?rest_route=\/wp\/v2\/pages\/3287\/revisions"}],"predecessor-version":[{"id":3290,"href":"https:\/\/assmgym.saintmedardasso.fr\/index.php?rest_route=\/wp\/v2\/pages\/3287\/revisions\/3290"}],"wp:attachment":[{"href":"https:\/\/assmgym.saintmedardasso.fr\/index.php?rest_route=%2Fwp%2Fv2%2Fmedia&parent=3287"}],"curies":[{"name":"wp","href":"https:\/\/api.w.org\/{rel}","templated":true}]}}