{"id":3269,"date":"2025-10-21T11:43:05","date_gmt":"2025-10-21T09:43:05","guid":{"rendered":"https:\/\/assmgym.saintmedardasso.fr\/?page_id=3269"},"modified":"2025-10-21T14:39:17","modified_gmt":"2025-10-21T12:39:17","slug":"2023-2024","status":"publish","type":"page","link":"https:\/\/assmgym.saintmedardasso.fr\/?page_id=3269","title":{"rendered":"2023\/2024"},"content":{"rendered":"\n<ul><li><a href=\"https:\/\/assmgym.saintmedardasso.fr\/?page_id=3348\">Championnat de France indiv GAM<\/a><\/li><li><a href=\"https:\/\/assmgym.saintmedardasso.fr\/?page_id=3343\">Championnat de France GAM<\/a><\/li><li><a href=\"https:\/\/assmgym.saintmedardasso.fr\/?page_id=3338\">Championnat de France GAF<\/a><\/li><li><a href=\"https:\/\/assmgym.saintmedardasso.fr\/?page_id=3333\">Finale D\u00e9partementale GAF<\/a><\/li><li><a href=\"https:\/\/assmgym.saintmedardasso.fr\/?page_id=3326\">Championnat R\u00e9gional GAM<\/a><\/li><li><a href=\"https:\/\/assmgym.saintmedardasso.fr\/?page_id=3319\">Championnat R\u00e9gional GAF<\/a><\/li><li><a href=\"https:\/\/assmgym.saintmedardasso.fr\/?page_id=3312\">Championnat R\u00e9gional indiv GAM<\/a><\/li><li><a href=\"https:\/\/assmgym.saintmedardasso.fr\/?page_id=3305\">Championnat Interd\u00e9partemental Sud GAF<\/a><\/li><li><a href=\"https:\/\/assmgym.saintmedardasso.fr\/?page_id=3298\">Championnat Interd\u00e9partemental Sud GAM<\/a><\/li><li><a href=\"https:\/\/assmgym.saintmedardasso.fr\/?page_id=3292\">Championnat Interd\u00e9partemental Sud indiv GAM<\/a><\/li><li><a href=\"https:\/\/assmgym.saintmedardasso.fr\/?page_id=3287\">Championnat D\u00e9partemental GAM &amp; GAF<\/a><\/li><li><a href=\"https:\/\/assmgym.saintmedardasso.fr\/?page_id=3279\">Championnat D\u00e9partemental GAF <\/a><\/li><li><a href=\"https:\/\/assmgym.saintmedardasso.fr\/?page_id=3272\">Championnat D\u00e9partemental indiv GAM &amp; GAF<\/a><\/li><\/ul>\n","protected":false},"excerpt":{"rendered":"<p>Championnat de France indiv GAM Championnat de France GAM Championnat de France GAF Finale D\u00e9partementale GAF Championnat R\u00e9gional GAM Championnat R\u00e9gional GAF Championnat R\u00e9gional [&#8230;]<\/p>\n","protected":false},"author":2,"featured_media":0,"parent":0,"menu_order":0,"comment_status":"closed","ping_status":"closed","template":"","meta":{"ngg_post_thumbnail":0},"_links":{"self":[{"href":"https:\/\/assmgym.saintmedardasso.fr\/index.php?rest_route=\/wp\/v2\/pages\/3269"}],"collection":[{"href":"https:\/\/assmgym.saintmedardasso.fr\/index.php?rest_route=\/wp\/v2\/pages"}],"about":[{"href":"https:\/\/assmgym.saintmedardasso.fr\/index.php?rest_route=\/wp\/v2\/types\/page"}],"author":[{"embeddable":true,"href":"https:\/\/assmgym.saintmedardasso.fr\/index.php?rest_route=\/wp\/v2\/users\/2"}],"replies":[{"embeddable":true,"href":"https:\/\/assmgym.saintmedardasso.fr\/index.php?rest_route=%2Fwp%2Fv2%2Fcomments&post=3269"}],"version-history":[{"count":15,"href":"https:\/\/assmgym.saintmedardasso.fr\/index.php?rest_route=\/wp\/v2\/pages\/3269\/revisions"}],"predecessor-version":[{"id":3352,"href":"https:\/\/assmgym.saintmedardasso.fr\/index.php?rest_route=\/wp\/v2\/pages\/3269\/revisions\/3352"}],"wp:attachment":[{"href":"https:\/\/assmgym.saintmedardasso.fr\/index.php?rest_route=%2Fwp%2Fv2%2Fmedia&parent=3269"}],"curies":[{"name":"wp","href":"https:\/\/api.w.org\/{rel}","templated":true}]}}