{"id":3255,"date":"2025-10-20T17:49:43","date_gmt":"2025-10-20T15:49:43","guid":{"rendered":"https:\/\/assmgym.saintmedardasso.fr\/?page_id=3255"},"modified":"2025-10-20T17:49:43","modified_gmt":"2025-10-20T15:49:43","slug":"vacances-de-printemps-2025","status":"publish","type":"page","link":"https:\/\/assmgym.saintmedardasso.fr\/?page_id=3255","title":{"rendered":"VACANCES DE PRINTEMPS 2025"},"content":{"rendered":"\n<p>Tr\u00e8s bonne journ\u00e9e de stage avec les loisirs !<\/p>\n\n\n\n<p>Merci \u00e0 ceux qui sont venus ainsi qu&rsquo;aux jeunes b\u00e9n\u00e9voles et aux coachs.<\/p>\n\n\n\n<div class=\"wp-block-image\"><figure class=\"aligncenter size-large\"><a href=\"https:\/\/assmgym.saintmedardasso.fr\/wp-content\/uploads\/2025\/10\/vacances-de-printemps-2025.png\"><img loading=\"lazy\" width=\"1024\" height=\"760\" src=\"https:\/\/assmgym.saintmedardasso.fr\/wp-content\/uploads\/2025\/10\/vacances-de-printemps-2025-1024x760.png\" alt=\"\" class=\"wp-image-3256\" srcset=\"https:\/\/assmgym.saintmedardasso.fr\/wp-content\/uploads\/2025\/10\/vacances-de-printemps-2025-1024x760.png 1024w, https:\/\/assmgym.saintmedardasso.fr\/wp-content\/uploads\/2025\/10\/vacances-de-printemps-2025-300x223.png 300w, https:\/\/assmgym.saintmedardasso.fr\/wp-content\/uploads\/2025\/10\/vacances-de-printemps-2025-768x570.png 768w, https:\/\/assmgym.saintmedardasso.fr\/wp-content\/uploads\/2025\/10\/vacances-de-printemps-2025.png 1153w\" sizes=\"(max-width: 1024px) 100vw, 1024px\" \/><\/a><\/figure><\/div>\n","protected":false},"excerpt":{"rendered":"<p>Tr\u00e8s bonne journ\u00e9e de stage avec les loisirs ! Merci \u00e0 ceux qui sont venus ainsi qu&rsquo;aux jeunes b\u00e9n\u00e9voles et aux coachs.<\/p>\n","protected":false},"author":2,"featured_media":0,"parent":0,"menu_order":0,"comment_status":"closed","ping_status":"closed","template":"","meta":{"ngg_post_thumbnail":0},"_links":{"self":[{"href":"https:\/\/assmgym.saintmedardasso.fr\/index.php?rest_route=\/wp\/v2\/pages\/3255"}],"collection":[{"href":"https:\/\/assmgym.saintmedardasso.fr\/index.php?rest_route=\/wp\/v2\/pages"}],"about":[{"href":"https:\/\/assmgym.saintmedardasso.fr\/index.php?rest_route=\/wp\/v2\/types\/page"}],"author":[{"embeddable":true,"href":"https:\/\/assmgym.saintmedardasso.fr\/index.php?rest_route=\/wp\/v2\/users\/2"}],"replies":[{"embeddable":true,"href":"https:\/\/assmgym.saintmedardasso.fr\/index.php?rest_route=%2Fwp%2Fv2%2Fcomments&post=3255"}],"version-history":[{"count":1,"href":"https:\/\/assmgym.saintmedardasso.fr\/index.php?rest_route=\/wp\/v2\/pages\/3255\/revisions"}],"predecessor-version":[{"id":3258,"href":"https:\/\/assmgym.saintmedardasso.fr\/index.php?rest_route=\/wp\/v2\/pages\/3255\/revisions\/3258"}],"wp:attachment":[{"href":"https:\/\/assmgym.saintmedardasso.fr\/index.php?rest_route=%2Fwp%2Fv2%2Fmedia&parent=3255"}],"curies":[{"name":"wp","href":"https:\/\/api.w.org\/{rel}","templated":true}]}}