{"id":3250,"date":"2025-10-20T17:47:25","date_gmt":"2025-10-20T15:47:25","guid":{"rendered":"https:\/\/assmgym.saintmedardasso.fr\/?page_id=3250"},"modified":"2025-10-20T17:47:25","modified_gmt":"2025-10-20T15:47:25","slug":"carnaval-de-la-baby-gym-2025","status":"publish","type":"page","link":"https:\/\/assmgym.saintmedardasso.fr\/?page_id=3250","title":{"rendered":"CARNAVAL DE LA BABY-GYM 2025"},"content":{"rendered":"\n<p>Super moment avec les baby gym !<br \/>Ils ont f\u00eat\u00e9 le carnaval et se sont bien amus\u00e9s.<\/p>\n\n\n\n<p>Bravo \u00e0 tous d&rsquo;avoir jou\u00e9 le jeu !<\/p>\n\n\n\n<div class=\"wp-block-image\"><figure class=\"aligncenter size-large\"><a href=\"https:\/\/assmgym.saintmedardasso.fr\/wp-content\/uploads\/2025\/10\/carnaval-baby-gym-2025.png\"><img loading=\"lazy\" width=\"1024\" height=\"385\" src=\"https:\/\/assmgym.saintmedardasso.fr\/wp-content\/uploads\/2025\/10\/carnaval-baby-gym-2025-1024x385.png\" alt=\"\" class=\"wp-image-3251\" srcset=\"https:\/\/assmgym.saintmedardasso.fr\/wp-content\/uploads\/2025\/10\/carnaval-baby-gym-2025-1024x385.png 1024w, https:\/\/assmgym.saintmedardasso.fr\/wp-content\/uploads\/2025\/10\/carnaval-baby-gym-2025-300x113.png 300w, https:\/\/assmgym.saintmedardasso.fr\/wp-content\/uploads\/2025\/10\/carnaval-baby-gym-2025-768x288.png 768w, https:\/\/assmgym.saintmedardasso.fr\/wp-content\/uploads\/2025\/10\/carnaval-baby-gym-2025.png 1427w\" sizes=\"(max-width: 1024px) 100vw, 1024px\" \/><\/a><figcaption>Vendredi 28 mars 2025<\/figcaption><\/figure><\/div>\n","protected":false},"excerpt":{"rendered":"<p>Super moment avec les baby gym !Ils ont f\u00eat\u00e9 le carnaval et se sont bien amus\u00e9s. Bravo \u00e0 tous d&rsquo;avoir jou\u00e9 le jeu !<\/p>\n","protected":false},"author":2,"featured_media":0,"parent":0,"menu_order":0,"comment_status":"closed","ping_status":"closed","template":"","meta":{"ngg_post_thumbnail":0},"_links":{"self":[{"href":"https:\/\/assmgym.saintmedardasso.fr\/index.php?rest_route=\/wp\/v2\/pages\/3250"}],"collection":[{"href":"https:\/\/assmgym.saintmedardasso.fr\/index.php?rest_route=\/wp\/v2\/pages"}],"about":[{"href":"https:\/\/assmgym.saintmedardasso.fr\/index.php?rest_route=\/wp\/v2\/types\/page"}],"author":[{"embeddable":true,"href":"https:\/\/assmgym.saintmedardasso.fr\/index.php?rest_route=\/wp\/v2\/users\/2"}],"replies":[{"embeddable":true,"href":"https:\/\/assmgym.saintmedardasso.fr\/index.php?rest_route=%2Fwp%2Fv2%2Fcomments&post=3250"}],"version-history":[{"count":1,"href":"https:\/\/assmgym.saintmedardasso.fr\/index.php?rest_route=\/wp\/v2\/pages\/3250\/revisions"}],"predecessor-version":[{"id":3253,"href":"https:\/\/assmgym.saintmedardasso.fr\/index.php?rest_route=\/wp\/v2\/pages\/3250\/revisions\/3253"}],"wp:attachment":[{"href":"https:\/\/assmgym.saintmedardasso.fr\/index.php?rest_route=%2Fwp%2Fv2%2Fmedia&parent=3250"}],"curies":[{"name":"wp","href":"https:\/\/api.w.org\/{rel}","templated":true}]}}