{"id":3239,"date":"2025-10-20T17:41:31","date_gmt":"2025-10-20T15:41:31","guid":{"rendered":"https:\/\/assmgym.saintmedardasso.fr\/?page_id=3239"},"modified":"2025-10-21T16:38:16","modified_gmt":"2025-10-21T14:38:16","slug":"vacances-de-noel-2025","status":"publish","type":"page","link":"https:\/\/assmgym.saintmedardasso.fr\/?page_id=3239","title":{"rendered":"VACANCES DE NO\u00cbL 2024"},"content":{"rendered":"\n<p>Une tr\u00e8s belle journ\u00e9e d\u00e9di\u00e9e \u00e0 nos loisirs ! Un moment de rires et de partage, merci \u00e0 ceux qui sont venus ainsi qu&rsquo;aux b\u00e9n\u00e9voles et coachs !<\/p>\n\n\n\n<div class=\"wp-block-image\"><figure class=\"aligncenter size-full\"><a href=\"https:\/\/assmgym.saintmedardasso.fr\/wp-content\/uploads\/2025\/10\/stages-vacances-noel-2025.png\"><img loading=\"lazy\" width=\"486\" height=\"813\" src=\"https:\/\/assmgym.saintmedardasso.fr\/wp-content\/uploads\/2025\/10\/stages-vacances-noel-2025.png\" alt=\"\" class=\"wp-image-3240\" srcset=\"https:\/\/assmgym.saintmedardasso.fr\/wp-content\/uploads\/2025\/10\/stages-vacances-noel-2025.png 486w, https:\/\/assmgym.saintmedardasso.fr\/wp-content\/uploads\/2025\/10\/stages-vacances-noel-2025-179x300.png 179w\" sizes=\"(max-width: 486px) 100vw, 486px\" \/><\/a><figcaption>Vendredi 3 janvier 2025<\/figcaption><\/figure><\/div>\n","protected":false},"excerpt":{"rendered":"<p>Une tr\u00e8s belle journ\u00e9e d\u00e9di\u00e9e \u00e0 nos loisirs ! Un moment de rires et de partage, merci \u00e0 ceux qui sont venus ainsi qu&rsquo;aux [&#8230;]<\/p>\n","protected":false},"author":2,"featured_media":0,"parent":0,"menu_order":0,"comment_status":"closed","ping_status":"closed","template":"","meta":{"ngg_post_thumbnail":0},"_links":{"self":[{"href":"https:\/\/assmgym.saintmedardasso.fr\/index.php?rest_route=\/wp\/v2\/pages\/3239"}],"collection":[{"href":"https:\/\/assmgym.saintmedardasso.fr\/index.php?rest_route=\/wp\/v2\/pages"}],"about":[{"href":"https:\/\/assmgym.saintmedardasso.fr\/index.php?rest_route=\/wp\/v2\/types\/page"}],"author":[{"embeddable":true,"href":"https:\/\/assmgym.saintmedardasso.fr\/index.php?rest_route=\/wp\/v2\/users\/2"}],"replies":[{"embeddable":true,"href":"https:\/\/assmgym.saintmedardasso.fr\/index.php?rest_route=%2Fwp%2Fv2%2Fcomments&post=3239"}],"version-history":[{"count":2,"href":"https:\/\/assmgym.saintmedardasso.fr\/index.php?rest_route=\/wp\/v2\/pages\/3239\/revisions"}],"predecessor-version":[{"id":3405,"href":"https:\/\/assmgym.saintmedardasso.fr\/index.php?rest_route=\/wp\/v2\/pages\/3239\/revisions\/3405"}],"wp:attachment":[{"href":"https:\/\/assmgym.saintmedardasso.fr\/index.php?rest_route=%2Fwp%2Fv2%2Fmedia&parent=3239"}],"curies":[{"name":"wp","href":"https:\/\/api.w.org\/{rel}","templated":true}]}}