{"id":3236,"date":"2025-10-20T17:39:19","date_gmt":"2025-10-20T15:39:19","guid":{"rendered":"https:\/\/assmgym.saintmedardasso.fr\/?page_id=3236"},"modified":"2026-04-26T14:51:07","modified_gmt":"2026-04-26T12:51:07","slug":"stages","status":"publish","type":"page","link":"https:\/\/assmgym.saintmedardasso.fr\/?page_id=3236","title":{"rendered":"STAGES"},"content":{"rendered":"\n<ul><li><a href=\"https:\/\/assmgym.saintmedardasso.fr\/?page_id=5332\" data-type=\"URL\" data-id=\"https:\/\/assmgym.saintmedardasso.fr\/?page_id=5332\">Vacances de P\u00e2ques 2026<\/a><\/li><li><a href=\"https:\/\/assmgym.saintmedardasso.fr\/?page_id=3702\">Vacances de No\u00ebl 2025<\/a><\/li><li><a href=\"https:\/\/assmgym.saintmedardasso.fr\/?page_id=3255\">Vacances de printemps 2025<\/a><\/li><li><a href=\"https:\/\/assmgym.saintmedardasso.fr\/?page_id=3245\">Vacances d&rsquo;hiver 2025<\/a><\/li><li><a href=\"https:\/\/assmgym.saintmedardasso.fr\/?page_id=3239\">Vacances de No\u00ebl 2024<\/a><\/li><\/ul>\n","protected":false},"excerpt":{"rendered":"<p>Vacances de P\u00e2ques 2026 Vacances de No\u00ebl 2025 Vacances de printemps 2025 Vacances d&rsquo;hiver 2025 Vacances de No\u00ebl 2024<\/p>\n","protected":false},"author":2,"featured_media":0,"parent":0,"menu_order":0,"comment_status":"closed","ping_status":"closed","template":"","meta":{"ngg_post_thumbnail":0},"_links":{"self":[{"href":"https:\/\/assmgym.saintmedardasso.fr\/index.php?rest_route=\/wp\/v2\/pages\/3236"}],"collection":[{"href":"https:\/\/assmgym.saintmedardasso.fr\/index.php?rest_route=\/wp\/v2\/pages"}],"about":[{"href":"https:\/\/assmgym.saintmedardasso.fr\/index.php?rest_route=\/wp\/v2\/types\/page"}],"author":[{"embeddable":true,"href":"https:\/\/assmgym.saintmedardasso.fr\/index.php?rest_route=\/wp\/v2\/users\/2"}],"replies":[{"embeddable":true,"href":"https:\/\/assmgym.saintmedardasso.fr\/index.php?rest_route=%2Fwp%2Fv2%2Fcomments&post=3236"}],"version-history":[{"count":10,"href":"https:\/\/assmgym.saintmedardasso.fr\/index.php?rest_route=\/wp\/v2\/pages\/3236\/revisions"}],"predecessor-version":[{"id":5340,"href":"https:\/\/assmgym.saintmedardasso.fr\/index.php?rest_route=\/wp\/v2\/pages\/3236\/revisions\/5340"}],"wp:attachment":[{"href":"https:\/\/assmgym.saintmedardasso.fr\/index.php?rest_route=%2Fwp%2Fv2%2Fmedia&parent=3236"}],"curies":[{"name":"wp","href":"https:\/\/api.w.org\/{rel}","templated":true}]}}