{"id":3201,"date":"2025-10-20T17:06:23","date_gmt":"2025-10-20T15:06:23","guid":{"rendered":"https:\/\/assmgym.saintmedardasso.fr\/?page_id=3201"},"modified":"2025-10-20T17:06:23","modified_gmt":"2025-10-20T15:06:23","slug":"soiree-des-recompenses-2024","status":"publish","type":"page","link":"https:\/\/assmgym.saintmedardasso.fr\/?page_id=3201","title":{"rendered":"SOIR\u00c9E DES R\u00c9COMPENSES 2024"},"content":{"rendered":"\n<p>Le 16 novembre 2024 a eu lieu la <strong>soir\u00e9e des r\u00e9compenses de l&rsquo;ASSM Omnisport<\/strong>.<\/p>\n\n\n\n<p>Notre section a mis \u00e0 l&rsquo;honneur <strong>nos champions de France<\/strong> : Evan, Lenny, Loun\u00e8s, Loucas et Noam. Ils repr\u00e9sentent brillamment les couleurs du club sur toutes les comp\u00e9titions.<\/p>\n\n\n\n<p>Bonne continuation sportive les gar\u00e7ons !<\/p>\n\n\n\n<div class=\"wp-block-image\"><figure class=\"aligncenter size-large\"><a href=\"https:\/\/assmgym.saintmedardasso.fr\/wp-content\/uploads\/2025\/10\/soiree-des-recompenses-2024.png\"><img loading=\"lazy\" width=\"1024\" height=\"759\" src=\"https:\/\/assmgym.saintmedardasso.fr\/wp-content\/uploads\/2025\/10\/soiree-des-recompenses-2024-1024x759.png\" alt=\"\" class=\"wp-image-3202\" srcset=\"https:\/\/assmgym.saintmedardasso.fr\/wp-content\/uploads\/2025\/10\/soiree-des-recompenses-2024-1024x759.png 1024w, https:\/\/assmgym.saintmedardasso.fr\/wp-content\/uploads\/2025\/10\/soiree-des-recompenses-2024-300x222.png 300w, https:\/\/assmgym.saintmedardasso.fr\/wp-content\/uploads\/2025\/10\/soiree-des-recompenses-2024-768x569.png 768w, https:\/\/assmgym.saintmedardasso.fr\/wp-content\/uploads\/2025\/10\/soiree-des-recompenses-2024.png 1080w\" sizes=\"(max-width: 1024px) 100vw, 1024px\" \/><\/a><\/figure><\/div>\n","protected":false},"excerpt":{"rendered":"<p>Le 16 novembre 2024 a eu lieu la soir\u00e9e des r\u00e9compenses de l&rsquo;ASSM Omnisport. Notre section a mis \u00e0 l&rsquo;honneur nos champions de France [&#8230;]<\/p>\n","protected":false},"author":2,"featured_media":0,"parent":0,"menu_order":0,"comment_status":"closed","ping_status":"closed","template":"","meta":{"ngg_post_thumbnail":0},"_links":{"self":[{"href":"https:\/\/assmgym.saintmedardasso.fr\/index.php?rest_route=\/wp\/v2\/pages\/3201"}],"collection":[{"href":"https:\/\/assmgym.saintmedardasso.fr\/index.php?rest_route=\/wp\/v2\/pages"}],"about":[{"href":"https:\/\/assmgym.saintmedardasso.fr\/index.php?rest_route=\/wp\/v2\/types\/page"}],"author":[{"embeddable":true,"href":"https:\/\/assmgym.saintmedardasso.fr\/index.php?rest_route=\/wp\/v2\/users\/2"}],"replies":[{"embeddable":true,"href":"https:\/\/assmgym.saintmedardasso.fr\/index.php?rest_route=%2Fwp%2Fv2%2Fcomments&post=3201"}],"version-history":[{"count":1,"href":"https:\/\/assmgym.saintmedardasso.fr\/index.php?rest_route=\/wp\/v2\/pages\/3201\/revisions"}],"predecessor-version":[{"id":3204,"href":"https:\/\/assmgym.saintmedardasso.fr\/index.php?rest_route=\/wp\/v2\/pages\/3201\/revisions\/3204"}],"wp:attachment":[{"href":"https:\/\/assmgym.saintmedardasso.fr\/index.php?rest_route=%2Fwp%2Fv2%2Fmedia&parent=3201"}],"curies":[{"name":"wp","href":"https:\/\/api.w.org\/{rel}","templated":true}]}}