{"id":3189,"date":"2025-10-20T16:58:14","date_gmt":"2025-10-20T14:58:14","guid":{"rendered":"https:\/\/assmgym.saintmedardasso.fr\/?page_id=3189"},"modified":"2025-10-20T16:59:47","modified_gmt":"2025-10-20T14:59:47","slug":"forum-des-associations","status":"publish","type":"page","link":"https:\/\/assmgym.saintmedardasso.fr\/?page_id=3189","title":{"rendered":"FORUM DES ASSOCIATIONS 2024"},"content":{"rendered":"\n<p>Le 6 septembre 2024, l&rsquo;ASSM Gymnastique \u00e9tait pr\u00e9sente au forum des associations. <br \/>Il a eu lieu sur la Place de la R\u00e9publique, \u00e0 Saint-M\u00e9dard-en-Jalles.<\/p>\n\n\n\n<p>Merci \u00e0 nos b\u00e9n\u00e9voles pour leur pr\u00e9sence.<\/p>\n\n\n\n<div class=\"wp-block-image\"><figure class=\"aligncenter size-large\"><a href=\"https:\/\/assmgym.saintmedardasso.fr\/wp-content\/uploads\/2025\/10\/forum-associations.png\"><img loading=\"lazy\" width=\"1024\" height=\"664\" src=\"https:\/\/assmgym.saintmedardasso.fr\/wp-content\/uploads\/2025\/10\/forum-associations-1024x664.png\" alt=\"\" class=\"wp-image-3190\" srcset=\"https:\/\/assmgym.saintmedardasso.fr\/wp-content\/uploads\/2025\/10\/forum-associations-1024x664.png 1024w, https:\/\/assmgym.saintmedardasso.fr\/wp-content\/uploads\/2025\/10\/forum-associations-300x195.png 300w, https:\/\/assmgym.saintmedardasso.fr\/wp-content\/uploads\/2025\/10\/forum-associations-768x498.png 768w, https:\/\/assmgym.saintmedardasso.fr\/wp-content\/uploads\/2025\/10\/forum-associations.png 1156w\" sizes=\"(max-width: 1024px) 100vw, 1024px\" \/><\/a><figcaption>Nathalie ACOSTA (tr\u00e9sori\u00e8re) et V\u00e9ronique BERNICOT (charg\u00e9e animation)<\/figcaption><\/figure><\/div>\n\n\n\n<p><\/p>\n","protected":false},"excerpt":{"rendered":"<p>Le 6 septembre 2024, l&rsquo;ASSM Gymnastique \u00e9tait pr\u00e9sente au forum des associations. Il a eu lieu sur la Place de la R\u00e9publique, \u00e0 Saint-M\u00e9dard-en-Jalles. [&#8230;]<\/p>\n","protected":false},"author":2,"featured_media":0,"parent":0,"menu_order":0,"comment_status":"closed","ping_status":"closed","template":"","meta":{"ngg_post_thumbnail":0},"_links":{"self":[{"href":"https:\/\/assmgym.saintmedardasso.fr\/index.php?rest_route=\/wp\/v2\/pages\/3189"}],"collection":[{"href":"https:\/\/assmgym.saintmedardasso.fr\/index.php?rest_route=\/wp\/v2\/pages"}],"about":[{"href":"https:\/\/assmgym.saintmedardasso.fr\/index.php?rest_route=\/wp\/v2\/types\/page"}],"author":[{"embeddable":true,"href":"https:\/\/assmgym.saintmedardasso.fr\/index.php?rest_route=\/wp\/v2\/users\/2"}],"replies":[{"embeddable":true,"href":"https:\/\/assmgym.saintmedardasso.fr\/index.php?rest_route=%2Fwp%2Fv2%2Fcomments&post=3189"}],"version-history":[{"count":2,"href":"https:\/\/assmgym.saintmedardasso.fr\/index.php?rest_route=\/wp\/v2\/pages\/3189\/revisions"}],"predecessor-version":[{"id":3194,"href":"https:\/\/assmgym.saintmedardasso.fr\/index.php?rest_route=\/wp\/v2\/pages\/3189\/revisions\/3194"}],"wp:attachment":[{"href":"https:\/\/assmgym.saintmedardasso.fr\/index.php?rest_route=%2Fwp%2Fv2%2Fmedia&parent=3189"}],"curies":[{"name":"wp","href":"https:\/\/api.w.org\/{rel}","templated":true}]}}