{"id":3175,"date":"2025-10-20T16:43:24","date_gmt":"2025-10-20T14:43:24","guid":{"rendered":"https:\/\/assmgym.saintmedardasso.fr\/?page_id=3175"},"modified":"2025-10-20T16:43:24","modified_gmt":"2025-10-20T14:43:24","slug":"competition-amicale-2024","status":"publish","type":"page","link":"https:\/\/assmgym.saintmedardasso.fr\/?page_id=3175","title":{"rendered":"COMP\u00c9TITION AMICALE 2024"},"content":{"rendered":"\n<p>Mercredi 19 juin 2024 a eu lieu la <strong>traditionnelle comp\u00e9tition amicale<\/strong>, l&rsquo;<strong>assembl\u00e9e g\u00e9n\u00e9rale<\/strong> du club ainsi que des <strong>d\u00e9monstrations gymniques<\/strong> de nos comp\u00e9titeurs.<\/p>\n\n\n\n<p>La comp\u00e9tition amicale permet aux loisirs du club de pr\u00e9senter \u00e0 leurs familles les \u00e9l\u00e9ments acquis tout au long de l&rsquo;ann\u00e9e et d&rsquo;\u00e9ventuellement repartir avec une m\u00e9daille !<\/p>\n\n\n\n<p>L&rsquo;assembl\u00e9e g\u00e9n\u00e9rale r\u00e9capitule les \u00e9v\u00e8nements de la saison, les r\u00e9sultats des comp\u00e9titions et le bilan financier de l&rsquo;association.<\/p>\n\n\n\n<p><strong>Merci aux b\u00e9n\u00e9voles<\/strong> pour cette superbe journ\u00e9e et <strong>f\u00e9licitations \u00e0 nos gymnastes<\/strong> !<\/p>\n\n\n\n<div class=\"wp-block-image\"><figure class=\"aligncenter size-full\"><a href=\"https:\/\/assmgym.saintmedardasso.fr\/wp-content\/uploads\/2025\/10\/compet-amicale-2024.png\"><img loading=\"lazy\" width=\"489\" height=\"740\" src=\"https:\/\/assmgym.saintmedardasso.fr\/wp-content\/uploads\/2025\/10\/compet-amicale-2024.png\" alt=\"\" class=\"wp-image-3176\" srcset=\"https:\/\/assmgym.saintmedardasso.fr\/wp-content\/uploads\/2025\/10\/compet-amicale-2024.png 489w, https:\/\/assmgym.saintmedardasso.fr\/wp-content\/uploads\/2025\/10\/compet-amicale-2024-198x300.png 198w\" sizes=\"(max-width: 489px) 100vw, 489px\" \/><\/a><\/figure><\/div>\n","protected":false},"excerpt":{"rendered":"<p>Mercredi 19 juin 2024 a eu lieu la traditionnelle comp\u00e9tition amicale, l&rsquo;assembl\u00e9e g\u00e9n\u00e9rale du club ainsi que des d\u00e9monstrations gymniques de nos comp\u00e9titeurs. La [&#8230;]<\/p>\n","protected":false},"author":2,"featured_media":0,"parent":0,"menu_order":0,"comment_status":"closed","ping_status":"closed","template":"","meta":{"ngg_post_thumbnail":0},"_links":{"self":[{"href":"https:\/\/assmgym.saintmedardasso.fr\/index.php?rest_route=\/wp\/v2\/pages\/3175"}],"collection":[{"href":"https:\/\/assmgym.saintmedardasso.fr\/index.php?rest_route=\/wp\/v2\/pages"}],"about":[{"href":"https:\/\/assmgym.saintmedardasso.fr\/index.php?rest_route=\/wp\/v2\/types\/page"}],"author":[{"embeddable":true,"href":"https:\/\/assmgym.saintmedardasso.fr\/index.php?rest_route=\/wp\/v2\/users\/2"}],"replies":[{"embeddable":true,"href":"https:\/\/assmgym.saintmedardasso.fr\/index.php?rest_route=%2Fwp%2Fv2%2Fcomments&post=3175"}],"version-history":[{"count":1,"href":"https:\/\/assmgym.saintmedardasso.fr\/index.php?rest_route=\/wp\/v2\/pages\/3175\/revisions"}],"predecessor-version":[{"id":3178,"href":"https:\/\/assmgym.saintmedardasso.fr\/index.php?rest_route=\/wp\/v2\/pages\/3175\/revisions\/3178"}],"wp:attachment":[{"href":"https:\/\/assmgym.saintmedardasso.fr\/index.php?rest_route=%2Fwp%2Fv2%2Fmedia&parent=3175"}],"curies":[{"name":"wp","href":"https:\/\/api.w.org\/{rel}","templated":true}]}}