{"id":3162,"date":"2025-10-20T16:31:41","date_gmt":"2025-10-20T14:31:41","guid":{"rendered":"https:\/\/assmgym.saintmedardasso.fr\/?page_id=3162"},"modified":"2025-10-20T16:39:19","modified_gmt":"2025-10-20T14:39:19","slug":"finale-departementale-et-open-departemental-parkour","status":"publish","type":"page","link":"https:\/\/assmgym.saintmedardasso.fr\/?page_id=3162","title":{"rendered":"FINALE DEPARTEMENTALE ET OPEN DEPARTEMENTAL PARKOUR"},"content":{"rendered":"\n<p>Ce week-end, les 27 et 28 avril 2024, nous avons organis\u00e9 la Finale D\u00e9partementale F\u00e9d\u00e9ral B et F\u00e9d\u00e9ral A R\u00e9gion Poussines Performance, ainsi que l\u2019Open d\u00e9partemental Parkour \u00e0 domicile.<\/p>\n\n\n\n<p>Un grand merci \u00e0 l\u2019ensemble des b\u00e9n\u00e9voles pour l\u2019organisation de cette comp\u00e9tition.<br \/>Merci \u00e9galement \u00e0 l\u2019ensemble des juges et officiels pr\u00e9sents lors de ce week-end comp\u00e9titif.<br \/>Enfin, merci \u00e0 la municipalit\u00e9 de Saint-M\u00e9dard-en-Jalles pour la mise \u00e0 disposition des installations sportives.<\/p>\n\n\n\n<p>C&rsquo;\u00e9tait un super week-end, tr\u00e8s intense, mais qui s&rsquo;est parfaitement bien d\u00e9roul\u00e9 !<\/p>\n\n\n\n<p>Rendez-vous le 22 juin 2024 pour la Finale Inter-D\u00e9partementale GAF Indiv FED A et PERF REGION !<\/p>\n\n\n\n<div class=\"wp-block-image is-style-rounded\"><figure class=\"aligncenter size-large\"><a href=\"https:\/\/assmgym.saintmedardasso.fr\/wp-content\/uploads\/2025\/10\/Capture-decran-2025-10-20-163014.png\"><img loading=\"lazy\" width=\"1024\" height=\"767\" src=\"https:\/\/assmgym.saintmedardasso.fr\/wp-content\/uploads\/2025\/10\/Capture-decran-2025-10-20-163014-1024x767.png\" alt=\"\" class=\"wp-image-3163\" srcset=\"https:\/\/assmgym.saintmedardasso.fr\/wp-content\/uploads\/2025\/10\/Capture-decran-2025-10-20-163014-1024x767.png 1024w, https:\/\/assmgym.saintmedardasso.fr\/wp-content\/uploads\/2025\/10\/Capture-decran-2025-10-20-163014-300x225.png 300w, https:\/\/assmgym.saintmedardasso.fr\/wp-content\/uploads\/2025\/10\/Capture-decran-2025-10-20-163014-768x575.png 768w, https:\/\/assmgym.saintmedardasso.fr\/wp-content\/uploads\/2025\/10\/Capture-decran-2025-10-20-163014.png 1155w\" sizes=\"(max-width: 1024px) 100vw, 1024px\" \/><\/a><\/figure><\/div>\n","protected":false},"excerpt":{"rendered":"<p>Ce week-end, les 27 et 28 avril 2024, nous avons organis\u00e9 la Finale D\u00e9partementale F\u00e9d\u00e9ral B et F\u00e9d\u00e9ral A R\u00e9gion Poussines Performance, ainsi que [&#8230;]<\/p>\n","protected":false},"author":2,"featured_media":0,"parent":0,"menu_order":0,"comment_status":"closed","ping_status":"closed","template":"","meta":{"ngg_post_thumbnail":0},"_links":{"self":[{"href":"https:\/\/assmgym.saintmedardasso.fr\/index.php?rest_route=\/wp\/v2\/pages\/3162"}],"collection":[{"href":"https:\/\/assmgym.saintmedardasso.fr\/index.php?rest_route=\/wp\/v2\/pages"}],"about":[{"href":"https:\/\/assmgym.saintmedardasso.fr\/index.php?rest_route=\/wp\/v2\/types\/page"}],"author":[{"embeddable":true,"href":"https:\/\/assmgym.saintmedardasso.fr\/index.php?rest_route=\/wp\/v2\/users\/2"}],"replies":[{"embeddable":true,"href":"https:\/\/assmgym.saintmedardasso.fr\/index.php?rest_route=%2Fwp%2Fv2%2Fcomments&post=3162"}],"version-history":[{"count":2,"href":"https:\/\/assmgym.saintmedardasso.fr\/index.php?rest_route=\/wp\/v2\/pages\/3162\/revisions"}],"predecessor-version":[{"id":3172,"href":"https:\/\/assmgym.saintmedardasso.fr\/index.php?rest_route=\/wp\/v2\/pages\/3162\/revisions\/3172"}],"wp:attachment":[{"href":"https:\/\/assmgym.saintmedardasso.fr\/index.php?rest_route=%2Fwp%2Fv2%2Fmedia&parent=3162"}],"curies":[{"name":"wp","href":"https:\/\/api.w.org\/{rel}","templated":true}]}}