{"id":3112,"date":"2025-10-20T15:32:33","date_gmt":"2025-10-20T13:32:33","guid":{"rendered":"https:\/\/assmgym.saintmedardasso.fr\/?page_id=3112"},"modified":"2025-10-20T16:08:44","modified_gmt":"2025-10-20T14:08:44","slug":"saison-2014-2015","status":"publish","type":"page","link":"https:\/\/assmgym.saintmedardasso.fr\/?page_id=3112","title":{"rendered":"SAISON 2014\/2015"},"content":{"rendered":"\n<ul><li><a href=\"https:\/\/assmgym.saintmedardasso.fr\/?page_id=517\">Photos de la comp\u00e9tition r\u00e9gionale du 28 f\u00e9vrier 2015<\/a><\/li><\/ul>\n","protected":false},"excerpt":{"rendered":"<p>Photos de la comp\u00e9tition r\u00e9gionale du 28 f\u00e9vrier 2015<\/p>\n","protected":false},"author":2,"featured_media":0,"parent":0,"menu_order":0,"comment_status":"closed","ping_status":"closed","template":"","meta":{"ngg_post_thumbnail":0},"_links":{"self":[{"href":"https:\/\/assmgym.saintmedardasso.fr\/index.php?rest_route=\/wp\/v2\/pages\/3112"}],"collection":[{"href":"https:\/\/assmgym.saintmedardasso.fr\/index.php?rest_route=\/wp\/v2\/pages"}],"about":[{"href":"https:\/\/assmgym.saintmedardasso.fr\/index.php?rest_route=\/wp\/v2\/types\/page"}],"author":[{"embeddable":true,"href":"https:\/\/assmgym.saintmedardasso.fr\/index.php?rest_route=\/wp\/v2\/users\/2"}],"replies":[{"embeddable":true,"href":"https:\/\/assmgym.saintmedardasso.fr\/index.php?rest_route=%2Fwp%2Fv2%2Fcomments&post=3112"}],"version-history":[{"count":2,"href":"https:\/\/assmgym.saintmedardasso.fr\/index.php?rest_route=\/wp\/v2\/pages\/3112\/revisions"}],"predecessor-version":[{"id":3135,"href":"https:\/\/assmgym.saintmedardasso.fr\/index.php?rest_route=\/wp\/v2\/pages\/3112\/revisions\/3135"}],"wp:attachment":[{"href":"https:\/\/assmgym.saintmedardasso.fr\/index.php?rest_route=%2Fwp%2Fv2%2Fmedia&parent=3112"}],"curies":[{"name":"wp","href":"https:\/\/api.w.org\/{rel}","templated":true}]}}