{"id":3079,"date":"2025-10-16T22:48:44","date_gmt":"2025-10-16T20:48:44","guid":{"rendered":"https:\/\/assmgym.saintmedardasso.fr\/?page_id=3079"},"modified":"2025-11-11T10:50:01","modified_gmt":"2025-11-11T09:50:01","slug":"saison-2024-2025","status":"publish","type":"page","link":"https:\/\/assmgym.saintmedardasso.fr\/?page_id=3079","title":{"rendered":"SAISON 2024\/2025"},"content":{"rendered":"\n<ul><li><a href=\"https:\/\/assmgym.saintmedardasso.fr\/?page_id=3231\">Gala 2025<\/a><\/li><li><a href=\"https:\/\/assmgym.saintmedardasso.fr\/?page_id=3226\">Comp\u00e9tition amicale &amp; assembl\u00e9e g\u00e9n\u00e9rale<\/a><\/li><li><a href=\"https:\/\/assmgym.saintmedardasso.fr\/?page_id=3221\">F\u00eate du sport 2025<\/a><\/li><li><a href=\"https:\/\/assmgym.saintmedardasso.fr\/?page_id=3216\">Nos gymnastes dans le Sud-Ouest ! <\/a><\/li><li><a href=\"https:\/\/assmgym.saintmedardasso.fr\/?page_id=3211\">Nos gymnastes \u00e0 la TV ! <\/a><\/li><li><a href=\"https:\/\/assmgym.saintmedardasso.fr\/?page_id=3206\">Carnaval 2025<\/a><\/li><li><a href=\"https:\/\/assmgym.saintmedardasso.fr\/?page_id=2736\">Soir\u00e9e color\u00e9e 2025<\/a><\/li><li><a href=\"https:\/\/assmgym.saintmedardasso.fr\/?page_id=3672\">Loto 2024<\/a><\/li><li><a href=\"https:\/\/assmgym.saintmedardasso.fr\/?page_id=3201\">Soir\u00e9e des r\u00e9compenses 2024<\/a><\/li><li><a href=\"https:\/\/assmgym.saintmedardasso.fr\/?page_id=3196\">Rentr\u00e9e sportive de la saison 2024\/2025<\/a><\/li><li><a href=\"https:\/\/assmgym.saintmedardasso.fr\/?page_id=3189\">Forum des associations<\/a><\/li><\/ul>\n\n\n\n<p><\/p>\n","protected":false},"excerpt":{"rendered":"<p>Gala 2025 Comp\u00e9tition amicale &amp; assembl\u00e9e g\u00e9n\u00e9rale F\u00eate du sport 2025 Nos gymnastes dans le Sud-Ouest ! Nos gymnastes \u00e0 la TV ! Carnaval [&#8230;]<\/p>\n","protected":false},"author":2,"featured_media":0,"parent":0,"menu_order":0,"comment_status":"closed","ping_status":"closed","template":"","meta":{"ngg_post_thumbnail":0},"_links":{"self":[{"href":"https:\/\/assmgym.saintmedardasso.fr\/index.php?rest_route=\/wp\/v2\/pages\/3079"}],"collection":[{"href":"https:\/\/assmgym.saintmedardasso.fr\/index.php?rest_route=\/wp\/v2\/pages"}],"about":[{"href":"https:\/\/assmgym.saintmedardasso.fr\/index.php?rest_route=\/wp\/v2\/types\/page"}],"author":[{"embeddable":true,"href":"https:\/\/assmgym.saintmedardasso.fr\/index.php?rest_route=\/wp\/v2\/users\/2"}],"replies":[{"embeddable":true,"href":"https:\/\/assmgym.saintmedardasso.fr\/index.php?rest_route=%2Fwp%2Fv2%2Fcomments&post=3079"}],"version-history":[{"count":12,"href":"https:\/\/assmgym.saintmedardasso.fr\/index.php?rest_route=\/wp\/v2\/pages\/3079\/revisions"}],"predecessor-version":[{"id":3680,"href":"https:\/\/assmgym.saintmedardasso.fr\/index.php?rest_route=\/wp\/v2\/pages\/3079\/revisions\/3680"}],"wp:attachment":[{"href":"https:\/\/assmgym.saintmedardasso.fr\/index.php?rest_route=%2Fwp%2Fv2%2Fmedia&parent=3079"}],"curies":[{"name":"wp","href":"https:\/\/api.w.org\/{rel}","templated":true}]}}