{"id":30,"date":"2014-08-22T20:36:37","date_gmt":"2014-08-22T19:36:37","guid":{"rendered":"http:\/\/assmgym.saintmedardasso.fr\/?page_id=30"},"modified":"2025-10-28T09:19:18","modified_gmt":"2025-10-28T08:19:18","slug":"lencadrement","status":"publish","type":"page","link":"https:\/\/assmgym.saintmedardasso.fr\/?page_id=30","title":{"rendered":"L&rsquo;ENCADREMENT"},"content":{"rendered":"\n<div class=\"wp-block-image\"><figure class=\"aligncenter size-large\"><a href=\"https:\/\/assmgym.saintmedardasso.fr\/wp-content\/uploads\/2025\/10\/entraineurs.jpg\"><img loading=\"lazy\" width=\"1024\" height=\"689\" src=\"https:\/\/assmgym.saintmedardasso.fr\/wp-content\/uploads\/2025\/10\/entraineurs-1024x689.jpg\" alt=\"\" class=\"wp-image-3523\" srcset=\"https:\/\/assmgym.saintmedardasso.fr\/wp-content\/uploads\/2025\/10\/entraineurs-1024x689.jpg 1024w, https:\/\/assmgym.saintmedardasso.fr\/wp-content\/uploads\/2025\/10\/entraineurs-300x202.jpg 300w, https:\/\/assmgym.saintmedardasso.fr\/wp-content\/uploads\/2025\/10\/entraineurs-768x516.jpg 768w, https:\/\/assmgym.saintmedardasso.fr\/wp-content\/uploads\/2025\/10\/entraineurs-1536x1033.jpg 1536w, https:\/\/assmgym.saintmedardasso.fr\/wp-content\/uploads\/2025\/10\/entraineurs.jpg 1600w\" sizes=\"(max-width: 1024px) 100vw, 1024px\" \/><\/a><figcaption>Les entra\u00eeneurs de la saison 2025\/2026<\/figcaption><\/figure><\/div>\n\n\n\n<p>Dans l&rsquo;ordre respectif de la photo : Eolia DUJOL, Mathieu COSTINOT, St\u00e9phanie LESPES, Emmanuelle ALHA\u00cfTZ, Ga\u00eblle RAPHA\u00cbL et Dimitri HERBIET<\/p>\n","protected":false},"excerpt":{"rendered":"<p>Dans l&rsquo;ordre respectif de la photo : Eolia DUJOL, Mathieu COSTINOT, St\u00e9phanie LESPES, Emmanuelle ALHA\u00cfTZ, Ga\u00eblle RAPHA\u00cbL et Dimitri HERBIET<\/p>\n","protected":false},"author":2,"featured_media":0,"parent":16,"menu_order":0,"comment_status":"closed","ping_status":"closed","template":"","meta":{"ngg_post_thumbnail":0},"_links":{"self":[{"href":"https:\/\/assmgym.saintmedardasso.fr\/index.php?rest_route=\/wp\/v2\/pages\/30"}],"collection":[{"href":"https:\/\/assmgym.saintmedardasso.fr\/index.php?rest_route=\/wp\/v2\/pages"}],"about":[{"href":"https:\/\/assmgym.saintmedardasso.fr\/index.php?rest_route=\/wp\/v2\/types\/page"}],"author":[{"embeddable":true,"href":"https:\/\/assmgym.saintmedardasso.fr\/index.php?rest_route=\/wp\/v2\/users\/2"}],"replies":[{"embeddable":true,"href":"https:\/\/assmgym.saintmedardasso.fr\/index.php?rest_route=%2Fwp%2Fv2%2Fcomments&post=30"}],"version-history":[{"count":18,"href":"https:\/\/assmgym.saintmedardasso.fr\/index.php?rest_route=\/wp\/v2\/pages\/30\/revisions"}],"predecessor-version":[{"id":3526,"href":"https:\/\/assmgym.saintmedardasso.fr\/index.php?rest_route=\/wp\/v2\/pages\/30\/revisions\/3526"}],"up":[{"embeddable":true,"href":"https:\/\/assmgym.saintmedardasso.fr\/index.php?rest_route=\/wp\/v2\/pages\/16"}],"wp:attachment":[{"href":"https:\/\/assmgym.saintmedardasso.fr\/index.php?rest_route=%2Fwp%2Fv2%2Fmedia&parent=30"}],"curies":[{"name":"wp","href":"https:\/\/api.w.org\/{rel}","templated":true}]}}