{"id":2922,"date":"2025-10-09T12:10:34","date_gmt":"2025-10-09T10:10:34","guid":{"rendered":"https:\/\/assmgym.saintmedardasso.fr\/?page_id=2922"},"modified":"2025-11-01T14:37:07","modified_gmt":"2025-11-01T13:37:07","slug":"koalas","status":"publish","type":"page","link":"https:\/\/assmgym.saintmedardasso.fr\/?page_id=2922","title":{"rendered":"KOALAS"},"content":{"rendered":"\n<div class=\"wp-block-image\"><figure class=\"aligncenter size-large is-resized\"><a href=\"https:\/\/assmgym.saintmedardasso.fr\/wp-content\/uploads\/2025\/11\/IMG-20251101-WA0040-1.jpg\"><img loading=\"lazy\" src=\"https:\/\/assmgym.saintmedardasso.fr\/wp-content\/uploads\/2025\/11\/IMG-20251101-WA0040-1-1024x801.jpg\" alt=\"\" class=\"wp-image-3624\" width=\"416\" height=\"325\" srcset=\"https:\/\/assmgym.saintmedardasso.fr\/wp-content\/uploads\/2025\/11\/IMG-20251101-WA0040-1-1024x801.jpg 1024w, https:\/\/assmgym.saintmedardasso.fr\/wp-content\/uploads\/2025\/11\/IMG-20251101-WA0040-1-300x235.jpg 300w, https:\/\/assmgym.saintmedardasso.fr\/wp-content\/uploads\/2025\/11\/IMG-20251101-WA0040-1-768x601.jpg 768w, https:\/\/assmgym.saintmedardasso.fr\/wp-content\/uploads\/2025\/11\/IMG-20251101-WA0040-1-1536x1202.jpg 1536w, https:\/\/assmgym.saintmedardasso.fr\/wp-content\/uploads\/2025\/11\/IMG-20251101-WA0040-1.jpg 1600w\" sizes=\"(max-width: 416px) 100vw, 416px\" \/><\/a><figcaption>Entra\u00een\u00e9es par St\u00e9phanie<\/figcaption><\/figure><\/div>\n\n\n\n<p class=\"has-text-align-center\">L\u00e9na, L\u00e9ane, Romane AR, Alice, Ana\u00eblle, Romane AC<\/p>\n\n\n\n<div class=\"wp-block-image\"><figure class=\"aligncenter size-large is-resized\"><a href=\"https:\/\/assmgym.saintmedardasso.fr\/wp-content\/uploads\/2025\/11\/IMG-20251101-WA0034-1.jpg\"><img loading=\"lazy\" src=\"https:\/\/assmgym.saintmedardasso.fr\/wp-content\/uploads\/2025\/11\/IMG-20251101-WA0034-1-800x1024.jpg\" alt=\"\" class=\"wp-image-3625\" width=\"354\" height=\"453\" srcset=\"https:\/\/assmgym.saintmedardasso.fr\/wp-content\/uploads\/2025\/11\/IMG-20251101-WA0034-1-800x1024.jpg 800w, https:\/\/assmgym.saintmedardasso.fr\/wp-content\/uploads\/2025\/11\/IMG-20251101-WA0034-1-234x300.jpg 234w, https:\/\/assmgym.saintmedardasso.fr\/wp-content\/uploads\/2025\/11\/IMG-20251101-WA0034-1-768x983.jpg 768w, https:\/\/assmgym.saintmedardasso.fr\/wp-content\/uploads\/2025\/11\/IMG-20251101-WA0034-1-1200x1536.jpg 1200w, https:\/\/assmgym.saintmedardasso.fr\/wp-content\/uploads\/2025\/11\/IMG-20251101-WA0034-1.jpg 1250w\" sizes=\"(max-width: 354px) 100vw, 354px\" \/><\/a><\/figure><\/div>\n","protected":false},"excerpt":{"rendered":"<p>L\u00e9na, L\u00e9ane, Romane AR, Alice, Ana\u00eblle, Romane AC<\/p>\n","protected":false},"author":2,"featured_media":0,"parent":0,"menu_order":0,"comment_status":"closed","ping_status":"closed","template":"","meta":{"ngg_post_thumbnail":0},"_links":{"self":[{"href":"https:\/\/assmgym.saintmedardasso.fr\/index.php?rest_route=\/wp\/v2\/pages\/2922"}],"collection":[{"href":"https:\/\/assmgym.saintmedardasso.fr\/index.php?rest_route=\/wp\/v2\/pages"}],"about":[{"href":"https:\/\/assmgym.saintmedardasso.fr\/index.php?rest_route=\/wp\/v2\/types\/page"}],"author":[{"embeddable":true,"href":"https:\/\/assmgym.saintmedardasso.fr\/index.php?rest_route=\/wp\/v2\/users\/2"}],"replies":[{"embeddable":true,"href":"https:\/\/assmgym.saintmedardasso.fr\/index.php?rest_route=%2Fwp%2Fv2%2Fcomments&post=2922"}],"version-history":[{"count":3,"href":"https:\/\/assmgym.saintmedardasso.fr\/index.php?rest_route=\/wp\/v2\/pages\/2922\/revisions"}],"predecessor-version":[{"id":3626,"href":"https:\/\/assmgym.saintmedardasso.fr\/index.php?rest_route=\/wp\/v2\/pages\/2922\/revisions\/3626"}],"wp:attachment":[{"href":"https:\/\/assmgym.saintmedardasso.fr\/index.php?rest_route=%2Fwp%2Fv2%2Fmedia&parent=2922"}],"curies":[{"name":"wp","href":"https:\/\/api.w.org\/{rel}","templated":true}]}}