{"id":2919,"date":"2025-10-09T12:10:06","date_gmt":"2025-10-09T10:10:06","guid":{"rendered":"https:\/\/assmgym.saintmedardasso.fr\/?page_id=2919"},"modified":"2025-11-01T15:38:01","modified_gmt":"2025-11-01T14:38:01","slug":"gazelles","status":"publish","type":"page","link":"https:\/\/assmgym.saintmedardasso.fr\/?page_id=2919","title":{"rendered":"GAZELLES"},"content":{"rendered":"\n<figure class=\"wp-block-gallery has-nested-images columns-default is-cropped\">\n<figure class=\"wp-block-image size-large\"><a href=\"https:\/\/assmgym.saintmedardasso.fr\/wp-content\/uploads\/2025\/11\/IMG-20251101-WA0045.jpg\"><img loading=\"lazy\" width=\"1024\" height=\"965\" data-id=\"3642\"  src=\"https:\/\/assmgym.saintmedardasso.fr\/wp-content\/uploads\/2025\/11\/IMG-20251101-WA0045-1024x965.jpg\" alt=\"\" class=\"wp-image-3642\" srcset=\"https:\/\/assmgym.saintmedardasso.fr\/wp-content\/uploads\/2025\/11\/IMG-20251101-WA0045-1024x965.jpg 1024w, https:\/\/assmgym.saintmedardasso.fr\/wp-content\/uploads\/2025\/11\/IMG-20251101-WA0045-300x283.jpg 300w, https:\/\/assmgym.saintmedardasso.fr\/wp-content\/uploads\/2025\/11\/IMG-20251101-WA0045-768x724.jpg 768w, https:\/\/assmgym.saintmedardasso.fr\/wp-content\/uploads\/2025\/11\/IMG-20251101-WA0045-1536x1448.jpg 1536w, https:\/\/assmgym.saintmedardasso.fr\/wp-content\/uploads\/2025\/11\/IMG-20251101-WA0045.jpg 1600w\" sizes=\"(max-width: 1024px) 100vw, 1024px\" \/><\/a><figcaption>Entra\u00een\u00e9es par St\u00e9phanie<\/figcaption><\/figure>\n\n\n\n<figure class=\"wp-block-image size-large\"><a href=\"https:\/\/assmgym.saintmedardasso.fr\/wp-content\/uploads\/2025\/11\/IMG-20251101-WA0042.jpg\"><img loading=\"lazy\" width=\"1024\" height=\"772\" data-id=\"3643\"  src=\"https:\/\/assmgym.saintmedardasso.fr\/wp-content\/uploads\/2025\/11\/IMG-20251101-WA0042-1024x772.jpg\" alt=\"\" class=\"wp-image-3643\" srcset=\"https:\/\/assmgym.saintmedardasso.fr\/wp-content\/uploads\/2025\/11\/IMG-20251101-WA0042-1024x772.jpg 1024w, https:\/\/assmgym.saintmedardasso.fr\/wp-content\/uploads\/2025\/11\/IMG-20251101-WA0042-300x226.jpg 300w, https:\/\/assmgym.saintmedardasso.fr\/wp-content\/uploads\/2025\/11\/IMG-20251101-WA0042-768x579.jpg 768w, https:\/\/assmgym.saintmedardasso.fr\/wp-content\/uploads\/2025\/11\/IMG-20251101-WA0042-1536x1158.jpg 1536w, https:\/\/assmgym.saintmedardasso.fr\/wp-content\/uploads\/2025\/11\/IMG-20251101-WA0042.jpg 1600w\" sizes=\"(max-width: 1024px) 100vw, 1024px\" \/><\/a><\/figure>\n<\/figure>\n\n\n\n<p class=\"has-text-align-center\">Tha\u00efs, Sarah, Mila, Emilie, Charlotte, Lucie, Ambre, Camille, L\u00e9a, Anna et Elena<\/p>\n","protected":false},"excerpt":{"rendered":"<p>Tha\u00efs, Sarah, Mila, Emilie, Charlotte, Lucie, Ambre, Camille, L\u00e9a, Anna et Elena<\/p>\n","protected":false},"author":2,"featured_media":0,"parent":0,"menu_order":0,"comment_status":"closed","ping_status":"closed","template":"","meta":{"ngg_post_thumbnail":0},"_links":{"self":[{"href":"https:\/\/assmgym.saintmedardasso.fr\/index.php?rest_route=\/wp\/v2\/pages\/2919"}],"collection":[{"href":"https:\/\/assmgym.saintmedardasso.fr\/index.php?rest_route=\/wp\/v2\/pages"}],"about":[{"href":"https:\/\/assmgym.saintmedardasso.fr\/index.php?rest_route=\/wp\/v2\/types\/page"}],"author":[{"embeddable":true,"href":"https:\/\/assmgym.saintmedardasso.fr\/index.php?rest_route=\/wp\/v2\/users\/2"}],"replies":[{"embeddable":true,"href":"https:\/\/assmgym.saintmedardasso.fr\/index.php?rest_route=%2Fwp%2Fv2%2Fcomments&post=2919"}],"version-history":[{"count":4,"href":"https:\/\/assmgym.saintmedardasso.fr\/index.php?rest_route=\/wp\/v2\/pages\/2919\/revisions"}],"predecessor-version":[{"id":3662,"href":"https:\/\/assmgym.saintmedardasso.fr\/index.php?rest_route=\/wp\/v2\/pages\/2919\/revisions\/3662"}],"wp:attachment":[{"href":"https:\/\/assmgym.saintmedardasso.fr\/index.php?rest_route=%2Fwp%2Fv2%2Fmedia&parent=2919"}],"curies":[{"name":"wp","href":"https:\/\/api.w.org\/{rel}","templated":true}]}}