{"id":26,"date":"2014-08-22T20:27:43","date_gmt":"2014-08-22T19:27:43","guid":{"rendered":"http:\/\/assmgym.saintmedardasso.fr\/?page_id=26"},"modified":"2025-10-16T12:07:28","modified_gmt":"2025-10-16T10:07:28","slug":"les-activites","status":"publish","type":"page","link":"https:\/\/assmgym.saintmedardasso.fr\/?page_id=26","title":{"rendered":"LES ACTIVITES"},"content":{"rendered":"\n<div class=\"wp-container-1 wp-block-group\">\n<p class=\"has-text-align-center has-pale-cyan-blue-background-color has-background\"> <strong><em>Gymnastique Artistique F\u00e9minine<\/em> (GAF) &amp; <em>Gymnastique Artistique Masculine<\/em> (GAM)<\/strong><\/p><p>\u00a0<span style=\"font-family: inherit; font-size: inherit; font-weight: inherit;\">Loisirs &amp; comp\u00e9tition<\/span><span style=\"font-family: inherit; font-size: inherit; font-weight: inherit; text-align: initial;\"> &#8211; A partir de 15 mois <\/span><\/p>\n\n\n\n<p class=\"has-text-align-center has-pale-cyan-blue-background-color has-background\"><\/p><p>Pour tous ceux qui ont du cran et aiment perturber leur \u00e9quilibre naturel, ce sport vous permet d&rsquo;\u00e9voluer sur des encha\u00eenements r\u00e9unissant acrobaties et chor\u00e9graphies.<\/p>\n<\/div>\n\n\n\n<div class=\"wp-block-columns\">\n<div class=\"wp-block-column\" style=\"flex-basis:50%\">\n<div class=\"wp-container-2 wp-block-group\">\n<div class=\"wp-block-image\"><figure class=\"aligncenter is-resized\"><img loading=\"lazy\" src=\"https:\/\/bernard-lefort-eps.fr\/gym\/paral_anime\/bascule%20dorsale%20au%20dessus.gif\" alt=\"\" width=\"221\" height=\"200\"\/><\/figure><\/div>\n<\/div>\n<\/div>\n\n\n\n<div class=\"wp-block-column\" style=\"flex-basis:50%\">\n<p class=\"has-text-align-center\"><figure><a href=\"http:\/\/assmgym.saintmedardasso.fr\/wp-content\/uploads\/2025\/10\/GymnastCartWheelGIF.gif\"><img loading=\"lazy\" width=\"230\" height=\"240\" class=\"aligncenter size-full wp-image-2979\" src=\"http:\/\/assmgym.saintmedardasso.fr\/wp-content\/uploads\/2025\/10\/GymnastCartWheelGIF.gif\" alt=\"\"\/><\/a><\/figure><\/p>\n<\/div>\n<\/div>\n\n\n\n<figure class=\"wp-block-image size-large\"><a href=\"https:\/\/assmgym.saintmedardasso.fr\/wp-content\/uploads\/2025\/10\/Planning-general-des-cours.jpg\"><img loading=\"lazy\" width=\"1024\" height=\"573\" src=\"https:\/\/assmgym.saintmedardasso.fr\/wp-content\/uploads\/2025\/10\/Planning-general-des-cours-1024x573.jpg\" alt=\"\" class=\"wp-image-3049\" srcset=\"https:\/\/assmgym.saintmedardasso.fr\/wp-content\/uploads\/2025\/10\/Planning-general-des-cours-1024x573.jpg 1024w, https:\/\/assmgym.saintmedardasso.fr\/wp-content\/uploads\/2025\/10\/Planning-general-des-cours-300x168.jpg 300w, https:\/\/assmgym.saintmedardasso.fr\/wp-content\/uploads\/2025\/10\/Planning-general-des-cours-768x430.jpg 768w, https:\/\/assmgym.saintmedardasso.fr\/wp-content\/uploads\/2025\/10\/Planning-general-des-cours.jpg 1071w\" sizes=\"(max-width: 1024px) 100vw, 1024px\" \/><\/a><\/figure>\n\n\n\n<p><\/p>\n","protected":false},"excerpt":{"rendered":"<p>Gymnastique Artistique F\u00e9minine (GAF) &amp; Gymnastique Artistique Masculine (GAM) \u00a0Loisirs &amp; comp\u00e9tition &#8211; A partir de 15 mois Pour tous ceux qui ont du [&#8230;]<\/p>\n","protected":false},"author":2,"featured_media":0,"parent":16,"menu_order":0,"comment_status":"closed","ping_status":"closed","template":"","meta":{"ngg_post_thumbnail":0},"_links":{"self":[{"href":"https:\/\/assmgym.saintmedardasso.fr\/index.php?rest_route=\/wp\/v2\/pages\/26"}],"collection":[{"href":"https:\/\/assmgym.saintmedardasso.fr\/index.php?rest_route=\/wp\/v2\/pages"}],"about":[{"href":"https:\/\/assmgym.saintmedardasso.fr\/index.php?rest_route=\/wp\/v2\/types\/page"}],"author":[{"embeddable":true,"href":"https:\/\/assmgym.saintmedardasso.fr\/index.php?rest_route=\/wp\/v2\/users\/2"}],"replies":[{"embeddable":true,"href":"https:\/\/assmgym.saintmedardasso.fr\/index.php?rest_route=%2Fwp%2Fv2%2Fcomments&post=26"}],"version-history":[{"count":11,"href":"https:\/\/assmgym.saintmedardasso.fr\/index.php?rest_route=\/wp\/v2\/pages\/26\/revisions"}],"predecessor-version":[{"id":3059,"href":"https:\/\/assmgym.saintmedardasso.fr\/index.php?rest_route=\/wp\/v2\/pages\/26\/revisions\/3059"}],"up":[{"embeddable":true,"href":"https:\/\/assmgym.saintmedardasso.fr\/index.php?rest_route=\/wp\/v2\/pages\/16"}],"wp:attachment":[{"href":"https:\/\/assmgym.saintmedardasso.fr\/index.php?rest_route=%2Fwp%2Fv2%2Fmedia&parent=26"}],"curies":[{"name":"wp","href":"https:\/\/api.w.org\/{rel}","templated":true}]}}