{"id":1233,"date":"2016-12-29T10:53:51","date_gmt":"2016-12-29T09:53:51","guid":{"rendered":"http:\/\/assmgym.saintmedardasso.fr\/?page_id=1233"},"modified":"2025-11-01T17:08:04","modified_gmt":"2025-11-01T16:08:04","slug":"coccinelles","status":"publish","type":"page","link":"https:\/\/assmgym.saintmedardasso.fr\/?page_id=1233","title":{"rendered":"COCCINELLES"},"content":{"rendered":"\n<div class=\"wp-block-image\"><figure class=\"aligncenter size-large is-resized\"><a href=\"https:\/\/assmgym.saintmedardasso.fr\/wp-content\/uploads\/2025\/11\/IMG-20251101-WA0046.jpg\"><img loading=\"lazy\" src=\"https:\/\/assmgym.saintmedardasso.fr\/wp-content\/uploads\/2025\/11\/IMG-20251101-WA0046-1024x778.jpg\" alt=\"\" class=\"wp-image-3646\" width=\"601\" height=\"456\" srcset=\"https:\/\/assmgym.saintmedardasso.fr\/wp-content\/uploads\/2025\/11\/IMG-20251101-WA0046-1024x778.jpg 1024w, https:\/\/assmgym.saintmedardasso.fr\/wp-content\/uploads\/2025\/11\/IMG-20251101-WA0046-300x228.jpg 300w, https:\/\/assmgym.saintmedardasso.fr\/wp-content\/uploads\/2025\/11\/IMG-20251101-WA0046-768x584.jpg 768w, https:\/\/assmgym.saintmedardasso.fr\/wp-content\/uploads\/2025\/11\/IMG-20251101-WA0046-1536x1167.jpg 1536w, https:\/\/assmgym.saintmedardasso.fr\/wp-content\/uploads\/2025\/11\/IMG-20251101-WA0046.jpg 1600w\" sizes=\"(max-width: 601px) 100vw, 601px\" \/><\/a><figcaption>Entra\u00een\u00e9es par Ga\u00eblle<\/figcaption><\/figure><\/div>\n\n\n\n<p class=\"has-text-align-center\">Toscane, Agathe, H\u00e9lo\u00efse, Laura, B\u00e9lina, Capucine, B\u00e9r\u00e9nice, Mila, Loane, In\u00e8s, L\u00e9a<\/p>\n","protected":false},"excerpt":{"rendered":"<p>Toscane, Agathe, H\u00e9lo\u00efse, Laura, B\u00e9lina, Capucine, B\u00e9r\u00e9nice, Mila, Loane, In\u00e8s, L\u00e9a<\/p>\n","protected":false},"author":2,"featured_media":0,"parent":167,"menu_order":0,"comment_status":"closed","ping_status":"closed","template":"","meta":{"ngg_post_thumbnail":0},"_links":{"self":[{"href":"https:\/\/assmgym.saintmedardasso.fr\/index.php?rest_route=\/wp\/v2\/pages\/1233"}],"collection":[{"href":"https:\/\/assmgym.saintmedardasso.fr\/index.php?rest_route=\/wp\/v2\/pages"}],"about":[{"href":"https:\/\/assmgym.saintmedardasso.fr\/index.php?rest_route=\/wp\/v2\/types\/page"}],"author":[{"embeddable":true,"href":"https:\/\/assmgym.saintmedardasso.fr\/index.php?rest_route=\/wp\/v2\/users\/2"}],"replies":[{"embeddable":true,"href":"https:\/\/assmgym.saintmedardasso.fr\/index.php?rest_route=%2Fwp%2Fv2%2Fcomments&post=1233"}],"version-history":[{"count":4,"href":"https:\/\/assmgym.saintmedardasso.fr\/index.php?rest_route=\/wp\/v2\/pages\/1233\/revisions"}],"predecessor-version":[{"id":3663,"href":"https:\/\/assmgym.saintmedardasso.fr\/index.php?rest_route=\/wp\/v2\/pages\/1233\/revisions\/3663"}],"up":[{"embeddable":true,"href":"https:\/\/assmgym.saintmedardasso.fr\/index.php?rest_route=\/wp\/v2\/pages\/167"}],"wp:attachment":[{"href":"https:\/\/assmgym.saintmedardasso.fr\/index.php?rest_route=%2Fwp%2Fv2%2Fmedia&parent=1233"}],"curies":[{"name":"wp","href":"https:\/\/api.w.org\/{rel}","templated":true}]}}